{"id":25965,"date":"2022-11-24T11:03:04","date_gmt":"2022-11-24T11:03:04","guid":{"rendered":"http:\/\/www.sakababeauty.com\/?post_type=product&#038;p=25965"},"modified":"2022-11-24T11:03:04","modified_gmt":"2022-11-24T11:03:04","slug":"the-mane-choice-super-antioxidant-texture-beautifier-shampoo","status":"publish","type":"product","link":"https:\/\/sakaba.mghosteur.com\/en\/product\/the-mane-choice-super-antioxidant-texture-beautifier-shampoo\/","title":{"rendered":"THE MANE CHOICE SUPER ANTIOXIDANT &#038; TEXTURE BEAUTIFIER SHAMPOO"},"content":{"rendered":"","protected":false},"excerpt":{"rendered":"","protected":false},"featured_media":0,"comment_status":"closed","ping_status":"closed","template":"","meta":[],"product_brand":[],"product_cat":[284,368,339],"product_tag":[],"class_list":{"0":"post-25965","1":"product","2":"type-product","3":"status-publish","5":"product_cat-aad-cheveux","6":"product_cat-shampoing-et-apres-shampoing","7":"product_cat-soin-cheveux","9":"first","10":"instock","11":"shipping-taxable","12":"product-type-simple"},"jetpack-related-posts":[{"id":26372,"url":"https:\/\/sakaba.mghosteur.com\/en\/product\/paula-choice-super-antioxidant-concentrate-serum\/","url_meta":{"origin":25965,"position":0},"title":"PAULA CHOICE SUPER ANTIOXIDANT CONCENTRATE SERUM","author":"admin","date":"November 25, 2022","format":false,"excerpt":"Le Skin Balancing Super Antioxidant Concentrate Serum de PAULA'S CHOICE est un s\u00e9rum protecteur et anti-inflammatoire qui convient particuli\u00e8rement aux peaux grasses. Il contient du r\u00e9tinol dos\u00e9 tr\u00e8s faiblement \u00e0 0,03%, ce qui le rend adapt\u00e9 aux d\u00e9butants. Avec sa texture fluide et silicon\u00e9e, il assure un teint d'apparence fine,\u2026","rel":"","context":"Similar post","block_context":{"text":"Similar post","link":""},"img":{"alt_text":"","src":"","width":0,"height":0},"classes":[]},{"id":25961,"url":"https:\/\/sakaba.mghosteur.com\/en\/product\/the-mane-choice-deep-hydration-shampoo\/","url_meta":{"origin":25965,"position":1},"title":"THE MANE CHOICE DEEP HYDRATION SHAMPOO","author":"admin","date":"November 24, 2022","format":false,"excerpt":"","rel":"","context":"Similar post","block_context":{"text":"Similar post","link":""},"img":{"alt_text":"","src":"","width":0,"height":0},"classes":[]},{"id":26845,"url":"https:\/\/sakaba.mghosteur.com\/en\/product\/paula-choice-c15-super-booster-2\/","url_meta":{"origin":25965,"position":2},"title":"PAULA CHOICE C5 SUPER BOOST MOISTURIZER","author":"admin","date":"November 28, 2022","format":false,"excerpt":"Le Hydratant Super Boost C5 de Paula's Choice est un produit multi-actif qui hydrate votre peau tout en vous offrant des bienfaits anti-\u00e2ge. Avec une formule cliniquement prouv\u00e9e, cet hydratant combine une hydratation efficace avec 5% de vitamine C stabilis\u00e9e pour \u00e9claircir votre teint terne. Le Hexapeptide-5 renforce la fermet\u00e9\u2026","rel":"","context":"Similar post","block_context":{"text":"Similar post","link":""},"img":{"alt_text":"","src":"","width":0,"height":0},"classes":[]},{"id":26889,"url":"https:\/\/sakaba.mghosteur.com\/en\/product\/paulas-choice-antioxidant-pore-purifier\/","url_meta":{"origin":25965,"position":3},"title":"PAULA&#8217;S CHOICE ANTIOXIDANT PORE PURIFIER","author":"admin","date":"November 28, 2022","format":false,"excerpt":"Le Defense Antioxidant Pore Purifier de Paula's Choice est un traitement illuminant pour tous types de peaux. Ce produit est con\u00e7u pour aider \u00e0 r\u00e9duire les signes de l'\u00e2ge, am\u00e9liorer l'apparence des pores dilat\u00e9s et redonner de l'\u00e9clat \u00e0 la peau terne. Il est \u00e9galement formul\u00e9 pour prot\u00e9ger la peau\u2026","rel":"","context":"Similar post","block_context":{"text":"Similar post","link":""},"img":{"alt_text":"","src":"","width":0,"height":0},"classes":[]},{"id":25963,"url":"https:\/\/sakaba.mghosteur.com\/en\/product\/the-mane-choice-growth-oil\/","url_meta":{"origin":25965,"position":4},"title":"The Mane Choice Growth Oil","author":"admin","date":"November 24, 2022","format":false,"excerpt":"","rel":"","context":"Similar post","block_context":{"text":"Similar post","link":""},"img":{"alt_text":"","src":"","width":0,"height":0},"classes":[]},{"id":25959,"url":"https:\/\/sakaba.mghosteur.com\/en\/product\/the-mane-choice-hair-vitamin-capsules\/","url_meta":{"origin":25965,"position":5},"title":"THE MANE CHOICE HAIR VITAMIN CAPSULES","author":"admin","date":"November 24, 2022","format":false,"excerpt":"","rel":"","context":"Similar post","block_context":{"text":"Similar post","link":""},"img":{"alt_text":"","src":"","width":0,"height":0},"classes":[]}],"_links":{"self":[{"href":"https:\/\/sakaba.mghosteur.com\/en\/wp-json\/wp\/v2\/product\/25965","targetHints":{"allow":["GET"]}}],"collection":[{"href":"https:\/\/sakaba.mghosteur.com\/en\/wp-json\/wp\/v2\/product"}],"about":[{"href":"https:\/\/sakaba.mghosteur.com\/en\/wp-json\/wp\/v2\/types\/product"}],"replies":[{"embeddable":true,"href":"https:\/\/sakaba.mghosteur.com\/en\/wp-json\/wp\/v2\/comments?post=25965"}],"version-history":[{"count":0,"href":"https:\/\/sakaba.mghosteur.com\/en\/wp-json\/wp\/v2\/product\/25965\/revisions"}],"wp:attachment":[{"href":"https:\/\/sakaba.mghosteur.com\/en\/wp-json\/wp\/v2\/media?parent=25965"}],"wp:term":[{"taxonomy":"product_brand","embeddable":true,"href":"https:\/\/sakaba.mghosteur.com\/en\/wp-json\/wp\/v2\/product_brand?post=25965"},{"taxonomy":"product_cat","embeddable":true,"href":"https:\/\/sakaba.mghosteur.com\/en\/wp-json\/wp\/v2\/product_cat?post=25965"},{"taxonomy":"product_tag","embeddable":true,"href":"https:\/\/sakaba.mghosteur.com\/en\/wp-json\/wp\/v2\/product_tag?post=25965"}],"curies":[{"name":"wp","href":"https:\/\/api.w.org\/{rel}","templated":true}]}}