{"id":26014,"date":"2022-11-24T11:17:20","date_gmt":"2022-11-24T11:17:20","guid":{"rendered":"http:\/\/www.sakababeauty.com\/?post_type=product&#038;p=26014"},"modified":"2022-11-24T11:17:21","modified_gmt":"2022-11-24T11:17:21","slug":"creme-of-nature-argan-oil-from-marocco-perfect-edg","status":"publish","type":"product","link":"https:\/\/sakaba.mghosteur.com\/en\/product\/creme-of-nature-argan-oil-from-marocco-perfect-edg\/","title":{"rendered":"Creme Of Nature Argan Oil From Marocco Perfect Edg"},"content":{"rendered":"","protected":false},"excerpt":{"rendered":"","protected":false},"featured_media":0,"comment_status":"closed","ping_status":"closed","template":"","meta":[],"product_brand":[],"product_cat":[284,368],"product_tag":[],"class_list":{"0":"post-26014","1":"product","2":"type-product","3":"status-publish","5":"product_cat-aad-cheveux","6":"product_cat-shampoing-et-apres-shampoing","8":"first","9":"instock","10":"shipping-taxable","11":"product-type-simple"},"jetpack-related-posts":[{"id":26020,"url":"https:\/\/sakaba.mghosteur.com\/en\/product\/creme-of-nature-100-pure-argan-oil-1-oz\/","url_meta":{"origin":26014,"position":0},"title":"Creme Of Nature 100% Pure Argan Oil 1 oz","author":"admin","date":"November 24, 2022","format":false,"excerpt":"","rel":"","context":"Similar post","block_context":{"text":"Similar post","link":""},"img":{"alt_text":"","src":"","width":0,"height":0},"classes":[]},{"id":26016,"url":"https:\/\/sakaba.mghosteur.com\/en\/product\/creme-of-nature-argan-oil-day-night-hair-scalp-conditioner-hair-dress\/","url_meta":{"origin":26014,"position":1},"title":"Creme Of Nature Argan Oil Day &#038; Night Hair &#038; Scalp Conditioner Hair Dress","author":"admin","date":"November 24, 2022","format":false,"excerpt":"","rel":"","context":"Similar post","block_context":{"text":"Similar post","link":""},"img":{"alt_text":"","src":"","width":0,"height":0},"classes":[]},{"id":35988,"url":"https:\/\/sakaba.mghosteur.com\/en\/product\/medix-5-5-argan-oil-vitamin-e-body-treatmen-444ml\/","url_meta":{"origin":26014,"position":2},"title":"MEDIX 5.5 ARGAN OIL+ VITAMIN E BODY TREATMEN 444ML","author":"admin","date":"August 10, 2024","format":false,"excerpt":"Le soin corporel \u00e0 l'huile d'argan et \u00e0 la vitamine E Medix 5.5 est une cr\u00e8me de 15 fl oz qui utilise des ingr\u00e9dients naturels pour aider \u00e0 r\u00e9duire l'apparence des rides, des ridules, de la cellulite, du rel\u00e2chement cutan\u00e9 et des imperfections. Il est sans alcool, sans paraben et\u2026","rel":"","context":"Similar post","block_context":{"text":"Similar post","link":""},"img":{"alt_text":"","src":"","width":0,"height":0},"classes":[]},{"id":30026,"url":"https:\/\/sakaba.mghosteur.com\/en\/product\/jergens-deep-restoring-argan\/","url_meta":{"origin":26014,"position":3},"title":"JERGENS DEEP RESTORING ARGAN","author":"admin","date":"May 2, 2023","format":false,"excerpt":"D\u00e9couvrez l'hydratant Jergens Deep Restoring \u00e0 l'huile d'argan de la marque Satin Skin, une lotion apaisante pour le corps et les mains. Cette formule nourrissante et r\u00e9paratrice est infus\u00e9e avec des ingr\u00e9dients essentiels pour offrir une hydratation quotidienne \u00e0 votre peau. L'huile d'argan, souvent appel\u00e9e \"or liquide\", associ\u00e9e \u00e0 la\u2026","rel":"","context":"Similar post","block_context":{"text":"Similar post","link":""},"img":{"alt_text":"","src":"","width":0,"height":0},"classes":[]},{"id":32353,"url":"https:\/\/sakaba.mghosteur.com\/en\/product\/palmers-skin-therapy-oil-pure-argan-oil-60-ml\/","url_meta":{"origin":26014,"position":4},"title":"PALMERS SKIN THERAPY OIL PURE ARGAN OIL 60 ML","author":"admin","date":"May 14, 2024","format":false,"excerpt":"","rel":"","context":"Similar post","block_context":{"text":"Similar post","link":""},"img":{"alt_text":"","src":"","width":0,"height":0},"classes":[]},{"id":24648,"url":"https:\/\/sakaba.mghosteur.com\/en\/product\/hask-argan-oil-repairing-shampoo\/","url_meta":{"origin":26014,"position":5},"title":"HASK ARGAN OIL REPAIRING SHAMPOO","author":"admin","date":"November 10, 2022","format":false,"excerpt":"","rel":"","context":"Similar post","block_context":{"text":"Similar post","link":""},"img":{"alt_text":"","src":"","width":0,"height":0},"classes":[]}],"_links":{"self":[{"href":"https:\/\/sakaba.mghosteur.com\/en\/wp-json\/wp\/v2\/product\/26014","targetHints":{"allow":["GET"]}}],"collection":[{"href":"https:\/\/sakaba.mghosteur.com\/en\/wp-json\/wp\/v2\/product"}],"about":[{"href":"https:\/\/sakaba.mghosteur.com\/en\/wp-json\/wp\/v2\/types\/product"}],"replies":[{"embeddable":true,"href":"https:\/\/sakaba.mghosteur.com\/en\/wp-json\/wp\/v2\/comments?post=26014"}],"version-history":[{"count":0,"href":"https:\/\/sakaba.mghosteur.com\/en\/wp-json\/wp\/v2\/product\/26014\/revisions"}],"wp:attachment":[{"href":"https:\/\/sakaba.mghosteur.com\/en\/wp-json\/wp\/v2\/media?parent=26014"}],"wp:term":[{"taxonomy":"product_brand","embeddable":true,"href":"https:\/\/sakaba.mghosteur.com\/en\/wp-json\/wp\/v2\/product_brand?post=26014"},{"taxonomy":"product_cat","embeddable":true,"href":"https:\/\/sakaba.mghosteur.com\/en\/wp-json\/wp\/v2\/product_cat?post=26014"},{"taxonomy":"product_tag","embeddable":true,"href":"https:\/\/sakaba.mghosteur.com\/en\/wp-json\/wp\/v2\/product_tag?post=26014"}],"curies":[{"name":"wp","href":"https:\/\/api.w.org\/{rel}","templated":true}]}}