{"id":26018,"date":"2022-11-24T11:26:16","date_gmt":"2022-11-24T11:26:16","guid":{"rendered":"http:\/\/www.sakababeauty.com\/?post_type=product&#038;p=26018"},"modified":"2024-09-01T03:23:47","modified_gmt":"2024-09-01T03:23:47","slug":"wild-growth-hair-oil","status":"publish","type":"product","link":"https:\/\/sakaba.mghosteur.com\/en\/product\/wild-growth-hair-oil\/","title":{"rendered":"Wild Growth Hair Oil"},"content":{"rendered":"<p>L&#8217;huile capillaire Wild Growth est une formule \u00e0 base de plantes qui hydrate, revitalise et adoucit les cheveux. Elle peut \u00eatre utilis\u00e9e sur les cheveux secs, emm\u00eal\u00e9s et difficiles \u00e0 coiffer pour les rendre plus doux, plus sains et moins sujets aux pointes fourchues et aux cassures. Elle favorise \u00e9galement une croissance forte et \u00e9paisse des cheveux pour tous les types de cheveux<\/p>","protected":false},"excerpt":{"rendered":"<p>L&#8217;huile capillaire Wild Growth est une formule \u00e0 base de plantes qui hydrate, revitalise et adoucit les cheveux. Elle peut \u00eatre utilis\u00e9e sur les cheveux secs, emm\u00eal\u00e9s et difficiles \u00e0 coiffer pour les rendre plus doux, plus sains et moins sujets aux pointes fourchues et aux cassures. Elle favorise \u00e9galement une croissance forte et \u00e9paisse<span class=\"read-more-faq\"><a href=\"https:\/\/sakaba.mghosteur.com\/en\/product\/wild-growth-hair-oil\/\">Read More<\/a><\/span><\/p>","protected":false},"featured_media":0,"comment_status":"closed","ping_status":"closed","template":"","meta":[],"product_brand":[],"product_cat":[284,1063],"product_tag":[],"class_list":{"0":"post-26018","1":"product","2":"type-product","3":"status-publish","5":"product_cat-aad-cheveux","6":"product_cat-traitement-capilaire","8":"first","9":"instock","10":"shipping-taxable","11":"product-type-simple"},"jetpack-related-posts":[{"id":25774,"url":"https:\/\/sakaba.mghosteur.com\/en\/product\/ultra-growth-basil-castor-oil-hair-growth-oil\/","url_meta":{"origin":26018,"position":0},"title":"ULTRA GROWTH BASIL &#038; CASTOR OIL hair growth oil","author":"admin","date":"November 22, 2022","format":false,"excerpt":"","rel":"","context":"Similar post","block_context":{"text":"Similar post","link":""},"img":{"alt_text":"","src":"","width":0,"height":0},"classes":[]},{"id":25752,"url":"https:\/\/sakaba.mghosteur.com\/en\/product\/bio-7-biotin-growth-drop\/","url_meta":{"origin":26018,"position":1},"title":"Bio 7 &#8211; Biotin Growth Drop","author":"admin","date":"November 22, 2022","format":false,"excerpt":"","rel":"","context":"Similar post","block_context":{"text":"Similar post","link":""},"img":{"alt_text":"","src":"","width":0,"height":0},"classes":[]},{"id":25963,"url":"https:\/\/sakaba.mghosteur.com\/en\/product\/the-mane-choice-growth-oil\/","url_meta":{"origin":26018,"position":2},"title":"The Mane Choice Growth Oil","author":"admin","date":"November 24, 2022","format":false,"excerpt":"","rel":"","context":"Similar post","block_context":{"text":"Similar post","link":""},"img":{"alt_text":"","src":"","width":0,"height":0},"classes":[]},{"id":26024,"url":"https:\/\/sakaba.mghosteur.com\/en\/product\/camille-cocoa-nibs-honey-ultimate-growth-serum\/","url_meta":{"origin":26018,"position":3},"title":"CAMILLE COCOA NIBS &#038; HONEY ULTIMATE GROWTH SERUM","author":"admin","date":"November 24, 2022","format":false,"excerpt":"","rel":"","context":"Similar post","block_context":{"text":"Similar post","link":""},"img":{"alt_text":"","src":"","width":0,"height":0},"classes":[]},{"id":25770,"url":"https:\/\/sakaba.mghosteur.com\/en\/product\/ultimate-originals-therapy-coconut-oil-stimulating-growth-oil\/","url_meta":{"origin":26018,"position":4},"title":"Ultimate Originals Therapy Coconut Oil Stimulating Growth Oil","author":"admin","date":"November 22, 2022","format":false,"excerpt":"","rel":"","context":"Similar post","block_context":{"text":"Similar post","link":""},"img":{"alt_text":"","src":"","width":0,"height":0},"classes":[]},{"id":25772,"url":"https:\/\/sakaba.mghosteur.com\/en\/product\/africa-s-best-ultimate-originals-arganoil-stimulating-growth-oil\/","url_meta":{"origin":26018,"position":5},"title":"Africa&#8217; s Best Ultimate Originals ArganOil Stimulating Growth Oil","author":"admin","date":"November 22, 2022","format":false,"excerpt":"","rel":"","context":"Similar post","block_context":{"text":"Similar post","link":""},"img":{"alt_text":"","src":"","width":0,"height":0},"classes":[]}],"_links":{"self":[{"href":"https:\/\/sakaba.mghosteur.com\/en\/wp-json\/wp\/v2\/product\/26018","targetHints":{"allow":["GET"]}}],"collection":[{"href":"https:\/\/sakaba.mghosteur.com\/en\/wp-json\/wp\/v2\/product"}],"about":[{"href":"https:\/\/sakaba.mghosteur.com\/en\/wp-json\/wp\/v2\/types\/product"}],"replies":[{"embeddable":true,"href":"https:\/\/sakaba.mghosteur.com\/en\/wp-json\/wp\/v2\/comments?post=26018"}],"version-history":[{"count":0,"href":"https:\/\/sakaba.mghosteur.com\/en\/wp-json\/wp\/v2\/product\/26018\/revisions"}],"wp:attachment":[{"href":"https:\/\/sakaba.mghosteur.com\/en\/wp-json\/wp\/v2\/media?parent=26018"}],"wp:term":[{"taxonomy":"product_brand","embeddable":true,"href":"https:\/\/sakaba.mghosteur.com\/en\/wp-json\/wp\/v2\/product_brand?post=26018"},{"taxonomy":"product_cat","embeddable":true,"href":"https:\/\/sakaba.mghosteur.com\/en\/wp-json\/wp\/v2\/product_cat?post=26018"},{"taxonomy":"product_tag","embeddable":true,"href":"https:\/\/sakaba.mghosteur.com\/en\/wp-json\/wp\/v2\/product_tag?post=26018"}],"curies":[{"name":"wp","href":"https:\/\/api.w.org\/{rel}","templated":true}]}}