{"id":26020,"date":"2022-11-24T11:27:50","date_gmt":"2022-11-24T11:27:50","guid":{"rendered":"http:\/\/www.sakababeauty.com\/?post_type=product&#038;p=26020"},"modified":"2022-11-24T11:27:50","modified_gmt":"2022-11-24T11:27:50","slug":"creme-of-nature-100-pure-argan-oil-1-oz","status":"publish","type":"product","link":"https:\/\/sakaba.mghosteur.com\/en\/product\/creme-of-nature-100-pure-argan-oil-1-oz\/","title":{"rendered":"Creme Of Nature 100% Pure Argan Oil 1 oz"},"content":{"rendered":"","protected":false},"excerpt":{"rendered":"","protected":false},"featured_media":0,"comment_status":"closed","ping_status":"closed","template":"","meta":[],"product_brand":[],"product_cat":[284,339],"product_tag":[],"class_list":{"0":"post-26020","1":"product","2":"type-product","3":"status-publish","5":"product_cat-aad-cheveux","6":"product_cat-soin-cheveux","8":"first","9":"instock","10":"shipping-taxable","11":"product-type-simple"},"jetpack-related-posts":[{"id":26014,"url":"https:\/\/sakaba.mghosteur.com\/en\/product\/creme-of-nature-argan-oil-from-marocco-perfect-edg\/","url_meta":{"origin":26020,"position":0},"title":"Creme Of Nature Argan Oil From Marocco Perfect Edg","author":"admin","date":"November 24, 2022","format":false,"excerpt":"","rel":"","context":"Similar post","block_context":{"text":"Similar post","link":""},"img":{"alt_text":"","src":"","width":0,"height":0},"classes":[]},{"id":26016,"url":"https:\/\/sakaba.mghosteur.com\/en\/product\/creme-of-nature-argan-oil-day-night-hair-scalp-conditioner-hair-dress\/","url_meta":{"origin":26020,"position":1},"title":"Creme Of Nature Argan Oil Day &#038; Night Hair &#038; Scalp Conditioner Hair Dress","author":"admin","date":"November 24, 2022","format":false,"excerpt":"","rel":"","context":"Similar post","block_context":{"text":"Similar post","link":""},"img":{"alt_text":"","src":"","width":0,"height":0},"classes":[]},{"id":27089,"url":"https:\/\/sakaba.mghosteur.com\/en\/product\/by-natures-100-pure-natural-beard-oil\/","url_meta":{"origin":26020,"position":2},"title":"By natures 100% pure natural beard oil","author":"admin","date":"November 28, 2022","format":false,"excerpt":"","rel":"","context":"Similar post","block_context":{"text":"Similar post","link":""},"img":{"alt_text":"","src":"","width":0,"height":0},"classes":[]},{"id":35988,"url":"https:\/\/sakaba.mghosteur.com\/en\/product\/medix-5-5-argan-oil-vitamin-e-body-treatmen-444ml\/","url_meta":{"origin":26020,"position":3},"title":"MEDIX 5.5 ARGAN OIL+ VITAMIN E BODY TREATMEN 444ML","author":"admin","date":"August 10, 2024","format":false,"excerpt":"Le soin corporel \u00e0 l'huile d'argan et \u00e0 la vitamine E Medix 5.5 est une cr\u00e8me de 15 fl oz qui utilise des ingr\u00e9dients naturels pour aider \u00e0 r\u00e9duire l'apparence des rides, des ridules, de la cellulite, du rel\u00e2chement cutan\u00e9 et des imperfections. Il est sans alcool, sans paraben et\u2026","rel":"","context":"Similar post","block_context":{"text":"Similar post","link":""},"img":{"alt_text":"","src":"","width":0,"height":0},"classes":[]},{"id":25758,"url":"https:\/\/sakaba.mghosteur.com\/en\/product\/by-natures-100-pure-ex-virgin-olive-oil-nourishing-moisturizing\/","url_meta":{"origin":26020,"position":4},"title":"By Natures 100% PURE Ex Virgin OLive Oil Nourishing Moisturizing","author":"admin","date":"November 22, 2022","format":false,"excerpt":"","rel":"","context":"Similar post","block_context":{"text":"Similar post","link":""},"img":{"alt_text":"","src":"","width":0,"height":0},"classes":[]},{"id":32353,"url":"https:\/\/sakaba.mghosteur.com\/en\/product\/palmers-skin-therapy-oil-pure-argan-oil-60-ml\/","url_meta":{"origin":26020,"position":5},"title":"PALMERS SKIN THERAPY OIL PURE ARGAN OIL 60 ML","author":"admin","date":"May 14, 2024","format":false,"excerpt":"","rel":"","context":"Similar post","block_context":{"text":"Similar post","link":""},"img":{"alt_text":"","src":"","width":0,"height":0},"classes":[]}],"_links":{"self":[{"href":"https:\/\/sakaba.mghosteur.com\/en\/wp-json\/wp\/v2\/product\/26020","targetHints":{"allow":["GET"]}}],"collection":[{"href":"https:\/\/sakaba.mghosteur.com\/en\/wp-json\/wp\/v2\/product"}],"about":[{"href":"https:\/\/sakaba.mghosteur.com\/en\/wp-json\/wp\/v2\/types\/product"}],"replies":[{"embeddable":true,"href":"https:\/\/sakaba.mghosteur.com\/en\/wp-json\/wp\/v2\/comments?post=26020"}],"version-history":[{"count":0,"href":"https:\/\/sakaba.mghosteur.com\/en\/wp-json\/wp\/v2\/product\/26020\/revisions"}],"wp:attachment":[{"href":"https:\/\/sakaba.mghosteur.com\/en\/wp-json\/wp\/v2\/media?parent=26020"}],"wp:term":[{"taxonomy":"product_brand","embeddable":true,"href":"https:\/\/sakaba.mghosteur.com\/en\/wp-json\/wp\/v2\/product_brand?post=26020"},{"taxonomy":"product_cat","embeddable":true,"href":"https:\/\/sakaba.mghosteur.com\/en\/wp-json\/wp\/v2\/product_cat?post=26020"},{"taxonomy":"product_tag","embeddable":true,"href":"https:\/\/sakaba.mghosteur.com\/en\/wp-json\/wp\/v2\/product_tag?post=26020"}],"curies":[{"name":"wp","href":"https:\/\/api.w.org\/{rel}","templated":true}]}}