{"id":26022,"date":"2022-11-24T11:30:05","date_gmt":"2022-11-24T11:30:05","guid":{"rendered":"http:\/\/www.sakababeauty.com\/?post_type=product&#038;p=26022"},"modified":"2022-11-24T11:30:06","modified_gmt":"2022-11-24T11:30:06","slug":"blackcastor-oil-vitamin-e-oil-of-palma-christi","status":"publish","type":"product","link":"https:\/\/sakaba.mghosteur.com\/en\/product\/blackcastor-oil-vitamin-e-oil-of-palma-christi\/","title":{"rendered":"BLACKCASTOR OIL VITAMIN E OIL OF PALMA CHRISTI"},"content":{"rendered":"","protected":false},"excerpt":{"rendered":"","protected":false},"featured_media":0,"comment_status":"closed","ping_status":"closed","template":"","meta":[],"product_brand":[],"product_cat":[284,339],"product_tag":[],"class_list":{"0":"post-26022","1":"product","2":"type-product","3":"status-publish","5":"product_cat-aad-cheveux","6":"product_cat-soin-cheveux","8":"first","9":"instock","10":"shipping-taxable","11":"product-type-simple"},"jetpack-related-posts":[{"id":25602,"url":"https:\/\/sakaba.mghosteur.com\/en\/product\/nature-bounty-e-oil-13500mg\/","url_meta":{"origin":26022,"position":0},"title":"Nature Bounty E-OIL 13,500mg","author":"admin","date":"November 14, 2022","format":false,"excerpt":"","rel":"","context":"Similar post","block_context":{"text":"Similar post","link":""},"img":{"alt_text":"","src":"","width":0,"height":0},"classes":[]},{"id":35988,"url":"https:\/\/sakaba.mghosteur.com\/en\/product\/medix-5-5-argan-oil-vitamin-e-body-treatmen-444ml\/","url_meta":{"origin":26022,"position":1},"title":"MEDIX 5.5 ARGAN OIL+ VITAMIN E BODY TREATMEN 444ML","author":"admin","date":"August 10, 2024","format":false,"excerpt":"Le soin corporel \u00e0 l'huile d'argan et \u00e0 la vitamine E Medix 5.5 est une cr\u00e8me de 15 fl oz qui utilise des ingr\u00e9dients naturels pour aider \u00e0 r\u00e9duire l'apparence des rides, des ridules, de la cellulite, du rel\u00e2chement cutan\u00e9 et des imperfections. Il est sans alcool, sans paraben et\u2026","rel":"","context":"Similar post","block_context":{"text":"Similar post","link":""},"img":{"alt_text":"","src":"","width":0,"height":0},"classes":[]},{"id":25567,"url":"https:\/\/sakaba.mghosteur.com\/en\/product\/dr-teals-coconut-oil-essential-oils\/","url_meta":{"origin":26022,"position":2},"title":"Dr Teal&#8217;s COCONUT OIL &amp; ESSENTIAL OILS","author":"admin","date":"November 14, 2022","format":false,"excerpt":"Lotion Corporelle Hydratante Les lotions hydratantes pour le corps du Dr Teal procurent une hydratation profonde \u00e0 la peau ainsi que tous les bienfaits de l'aromath\u00e9rapie pour l'esprit.\u00a0Un riche m\u00e9lange de beurre de cacao, de beurre de karit\u00e9 et de vitamine E est infus\u00e9 d'huiles essentielles comme la lavande et\u2026","rel":"","context":"Similar post","block_context":{"text":"Similar post","link":""},"img":{"alt_text":"","src":"","width":0,"height":0},"classes":[]},{"id":34745,"url":"https:\/\/sakaba.mghosteur.com\/en\/product\/jamaican-black-castor-oil-gm\/","url_meta":{"origin":26022,"position":3},"title":"SUNNY ISLE JAMAICAN BLACK CASTOR OIL GM","author":"admin","date":"May 31, 2024","format":false,"excerpt":"Sunny Isle The Original Jamaican Black Castor Oil is a hair oil that is made from pure Jamaican black castor seeds.\u00a0It is rich in nutrients such as omega fatty acids, vitamin E, and minerals, and is designed to moisturize dry hair, reduce breakage, and help repair damaged strands.\u00a0It has a\u2026","rel":"","context":"Similar post","block_context":{"text":"Similar post","link":""},"img":{"alt_text":"","src":"","width":0,"height":0},"classes":[]},{"id":30165,"url":"https:\/\/sakaba.mghosteur.com\/en\/product\/dr-teals-lavender-essential-oil\/","url_meta":{"origin":26022,"position":4},"title":"Dr Teals LAVENDER ESSENTIAL OIL","author":"admin","date":"May 3, 2023","format":false,"excerpt":"Lotion apaisante pour le corps \u00e0 la lavande La lotion pour le corps hydratante \u00e0 la lavande de Dr Teal offre une hydratation profonde \u00e0 la peau ainsi que tous les avantages de l'aromath\u00e9rapie pour l'esprit.\u00a0Ce riche m\u00e9lange de beurre de cacao, de beurre de karit\u00e9 et de vitamine E\u2026","rel":"","context":"Similar post","block_context":{"text":"Similar post","link":""},"img":{"alt_text":"","src":"","width":0,"height":0},"classes":[]},{"id":29801,"url":"https:\/\/sakaba.mghosteur.com\/en\/product\/solgar-cod-liver-oil-vitamin-ad\/","url_meta":{"origin":26022,"position":5},"title":"SOLGAR COD LIVER OIL VITAMIN A&#038;D","author":"admin","date":"April 25, 2023","format":false,"excerpt":"","rel":"","context":"Similar post","block_context":{"text":"Similar post","link":""},"img":{"alt_text":"","src":"","width":0,"height":0},"classes":[]}],"_links":{"self":[{"href":"https:\/\/sakaba.mghosteur.com\/en\/wp-json\/wp\/v2\/product\/26022","targetHints":{"allow":["GET"]}}],"collection":[{"href":"https:\/\/sakaba.mghosteur.com\/en\/wp-json\/wp\/v2\/product"}],"about":[{"href":"https:\/\/sakaba.mghosteur.com\/en\/wp-json\/wp\/v2\/types\/product"}],"replies":[{"embeddable":true,"href":"https:\/\/sakaba.mghosteur.com\/en\/wp-json\/wp\/v2\/comments?post=26022"}],"version-history":[{"count":0,"href":"https:\/\/sakaba.mghosteur.com\/en\/wp-json\/wp\/v2\/product\/26022\/revisions"}],"wp:attachment":[{"href":"https:\/\/sakaba.mghosteur.com\/en\/wp-json\/wp\/v2\/media?parent=26022"}],"wp:term":[{"taxonomy":"product_brand","embeddable":true,"href":"https:\/\/sakaba.mghosteur.com\/en\/wp-json\/wp\/v2\/product_brand?post=26022"},{"taxonomy":"product_cat","embeddable":true,"href":"https:\/\/sakaba.mghosteur.com\/en\/wp-json\/wp\/v2\/product_cat?post=26022"},{"taxonomy":"product_tag","embeddable":true,"href":"https:\/\/sakaba.mghosteur.com\/en\/wp-json\/wp\/v2\/product_tag?post=26022"}],"curies":[{"name":"wp","href":"https:\/\/api.w.org\/{rel}","templated":true}]}}