{"id":26024,"date":"2022-11-24T11:38:13","date_gmt":"2022-11-24T11:38:13","guid":{"rendered":"http:\/\/www.sakababeauty.com\/?post_type=product&#038;p=26024"},"modified":"2022-11-24T11:38:13","modified_gmt":"2022-11-24T11:38:13","slug":"camille-cocoa-nibs-honey-ultimate-growth-serum","status":"publish","type":"product","link":"https:\/\/sakaba.mghosteur.com\/en\/product\/camille-cocoa-nibs-honey-ultimate-growth-serum\/","title":{"rendered":"CAMILLE COCOA NIBS &#038; HONEY ULTIMATE GROWTH SERUM"},"content":{"rendered":"","protected":false},"excerpt":{"rendered":"","protected":false},"featured_media":0,"comment_status":"closed","ping_status":"closed","template":"","meta":[],"product_brand":[],"product_cat":[284,339],"product_tag":[],"class_list":{"0":"post-26024","1":"product","2":"type-product","3":"status-publish","5":"product_cat-aad-cheveux","6":"product_cat-soin-cheveux","8":"first","9":"instock","10":"shipping-taxable","11":"product-type-simple"},"jetpack-related-posts":[{"id":25876,"url":"https:\/\/sakaba.mghosteur.com\/en\/product\/camille-rose-honey-hydrate-step-1\/","url_meta":{"origin":26024,"position":0},"title":"CAMILLE ROSE HONEY HYDRATE STEP 1","author":"admin","date":"November 23, 2022","format":false,"excerpt":"","rel":"","context":"Similar post","block_context":{"text":"Similar post","link":""},"img":{"alt_text":"","src":"","width":0,"height":0},"classes":[]},{"id":26026,"url":"https:\/\/sakaba.mghosteur.com\/en\/product\/camille-rose-fresh-honey-nectar-deep-conditioning\/","url_meta":{"origin":26024,"position":1},"title":"CAMILLE ROSE FRESH HONEY NECTAR DEEP CONDITIONING","author":"admin","date":"November 24, 2022","format":false,"excerpt":"","rel":"","context":"Similar post","block_context":{"text":"Similar post","link":""},"img":{"alt_text":"","src":"","width":0,"height":0},"classes":[]},{"id":25770,"url":"https:\/\/sakaba.mghosteur.com\/en\/product\/ultimate-originals-therapy-coconut-oil-stimulating-growth-oil\/","url_meta":{"origin":26024,"position":2},"title":"Ultimate Originals Therapy Coconut Oil Stimulating Growth Oil","author":"admin","date":"November 22, 2022","format":false,"excerpt":"","rel":"","context":"Similar post","block_context":{"text":"Similar post","link":""},"img":{"alt_text":"","src":"","width":0,"height":0},"classes":[]},{"id":25772,"url":"https:\/\/sakaba.mghosteur.com\/en\/product\/africa-s-best-ultimate-originals-arganoil-stimulating-growth-oil\/","url_meta":{"origin":26024,"position":3},"title":"Africa&#8217; s Best Ultimate Originals ArganOil Stimulating Growth Oil","author":"admin","date":"November 22, 2022","format":false,"excerpt":"","rel":"","context":"Similar post","block_context":{"text":"Similar post","link":""},"img":{"alt_text":"","src":"","width":0,"height":0},"classes":[]},{"id":36851,"url":"https:\/\/sakaba.mghosteur.com\/en\/product\/medix-5-5-coconut-oil-manuka-honey-444ml\/","url_meta":{"origin":26024,"position":4},"title":"MEDIX 5.5 COCONUT OIL + MANUKA HONEY 444ML","author":"admin","date":"September 12, 2024","format":false,"excerpt":"Cr\u00e8me pour le corps Replenish & Recover 15oz Plongez dans le bonheur avec notre luxueuse cr\u00e8me pour le corps infus\u00e9e de l'essence tropicale de l'huile de coco et de la touche dor\u00e9e du miel de Manuka. Riche en antioxydants et en acides gras essentiels, l'huile de coco et le miel\u2026","rel":"","context":"Similar post","block_context":{"text":"Similar post","link":""},"img":{"alt_text":"","src":"","width":0,"height":0},"classes":[]},{"id":27897,"url":"https:\/\/sakaba.mghosteur.com\/en\/product\/farmacy-honey-moon-glow-aha-resurfacing-night-serum\/","url_meta":{"origin":26024,"position":5},"title":"FARMACY HONEY MOON GLOW AHA RESURFACING NIGHT SERUM","author":"admin","date":"November 29, 2022","format":false,"excerpt":"","rel":"","context":"Similar post","block_context":{"text":"Similar post","link":""},"img":{"alt_text":"","src":"","width":0,"height":0},"classes":[]}],"_links":{"self":[{"href":"https:\/\/sakaba.mghosteur.com\/en\/wp-json\/wp\/v2\/product\/26024","targetHints":{"allow":["GET"]}}],"collection":[{"href":"https:\/\/sakaba.mghosteur.com\/en\/wp-json\/wp\/v2\/product"}],"about":[{"href":"https:\/\/sakaba.mghosteur.com\/en\/wp-json\/wp\/v2\/types\/product"}],"replies":[{"embeddable":true,"href":"https:\/\/sakaba.mghosteur.com\/en\/wp-json\/wp\/v2\/comments?post=26024"}],"version-history":[{"count":0,"href":"https:\/\/sakaba.mghosteur.com\/en\/wp-json\/wp\/v2\/product\/26024\/revisions"}],"wp:attachment":[{"href":"https:\/\/sakaba.mghosteur.com\/en\/wp-json\/wp\/v2\/media?parent=26024"}],"wp:term":[{"taxonomy":"product_brand","embeddable":true,"href":"https:\/\/sakaba.mghosteur.com\/en\/wp-json\/wp\/v2\/product_brand?post=26024"},{"taxonomy":"product_cat","embeddable":true,"href":"https:\/\/sakaba.mghosteur.com\/en\/wp-json\/wp\/v2\/product_cat?post=26024"},{"taxonomy":"product_tag","embeddable":true,"href":"https:\/\/sakaba.mghosteur.com\/en\/wp-json\/wp\/v2\/product_tag?post=26024"}],"curies":[{"name":"wp","href":"https:\/\/api.w.org\/{rel}","templated":true}]}}