{"id":26028,"date":"2022-11-24T11:40:57","date_gmt":"2022-11-24T11:40:57","guid":{"rendered":"http:\/\/www.sakababeauty.com\/?post_type=product&#038;p=26028"},"modified":"2022-11-24T11:40:57","modified_gmt":"2022-11-24T11:40:57","slug":"camille-rose-moroccan-pear","status":"publish","type":"product","link":"https:\/\/sakaba.mghosteur.com\/en\/product\/camille-rose-moroccan-pear\/","title":{"rendered":"CAMILLE ROSE MOROCCAN PEAR"},"content":{"rendered":"","protected":false},"excerpt":{"rendered":"","protected":false},"featured_media":0,"comment_status":"closed","ping_status":"closed","template":"","meta":[],"product_brand":[],"product_cat":[284,339],"product_tag":[],"class_list":{"0":"post-26028","1":"product","2":"type-product","3":"status-publish","5":"product_cat-aad-cheveux","6":"product_cat-soin-cheveux","8":"first","9":"instock","10":"shipping-taxable","11":"product-type-simple"},"jetpack-related-posts":[{"id":31987,"url":"https:\/\/sakaba.mghosteur.com\/en\/product\/camille-rose-moroccan-pear-355ml\/","url_meta":{"origin":26028,"position":0},"title":"CAMILLE ROSE MOROCCAN PEAR 355ml","author":"admin","date":"May 13, 2024","format":false,"excerpt":"","rel":"","context":"Similar post","block_context":{"text":"Similar post","link":""},"img":{"alt_text":"","src":"","width":0,"height":0},"classes":[]},{"id":32159,"url":"https:\/\/sakaba.mghosteur.com\/en\/product\/tree-hut-gel-de-douche-moroccan-rose-pamper-indulge\/","url_meta":{"origin":26028,"position":1},"title":"TREE HUT GEL DE DOUCHE MOROCCAN ROSE","author":"admin","date":"May 13, 2024","format":false,"excerpt":"Rafra\u00eechissez votre routine de douche avec le gel nettoyant moussant Tree Hut au parfum succulent de rose marocaine. Enveloppez votre corps d'une mousse luxueuse qui nourrit la peau et laisse un parfum longue dur\u00e9e. Les produits nettoyants Tree Hut sont infus\u00e9s de complexe d'huiles hydratantes, riche en huiles d'avocat, de\u2026","rel":"","context":"Similar post","block_context":{"text":"Similar post","link":""},"img":{"alt_text":"","src":"","width":0,"height":0},"classes":[]},{"id":56218,"url":"https:\/\/sakaba.mghosteur.com\/en\/product\/tree-hut-moroccan-rose-shea-sugar-scrub\/","url_meta":{"origin":26028,"position":2},"title":"Tree Hut Moroccan Rose Shea Sugar Scrub","author":"Sope DIA","date":"January 3, 2026","format":false,"excerpt":"BEURRE DE KARIT\u00c9 100 % PUR ET NATUREL - Soin hydratant de qualit\u00e9 sup\u00e9rieure qui adoucit et lisse merveilleusement les peaux s\u00e8ches et gerc\u00e9es. HUILE DE GRAINES DE CARTHAME, HUILE D'AVOCAT, HUILE D'AMANDE DOUCE, HUILE DE GRAINES DE MACADAMIA, HUILE D'ORANGE - Des soins cutan\u00e9s exceptionnels qui pr\u00e9viennent le dess\u00e8chement\u2026","rel":"","context":"Similar post","block_context":{"text":"Similar post","link":""},"img":{"alt_text":"","src":"","width":0,"height":0},"classes":[]},{"id":31981,"url":"https:\/\/sakaba.mghosteur.com\/en\/product\/camille-rose-curl-maker-marshmallow-agave-355ml\/","url_meta":{"origin":26028,"position":3},"title":"CAMILLE ROSE NATURALS CURL MAKER","author":"admin","date":"May 13, 2024","format":false,"excerpt":"Camille Rose Naturals Curl Maker est un gel qui aide \u00e0 d\u00e9finir les boucles et \u00e0 les maintenir en place. Il est infus\u00e9 d'extraits de guimauve et d'agave pour hydrater et am\u00e9liorer la d\u00e9finition des boucles. Il est \u00e9galement biologique et sans cruaut\u00e9.","rel":"","context":"Similar post","block_context":{"text":"Similar post","link":""},"img":{"alt_text":"","src":"","width":0,"height":0},"classes":[]},{"id":25876,"url":"https:\/\/sakaba.mghosteur.com\/en\/product\/camille-rose-honey-hydrate-step-1\/","url_meta":{"origin":26028,"position":4},"title":"CAMILLE ROSE HONEY HYDRATE STEP 1","author":"admin","date":"November 23, 2022","format":false,"excerpt":"","rel":"","context":"Similar post","block_context":{"text":"Similar post","link":""},"img":{"alt_text":"","src":"","width":0,"height":0},"classes":[]},{"id":26032,"url":"https:\/\/sakaba.mghosteur.com\/en\/product\/camille-rose-sweet-ginger-cleansing-rinse\/","url_meta":{"origin":26028,"position":5},"title":"CAMILLE ROSE SWEET GINGER CLEANSING RINSE","author":"admin","date":"November 24, 2022","format":false,"excerpt":"","rel":"","context":"Similar post","block_context":{"text":"Similar post","link":""},"img":{"alt_text":"","src":"","width":0,"height":0},"classes":[]}],"_links":{"self":[{"href":"https:\/\/sakaba.mghosteur.com\/en\/wp-json\/wp\/v2\/product\/26028","targetHints":{"allow":["GET"]}}],"collection":[{"href":"https:\/\/sakaba.mghosteur.com\/en\/wp-json\/wp\/v2\/product"}],"about":[{"href":"https:\/\/sakaba.mghosteur.com\/en\/wp-json\/wp\/v2\/types\/product"}],"replies":[{"embeddable":true,"href":"https:\/\/sakaba.mghosteur.com\/en\/wp-json\/wp\/v2\/comments?post=26028"}],"version-history":[{"count":0,"href":"https:\/\/sakaba.mghosteur.com\/en\/wp-json\/wp\/v2\/product\/26028\/revisions"}],"wp:attachment":[{"href":"https:\/\/sakaba.mghosteur.com\/en\/wp-json\/wp\/v2\/media?parent=26028"}],"wp:term":[{"taxonomy":"product_brand","embeddable":true,"href":"https:\/\/sakaba.mghosteur.com\/en\/wp-json\/wp\/v2\/product_brand?post=26028"},{"taxonomy":"product_cat","embeddable":true,"href":"https:\/\/sakaba.mghosteur.com\/en\/wp-json\/wp\/v2\/product_cat?post=26028"},{"taxonomy":"product_tag","embeddable":true,"href":"https:\/\/sakaba.mghosteur.com\/en\/wp-json\/wp\/v2\/product_tag?post=26028"}],"curies":[{"name":"wp","href":"https:\/\/api.w.org\/{rel}","templated":true}]}}