{"id":26034,"date":"2022-11-24T11:47:47","date_gmt":"2022-11-24T11:47:47","guid":{"rendered":"http:\/\/www.sakababeauty.com\/?post_type=product&#038;p=26034"},"modified":"2022-11-24T11:47:47","modified_gmt":"2022-11-24T11:47:47","slug":"camille-rose-curl-love-moisture-milk","status":"publish","type":"product","link":"https:\/\/sakaba.mghosteur.com\/en\/product\/camille-rose-curl-love-moisture-milk\/","title":{"rendered":"CAMILLE ROSE CURL LOVE MOISTURE MILK"},"content":{"rendered":"","protected":false},"excerpt":{"rendered":"","protected":false},"featured_media":0,"comment_status":"closed","ping_status":"closed","template":"","meta":[],"product_brand":[],"product_cat":[284,339],"product_tag":[],"class_list":{"0":"post-26034","1":"product","2":"type-product","3":"status-publish","5":"product_cat-aad-cheveux","6":"product_cat-soin-cheveux","8":"first","9":"instock","10":"shipping-taxable","11":"product-type-simple"},"jetpack-related-posts":[{"id":31981,"url":"https:\/\/sakaba.mghosteur.com\/en\/product\/camille-rose-curl-maker-marshmallow-agave-355ml\/","url_meta":{"origin":26034,"position":0},"title":"CAMILLE ROSE NATURALS CURL MAKER","author":"admin","date":"May 13, 2024","format":false,"excerpt":"Camille Rose Naturals Curl Maker est un gel qui aide \u00e0 d\u00e9finir les boucles et \u00e0 les maintenir en place. Il est infus\u00e9 d'extraits de guimauve et d'agave pour hydrater et am\u00e9liorer la d\u00e9finition des boucles. Il est \u00e9galement biologique et sans cruaut\u00e9.","rel":"","context":"Similar post","block_context":{"text":"Similar post","link":""},"img":{"alt_text":"","src":"","width":0,"height":0},"classes":[]},{"id":25921,"url":"https:\/\/sakaba.mghosteur.com\/en\/product\/coconut-hibiscus-curl-style-milk-2\/","url_meta":{"origin":26034,"position":1},"title":"COCONUT &#038; HIBISCUS CURL &#038; STYLE MILK","author":"admin","date":"November 23, 2022","format":false,"excerpt":"","rel":"","context":"Similar post","block_context":{"text":"Similar post","link":""},"img":{"alt_text":"","src":"","width":0,"height":0},"classes":[]},{"id":25885,"url":"https:\/\/sakaba.mghosteur.com\/en\/product\/coconut-hibiscus-curl-style-milk\/","url_meta":{"origin":26034,"position":2},"title":"COCONUT &#038; HIBISCUS CURL &#038; STYLE MILK","author":"admin","date":"November 23, 2022","format":false,"excerpt":"","rel":"","context":"Similar post","block_context":{"text":"Similar post","link":""},"img":{"alt_text":"","src":"","width":0,"height":0},"classes":[]},{"id":31987,"url":"https:\/\/sakaba.mghosteur.com\/en\/product\/camille-rose-moroccan-pear-355ml\/","url_meta":{"origin":26034,"position":3},"title":"CAMILLE ROSE MOROCCAN PEAR 355ml","author":"admin","date":"May 13, 2024","format":false,"excerpt":"","rel":"","context":"Similar post","block_context":{"text":"Similar post","link":""},"img":{"alt_text":"","src":"","width":0,"height":0},"classes":[]},{"id":26028,"url":"https:\/\/sakaba.mghosteur.com\/en\/product\/camille-rose-moroccan-pear\/","url_meta":{"origin":26034,"position":4},"title":"CAMILLE ROSE MOROCCAN PEAR","author":"admin","date":"November 24, 2022","format":false,"excerpt":"","rel":"","context":"Similar post","block_context":{"text":"Similar post","link":""},"img":{"alt_text":"","src":"","width":0,"height":0},"classes":[]},{"id":25876,"url":"https:\/\/sakaba.mghosteur.com\/en\/product\/camille-rose-honey-hydrate-step-1\/","url_meta":{"origin":26034,"position":5},"title":"CAMILLE ROSE HONEY HYDRATE STEP 1","author":"admin","date":"November 23, 2022","format":false,"excerpt":"","rel":"","context":"Similar post","block_context":{"text":"Similar post","link":""},"img":{"alt_text":"","src":"","width":0,"height":0},"classes":[]}],"_links":{"self":[{"href":"https:\/\/sakaba.mghosteur.com\/en\/wp-json\/wp\/v2\/product\/26034","targetHints":{"allow":["GET"]}}],"collection":[{"href":"https:\/\/sakaba.mghosteur.com\/en\/wp-json\/wp\/v2\/product"}],"about":[{"href":"https:\/\/sakaba.mghosteur.com\/en\/wp-json\/wp\/v2\/types\/product"}],"replies":[{"embeddable":true,"href":"https:\/\/sakaba.mghosteur.com\/en\/wp-json\/wp\/v2\/comments?post=26034"}],"version-history":[{"count":0,"href":"https:\/\/sakaba.mghosteur.com\/en\/wp-json\/wp\/v2\/product\/26034\/revisions"}],"wp:attachment":[{"href":"https:\/\/sakaba.mghosteur.com\/en\/wp-json\/wp\/v2\/media?parent=26034"}],"wp:term":[{"taxonomy":"product_brand","embeddable":true,"href":"https:\/\/sakaba.mghosteur.com\/en\/wp-json\/wp\/v2\/product_brand?post=26034"},{"taxonomy":"product_cat","embeddable":true,"href":"https:\/\/sakaba.mghosteur.com\/en\/wp-json\/wp\/v2\/product_cat?post=26034"},{"taxonomy":"product_tag","embeddable":true,"href":"https:\/\/sakaba.mghosteur.com\/en\/wp-json\/wp\/v2\/product_tag?post=26034"}],"curies":[{"name":"wp","href":"https:\/\/api.w.org\/{rel}","templated":true}]}}