{"id":26044,"date":"2022-11-24T11:56:12","date_gmt":"2022-11-24T11:56:12","guid":{"rendered":"http:\/\/www.sakababeauty.com\/?post_type=product&#038;p=26044"},"modified":"2022-11-24T11:56:12","modified_gmt":"2022-11-24T11:56:12","slug":"bread-scalp-serum-cooling-grenns","status":"publish","type":"product","link":"https:\/\/sakaba.mghosteur.com\/en\/product\/bread-scalp-serum-cooling-grenns\/","title":{"rendered":"BREAD SCALP SERUM COOLING GRENNS"},"content":{"rendered":"","protected":false},"excerpt":{"rendered":"","protected":false},"featured_media":0,"comment_status":"closed","ping_status":"closed","template":"","meta":[],"product_brand":[],"product_cat":[284,339],"product_tag":[],"class_list":{"0":"post-26044","1":"product","2":"type-product","3":"status-publish","5":"product_cat-aad-cheveux","6":"product_cat-soin-cheveux","8":"first","9":"instock","10":"shipping-taxable","11":"product-type-simple"},"jetpack-related-posts":[{"id":26036,"url":"https:\/\/sakaba.mghosteur.com\/en\/product\/bread-mud-mask-detox-hair-scalp-treatment\/","url_meta":{"origin":26044,"position":0},"title":"BREAD MUD MASK DETOX HAIR &#038; SCALP TREATMENT","author":"admin","date":"November 24, 2022","format":false,"excerpt":"","rel":"","context":"Similar post","block_context":{"text":"Similar post","link":""},"img":{"alt_text":"","src":"","width":0,"height":0},"classes":[]},{"id":25880,"url":"https:\/\/sakaba.mghosteur.com\/en\/product\/pattern-scalp-serum\/","url_meta":{"origin":26044,"position":1},"title":"PATTERN SCALP SERUM","author":"admin","date":"November 23, 2022","format":false,"excerpt":"","rel":"","context":"Similar post","block_context":{"text":"Similar post","link":""},"img":{"alt_text":"","src":"","width":0,"height":0},"classes":[]},{"id":29730,"url":"https:\/\/sakaba.mghosteur.com\/en\/product\/palmers-shine-therapy-strong-roots-scalp-serum\/","url_meta":{"origin":26044,"position":2},"title":"PALMERS SHINE THERAPY STRONG ROOTS SCALP SERUM","author":"admin","date":"April 18, 2023","format":false,"excerpt":"Ce s\u00e9rum pour cuir chevelu est parfait pour ceux qui souffrent de d\u00e9mangeaisons et de s\u00e9cheresse, ainsi que pour l'entretien de coiffures protectrices. Gr\u00e2ce \u00e0 sa formule \u00e9quilibr\u00e9e en pH, il stimule la circulation sanguine pour favoriser la croissance des cheveux tout en hydratant le follicule pileux pour des cheveux\u2026","rel":"","context":"Similar post","block_context":{"text":"Similar post","link":""},"img":{"alt_text":"","src":"","width":0,"height":0},"classes":[]},{"id":34177,"url":"https:\/\/sakaba.mghosteur.com\/en\/product\/first-aid-beauty-anti-dandruff-scalp-serum-2-sali\/","url_meta":{"origin":26044,"position":3},"title":"FIRST AID BEAUTY Anti-Dandruff Scalp Serum with 2% Salicylic Acid","author":"admin","date":"May 27, 2024","format":false,"excerpt":"traitement l\u00e9ger sans rin\u00e7age avec 2 % d'acide salicylique qui combat les pellicules et soulage la d\u00e9tresse et l'inconfort du cuir chevelu sec.","rel":"","context":"Similar post","block_context":{"text":"Similar post","link":""},"img":{"alt_text":"","src":"","width":0,"height":0},"classes":[]},{"id":34162,"url":"https:\/\/sakaba.mghosteur.com\/en\/product\/cooling-jelly-mask\/","url_meta":{"origin":26044,"position":4},"title":"COOLING JELLY MASK","author":"admin","date":"May 27, 2024","format":false,"excerpt":"","rel":"","context":"Similar post","block_context":{"text":"Similar post","link":""},"img":{"alt_text":"","src":"","width":0,"height":0},"classes":[]},{"id":26775,"url":"https:\/\/sakaba.mghosteur.com\/en\/product\/yesto-cucumbers-cooling-mask\/","url_meta":{"origin":26044,"position":5},"title":"YESTO CUCUMBERS COOLING MASK","author":"admin","date":"November 28, 2022","format":false,"excerpt":"","rel":"","context":"Similar post","block_context":{"text":"Similar post","link":""},"img":{"alt_text":"","src":"","width":0,"height":0},"classes":[]}],"_links":{"self":[{"href":"https:\/\/sakaba.mghosteur.com\/en\/wp-json\/wp\/v2\/product\/26044","targetHints":{"allow":["GET"]}}],"collection":[{"href":"https:\/\/sakaba.mghosteur.com\/en\/wp-json\/wp\/v2\/product"}],"about":[{"href":"https:\/\/sakaba.mghosteur.com\/en\/wp-json\/wp\/v2\/types\/product"}],"replies":[{"embeddable":true,"href":"https:\/\/sakaba.mghosteur.com\/en\/wp-json\/wp\/v2\/comments?post=26044"}],"version-history":[{"count":0,"href":"https:\/\/sakaba.mghosteur.com\/en\/wp-json\/wp\/v2\/product\/26044\/revisions"}],"wp:attachment":[{"href":"https:\/\/sakaba.mghosteur.com\/en\/wp-json\/wp\/v2\/media?parent=26044"}],"wp:term":[{"taxonomy":"product_brand","embeddable":true,"href":"https:\/\/sakaba.mghosteur.com\/en\/wp-json\/wp\/v2\/product_brand?post=26044"},{"taxonomy":"product_cat","embeddable":true,"href":"https:\/\/sakaba.mghosteur.com\/en\/wp-json\/wp\/v2\/product_cat?post=26044"},{"taxonomy":"product_tag","embeddable":true,"href":"https:\/\/sakaba.mghosteur.com\/en\/wp-json\/wp\/v2\/product_tag?post=26044"}],"curies":[{"name":"wp","href":"https:\/\/api.w.org\/{rel}","templated":true}]}}