{"id":26046,"date":"2022-11-24T11:58:29","date_gmt":"2022-11-24T11:58:29","guid":{"rendered":"http:\/\/www.sakababeauty.com\/?post_type=product&#038;p=26046"},"modified":"2022-11-24T11:58:30","modified_gmt":"2022-11-24T11:58:30","slug":"bread-hair-mask","status":"publish","type":"product","link":"https:\/\/sakaba.mghosteur.com\/en\/product\/bread-hair-mask\/","title":{"rendered":"BREAD HAIR MASK"},"content":{"rendered":"","protected":false},"excerpt":{"rendered":"","protected":false},"featured_media":0,"comment_status":"closed","ping_status":"closed","template":"","meta":[],"product_brand":[],"product_cat":[284,339],"product_tag":[],"class_list":{"0":"post-26046","1":"product","2":"type-product","3":"status-publish","5":"product_cat-aad-cheveux","6":"product_cat-soin-cheveux","8":"first","9":"instock","10":"shipping-taxable","11":"product-type-simple"},"jetpack-related-posts":[{"id":26036,"url":"https:\/\/sakaba.mghosteur.com\/en\/product\/bread-mud-mask-detox-hair-scalp-treatment\/","url_meta":{"origin":26046,"position":0},"title":"BREAD MUD MASK DETOX HAIR &#038; SCALP TREATMENT","author":"admin","date":"November 24, 2022","format":false,"excerpt":"","rel":"","context":"Similar post","block_context":{"text":"Similar post","link":""},"img":{"alt_text":"","src":"","width":0,"height":0},"classes":[]},{"id":26048,"url":"https:\/\/sakaba.mghosteur.com\/en\/product\/bread-hair-wash\/","url_meta":{"origin":26046,"position":1},"title":"BREAD HAIR WASH","author":"admin","date":"November 24, 2022","format":false,"excerpt":"","rel":"","context":"Similar post","block_context":{"text":"Similar post","link":""},"img":{"alt_text":"","src":"","width":0,"height":0},"classes":[]},{"id":26042,"url":"https:\/\/sakaba.mghosteur.com\/en\/product\/bread-hair-oil-everyday-gloss\/","url_meta":{"origin":26046,"position":2},"title":"BREAD HAIR OIL EVERYDAY GLOSS","author":"admin","date":"November 24, 2022","format":false,"excerpt":"","rel":"","context":"Similar post","block_context":{"text":"Similar post","link":""},"img":{"alt_text":"","src":"","width":0,"height":0},"classes":[]},{"id":33181,"url":"https:\/\/sakaba.mghosteur.com\/en\/product\/advanced-clinicals-coconut-hair-mask\/","url_meta":{"origin":26046,"position":3},"title":"ADVANCED CLINICALS COCONUT HAIR MASK","author":"admin","date":"May 20, 2024","format":false,"excerpt":"","rel":"","context":"Similar post","block_context":{"text":"Similar post","link":""},"img":{"alt_text":"","src":"","width":0,"height":0},"classes":[]},{"id":26044,"url":"https:\/\/sakaba.mghosteur.com\/en\/product\/bread-scalp-serum-cooling-grenns\/","url_meta":{"origin":26046,"position":4},"title":"BREAD SCALP SERUM COOLING GRENNS","author":"admin","date":"November 24, 2022","format":false,"excerpt":"","rel":"","context":"Similar post","block_context":{"text":"Similar post","link":""},"img":{"alt_text":"","src":"","width":0,"height":0},"classes":[]},{"id":34575,"url":"https:\/\/sakaba.mghosteur.com\/en\/product\/fenty-icon-velvet-liquid-bread-winnr-05\/","url_meta":{"origin":26046,"position":5},"title":"FENTY ICON VELVET LIQUID BREAD WINN&#8217;R 05","author":"admin","date":"May 29, 2024","format":false,"excerpt":"Craquez pour un nouveau type de mat. La texture cr\u00e9meuse et fouett\u00e9e enveloppe les l\u00e8vres d'une couleur intense en un seul passage pr\u00e9cis. Cette formule unique laisse les l\u00e8vres douces et confortables, sans les dess\u00e9cher. Oubliez les ridules et la s\u00e9cheresse du pass\u00e9 : obtenez une couleur liquide luxueuse et\u2026","rel":"","context":"Similar post","block_context":{"text":"Similar post","link":""},"img":{"alt_text":"","src":"","width":0,"height":0},"classes":[]}],"_links":{"self":[{"href":"https:\/\/sakaba.mghosteur.com\/en\/wp-json\/wp\/v2\/product\/26046","targetHints":{"allow":["GET"]}}],"collection":[{"href":"https:\/\/sakaba.mghosteur.com\/en\/wp-json\/wp\/v2\/product"}],"about":[{"href":"https:\/\/sakaba.mghosteur.com\/en\/wp-json\/wp\/v2\/types\/product"}],"replies":[{"embeddable":true,"href":"https:\/\/sakaba.mghosteur.com\/en\/wp-json\/wp\/v2\/comments?post=26046"}],"version-history":[{"count":0,"href":"https:\/\/sakaba.mghosteur.com\/en\/wp-json\/wp\/v2\/product\/26046\/revisions"}],"wp:attachment":[{"href":"https:\/\/sakaba.mghosteur.com\/en\/wp-json\/wp\/v2\/media?parent=26046"}],"wp:term":[{"taxonomy":"product_brand","embeddable":true,"href":"https:\/\/sakaba.mghosteur.com\/en\/wp-json\/wp\/v2\/product_brand?post=26046"},{"taxonomy":"product_cat","embeddable":true,"href":"https:\/\/sakaba.mghosteur.com\/en\/wp-json\/wp\/v2\/product_cat?post=26046"},{"taxonomy":"product_tag","embeddable":true,"href":"https:\/\/sakaba.mghosteur.com\/en\/wp-json\/wp\/v2\/product_tag?post=26046"}],"curies":[{"name":"wp","href":"https:\/\/api.w.org\/{rel}","templated":true}]}}