{"id":26050,"date":"2022-11-24T12:01:04","date_gmt":"2022-11-24T12:01:04","guid":{"rendered":"http:\/\/www.sakababeauty.com\/?post_type=product&#038;p=26050"},"modified":"2022-11-24T12:01:04","modified_gmt":"2022-11-24T12:01:04","slug":"olaplex-n4-bond-maintenance-shampoo","status":"publish","type":"product","link":"https:\/\/sakaba.mghosteur.com\/en\/product\/olaplex-n4-bond-maintenance-shampoo\/","title":{"rendered":"OLAPLEX N4 BOND MAINTENANCE SHAMPOO"},"content":{"rendered":"","protected":false},"excerpt":{"rendered":"","protected":false},"featured_media":0,"comment_status":"closed","ping_status":"closed","template":"","meta":[],"product_brand":[],"product_cat":[284,368,339],"product_tag":[],"class_list":{"0":"post-26050","1":"product","2":"type-product","3":"status-publish","5":"product_cat-aad-cheveux","6":"product_cat-shampoing-et-apres-shampoing","7":"product_cat-soin-cheveux","9":"first","10":"instock","11":"shipping-taxable","12":"product-type-simple"},"jetpack-related-posts":[{"id":26038,"url":"https:\/\/sakaba.mghosteur.com\/en\/product\/olaplex-bond-maintenance-conditioner\/","url_meta":{"origin":26050,"position":0},"title":"OLAPLEX BOND MAINTENANCE CONDITIONER","author":"admin","date":"November 24, 2022","format":false,"excerpt":"","rel":"","context":"Similar post","block_context":{"text":"Similar post","link":""},"img":{"alt_text":"","src":"","width":0,"height":0},"classes":[]},{"id":32033,"url":"https:\/\/sakaba.mghosteur.com\/en\/product\/olaplex-intensive-bond-building-hair-treatment-2\/","url_meta":{"origin":26050,"position":1},"title":"OLAPLEX INTENSIVE BOND BUILDING HAIR TREATMENT","author":"admin","date":"May 13, 2024","format":false,"excerpt":"Le traitement capillaire intensif N\u00ba.0, infus\u00e9 de la technologie brevet\u00e9e OLAPLEX Bond Building, est un traitement intense qui renforce l'efficacit\u00e9 du OLAPLEX N\u00ba.3 Hair Perfector pour une r\u00e9paration en profondeur tout en renfor\u00e7ant et en prot\u00e9geant l'int\u00e9grit\u00e9 des cheveux. AVANTAGES Augmente l'efficacit\u00e9 du Perfecteur Capillaire OLAPLEX N\u00ba.3. P\u00e9n\u00e8tre rapidement pour\u2026","rel":"","context":"Similar post","block_context":{"text":"Similar post","link":""},"img":{"alt_text":"","src":"","width":0,"height":0},"classes":[]},{"id":26040,"url":"https:\/\/sakaba.mghosteur.com\/en\/product\/olaplex-intensive-bond-building-hair-treatment\/","url_meta":{"origin":26050,"position":2},"title":"OLAPLEX INTENSIVE BOND BUILDING HAIR TREATMENT","author":"admin","date":"November 24, 2022","format":false,"excerpt":"","rel":"","context":"Similar post","block_context":{"text":"Similar post","link":""},"img":{"alt_text":"","src":"","width":0,"height":0},"classes":[]},{"id":26052,"url":"https:\/\/sakaba.mghosteur.com\/en\/product\/olaplex-n8-bond-intense-moisture-mask\/","url_meta":{"origin":26050,"position":3},"title":"OLAPLEX N8 BOND INTENSE MOISTURE MASK","author":"admin","date":"November 24, 2022","format":false,"excerpt":"","rel":"","context":"Similar post","block_context":{"text":"Similar post","link":""},"img":{"alt_text":"","src":"","width":0,"height":0},"classes":[]},{"id":32022,"url":"https:\/\/sakaba.mghosteur.com\/en\/product\/olaplex-n9-bond-nourishing-hair-serum\/","url_meta":{"origin":26050,"position":4},"title":"OLAPLEX No 9 BOND NOURISHING HAIR SERUM","author":"admin","date":"May 13, 2024","format":false,"excerpt":"Votre sauveur capillaire. Le\u00a0Bond Protector Nourishing Hair Serum No.9\u00a0d'Olaplex\u00a0aide\u00a0\u00e0 prot\u00e9ger les cheveux des influences quotidiennes. Ce s\u00e9rum capillaire sans silicone offrira une protection parfaite contre la pollution environnementale et les dommages caus\u00e9s par la chaleur jusqu'\u00e0 232 \u00b0C pendant 48 heures. Bond Building Technology\u2122 aide \u00e0 reconstruire les cheveux ab\u00eem\u00e9s\u2026","rel":"","context":"Similar post","block_context":{"text":"Similar post","link":""},"img":{"alt_text":"","src":"","width":0,"height":0},"classes":[]},{"id":34605,"url":"https:\/\/sakaba.mghosteur.com\/en\/product\/olaplex-intensive-bond-building-hair-treatment-n0\/","url_meta":{"origin":26050,"position":5},"title":"OLAPLEX INTENSIVE BOND BUILDING HAIR TREATMENT No 0","author":"admin","date":"May 29, 2024","format":false,"excerpt":"Le traitement capillaire intensif de renforcement des liaisons Olaplex No.0 est un traitement d'inspiration professionnelle qui pr\u00e9pare les cheveux \u00e0 une r\u00e9paration plus profonde, reconstruit les liaisons capillaires et renforce et prot\u00e8ge l'int\u00e9grit\u00e9 des cheveux. Il s'agit d'un produit sans sulfate, sans parab\u00e8ne et sans cruaut\u00e9. Il est con\u00e7u pour\u2026","rel":"","context":"Similar post","block_context":{"text":"Similar post","link":""},"img":{"alt_text":"","src":"","width":0,"height":0},"classes":[]}],"_links":{"self":[{"href":"https:\/\/sakaba.mghosteur.com\/en\/wp-json\/wp\/v2\/product\/26050","targetHints":{"allow":["GET"]}}],"collection":[{"href":"https:\/\/sakaba.mghosteur.com\/en\/wp-json\/wp\/v2\/product"}],"about":[{"href":"https:\/\/sakaba.mghosteur.com\/en\/wp-json\/wp\/v2\/types\/product"}],"replies":[{"embeddable":true,"href":"https:\/\/sakaba.mghosteur.com\/en\/wp-json\/wp\/v2\/comments?post=26050"}],"version-history":[{"count":0,"href":"https:\/\/sakaba.mghosteur.com\/en\/wp-json\/wp\/v2\/product\/26050\/revisions"}],"wp:attachment":[{"href":"https:\/\/sakaba.mghosteur.com\/en\/wp-json\/wp\/v2\/media?parent=26050"}],"wp:term":[{"taxonomy":"product_brand","embeddable":true,"href":"https:\/\/sakaba.mghosteur.com\/en\/wp-json\/wp\/v2\/product_brand?post=26050"},{"taxonomy":"product_cat","embeddable":true,"href":"https:\/\/sakaba.mghosteur.com\/en\/wp-json\/wp\/v2\/product_cat?post=26050"},{"taxonomy":"product_tag","embeddable":true,"href":"https:\/\/sakaba.mghosteur.com\/en\/wp-json\/wp\/v2\/product_tag?post=26050"}],"curies":[{"name":"wp","href":"https:\/\/api.w.org\/{rel}","templated":true}]}}