{"id":26061,"date":"2022-11-24T12:37:37","date_gmt":"2022-11-24T12:37:37","guid":{"rendered":"http:\/\/www.sakababeauty.com\/?post_type=product&#038;p=26061"},"modified":"2024-08-15T11:01:30","modified_gmt":"2024-08-15T11:01:30","slug":"carols-daughter-almond-milk","status":"publish","type":"product","link":"https:\/\/sakaba.mghosteur.com\/en\/product\/carols-daughter-almond-milk\/","title":{"rendered":"CAROL\u2019S DAUGHTER ALMOND MILK ULTRA NOURISHING MASK"},"content":{"rendered":"<p>Le masque capillaire au lait d&#8217;amande aide \u00e0 r\u00e9parer les cheveux cass\u00e9s et trop trait\u00e9s pour qu&#8217;ils paraissent plus doux et plus sains plus longtemps, en inversant les dommages de l&#8217;int\u00e9rieur vers l&#8217;ext\u00e9rieur.<\/p>\n<p>Cr\u00e9\u00e9 pour les cheveux naturellement boucl\u00e9s,le masque utilise les ingr\u00e9dients dont vos boucles ont besoin, comme l&#8217;huile d&#8217;amande douce, les beurres d&#8217;alo\u00e8s et de karit\u00e9 et les prot\u00e9ines<\/p>\n<p>Comment utiliser?<\/p>\n<p>Laissez poser le masque de soin pendant 5 \u00e0 7 minutes puis rincez abondamment. Attention : Tenir hors de port\u00e9e des yeux<\/p>","protected":false},"excerpt":{"rendered":"<p>Le masque capillaire au lait d&#8217;amande aide \u00e0 r\u00e9parer les cheveux cass\u00e9s et trop trait\u00e9s pour qu&#8217;ils paraissent plus doux et plus sains plus longtemps, en inversant les dommages de l&#8217;int\u00e9rieur vers l&#8217;ext\u00e9rieur. Cr\u00e9\u00e9 pour les cheveux naturellement boucl\u00e9s,le masque utilise les ingr\u00e9dients dont vos boucles ont besoin, comme l&#8217;huile d&#8217;amande douce, les beurres d&#8217;alo\u00e8s<span class=\"read-more-faq\"><a href=\"https:\/\/sakaba.mghosteur.com\/en\/product\/carols-daughter-almond-milk\/\">Read More<\/a><\/span><\/p>","protected":false},"featured_media":0,"comment_status":"closed","ping_status":"closed","template":"","meta":[],"product_brand":[],"product_cat":[284,1063],"product_tag":[],"class_list":{"0":"post-26061","1":"product","2":"type-product","3":"status-publish","5":"product_cat-aad-cheveux","6":"product_cat-traitement-capilaire","8":"first","9":"instock","10":"shipping-taxable","11":"product-type-simple"},"jetpack-related-posts":[{"id":26094,"url":"https:\/\/sakaba.mghosteur.com\/en\/product\/mielle-pomegranate-honey-coil-sculpting-custard\/","url_meta":{"origin":26061,"position":0},"title":"MIELLE POMEGRANATE &amp; HONEY COIL SCULPTING CUSTARD","author":"admin","date":"November 24, 2022","format":false,"excerpt":"Vous avez des probl\u00e8mes de boucles s\u00e8ches et assoiff\u00e9es? Le gel coiffant sculptant pour boucles \u00e0 la grenade et au miel de Mielle est une bouff\u00e9e d\u2019air frais! Hydratation, d\u00e9finition des boucles, brillance longue dur\u00e9e : tout y est. Cette formule \u00e9paisse et d\u00e9licieusement parfum\u00e9e est con\u00e7ue pour les cheveux\u2026","rel":"","context":"Similar post","block_context":{"text":"Similar post","link":""},"img":{"alt_text":"","src":"","width":0,"height":0},"classes":[]},{"id":32386,"url":"https:\/\/sakaba.mghosteur.com\/en\/product\/sheamoisture-strengthen-restore-treatement-masque-57g\/","url_meta":{"origin":26061,"position":1},"title":"SHEAMOISTURE STRENGTHEN &amp; RESTORE TREATEMENT MASQUE 57G","author":"admin","date":"May 14, 2024","format":false,"excerpt":"Ce masque intense revitalisant redonne force et r\u00e9sistance aux cheveux ab\u00eem\u00e9s, cassants ou trait\u00e9s chimiquement. Il convient parfaitement aux personnes qui colorent, lissent, permanentent ou chauffent r\u00e9guli\u00e8rement leurs cheveux, ou qui ont les cheveux naturellement cr\u00e9pus, boucl\u00e9s ou ondul\u00e9s. Formul\u00e9 avec de l'huile de ricin noire de Jama\u00efque et du\u2026","rel":"","context":"Similar post","block_context":{"text":"Similar post","link":""},"img":{"alt_text":"","src":"","width":0,"height":0},"classes":[]},{"id":32377,"url":"https:\/\/sakaba.mghosteur.com\/en\/product\/sheamoisture-intensive-hydration-hair-masque-57g\/","url_meta":{"origin":26061,"position":2},"title":"SHEAMOISTURE INTENSIVE HYDRATION HAIR MASQUE 57g","author":"admin","date":"May 14, 2024","format":false,"excerpt":"D\u00e9couvrez ce produit enrichi d'extrait de figue et d'huile de baobab, con\u00e7u pour hydrater et revitaliser les cheveux extra secs et ab\u00eem\u00e9s. \u00c9labor\u00e9 avec du beurre de karit\u00e9 issu du commerce \u00e9quitable, ce produit est formul\u00e9 sans phtalates, parab\u00e8nes, huile min\u00e9rale, et n'est pas test\u00e9 sur les animaux, ni ne\u2026","rel":"","context":"Similar post","block_context":{"text":"Similar post","link":""},"img":{"alt_text":"","src":"","width":0,"height":0},"classes":[]},{"id":25936,"url":"https:\/\/sakaba.mghosteur.com\/en\/product\/mielle-rosemary-hair-masque\/","url_meta":{"origin":26061,"position":3},"title":"MIELLE  ROSEMARY  HAIR MASQUE","author":"admin","date":"November 23, 2022","format":false,"excerpt":"Le masque capillaire fortifiant au romarin et \u00e0 la menthe de Mielle est un masque capillaire compos\u00e9 d'ingr\u00e9dients naturels et biologiques tels que le romarin, l'huile de s\u00e9same, le miel et l'huile de coco. Il est con\u00e7u pour offrir une hydratation profonde et une force saine aux cheveux. Le masque\u2026","rel":"","context":"Similar post","block_context":{"text":"Similar post","link":""},"img":{"alt_text":"","src":"","width":0,"height":0},"classes":[]},{"id":26136,"url":"https:\/\/sakaba.mghosteur.com\/en\/product\/sunny-kle-black-castor-oil-intensive-repair-masque\/","url_meta":{"origin":26061,"position":4},"title":"SUNNY ISLE BLACK CASTOR OIL INTENSIVE REPAIR MASQUE","author":"admin","date":"November 24, 2022","format":false,"excerpt":"Ce traitement p\u00e9n\u00e9trant en profondeur est un puissant m\u00e9lange d'ingr\u00e9dients naturels, infus\u00e9 d'huile de ricin noire jama\u00efcaine pour hydrater et nourrir votre cuir chevelu ; laissant vos cheveux plus doux, plus sains et plus forts.","rel":"","context":"Similar post","block_context":{"text":"Similar post","link":""},"img":{"alt_text":"","src":"","width":0,"height":0},"classes":[]},{"id":35998,"url":"https:\/\/sakaba.mghosteur.com\/en\/product\/mielle-rice-water-collection-shine-mist-118ml\/","url_meta":{"origin":26061,"position":5},"title":"MIELLE RICE WATER COLLECTION SHINE MIST 118ML","author":"admin","date":"August 11, 2024","format":false,"excerpt":"Id\u00e9al pour r\u00e9hydrater et rafra\u00eechir les boucles. L'eau de riz et le yuzu sont la combinaison parfaite pour plus de brillance et d'hydratation.\u00a0\u00a0Cette brume l\u00e9g\u00e8re ajoute non seulement de la brillance, mais hydrate \u00e9galement et aide \u00e0 pr\u00e9venir les m\u00e8ches rebelles. Comment utiliser Appliquer sur cheveux humides ou secs, coiffer\u2026","rel":"","context":"Similar post","block_context":{"text":"Similar post","link":""},"img":{"alt_text":"","src":"","width":0,"height":0},"classes":[]}],"_links":{"self":[{"href":"https:\/\/sakaba.mghosteur.com\/en\/wp-json\/wp\/v2\/product\/26061","targetHints":{"allow":["GET"]}}],"collection":[{"href":"https:\/\/sakaba.mghosteur.com\/en\/wp-json\/wp\/v2\/product"}],"about":[{"href":"https:\/\/sakaba.mghosteur.com\/en\/wp-json\/wp\/v2\/types\/product"}],"replies":[{"embeddable":true,"href":"https:\/\/sakaba.mghosteur.com\/en\/wp-json\/wp\/v2\/comments?post=26061"}],"version-history":[{"count":0,"href":"https:\/\/sakaba.mghosteur.com\/en\/wp-json\/wp\/v2\/product\/26061\/revisions"}],"wp:attachment":[{"href":"https:\/\/sakaba.mghosteur.com\/en\/wp-json\/wp\/v2\/media?parent=26061"}],"wp:term":[{"taxonomy":"product_brand","embeddable":true,"href":"https:\/\/sakaba.mghosteur.com\/en\/wp-json\/wp\/v2\/product_brand?post=26061"},{"taxonomy":"product_cat","embeddable":true,"href":"https:\/\/sakaba.mghosteur.com\/en\/wp-json\/wp\/v2\/product_cat?post=26061"},{"taxonomy":"product_tag","embeddable":true,"href":"https:\/\/sakaba.mghosteur.com\/en\/wp-json\/wp\/v2\/product_tag?post=26061"}],"curies":[{"name":"wp","href":"https:\/\/api.w.org\/{rel}","templated":true}]}}