{"id":26064,"date":"2022-11-24T12:44:34","date_gmt":"2022-11-24T12:44:34","guid":{"rendered":"http:\/\/www.sakababeauty.com\/?post_type=product&#038;p=26064"},"modified":"2022-11-24T12:44:35","modified_gmt":"2022-11-24T12:44:35","slug":"carols-daughter-almond-milk-shampoo","status":"publish","type":"product","link":"https:\/\/sakaba.mghosteur.com\/en\/product\/carols-daughter-almond-milk-shampoo\/","title":{"rendered":"CAROLS DAUGHTER ALMOND MILK SHAMPOO"},"content":{"rendered":"","protected":false},"excerpt":{"rendered":"","protected":false},"featured_media":0,"comment_status":"closed","ping_status":"closed","template":"","meta":[],"product_brand":[],"product_cat":[284,368,339],"product_tag":[],"class_list":{"0":"post-26064","1":"product","2":"type-product","3":"status-publish","5":"product_cat-aad-cheveux","6":"product_cat-shampoing-et-apres-shampoing","7":"product_cat-soin-cheveux","9":"first","10":"instock","11":"shipping-taxable","12":"product-type-simple"},"jetpack-related-posts":[{"id":33963,"url":"https:\/\/sakaba.mghosteur.com\/en\/product\/almond-milk-sulfate-free-shampoo\/","url_meta":{"origin":26064,"position":0},"title":"ALMOND MILK SULFATE FREE SHAMPOO","author":"admin","date":"May 24, 2024","format":false,"excerpt":"","rel":"","context":"Similar post","block_context":{"text":"Similar post","link":""},"img":{"alt_text":"","src":"","width":0,"height":0},"classes":[]},{"id":26061,"url":"https:\/\/sakaba.mghosteur.com\/en\/product\/carols-daughter-almond-milk\/","url_meta":{"origin":26064,"position":1},"title":"CAROL\u2019S DAUGHTER ALMOND MILK ULTRA NOURISHING MASK","author":"admin","date":"November 24, 2022","format":false,"excerpt":"Le masque capillaire au lait d'amande aide \u00e0 r\u00e9parer les cheveux cass\u00e9s et trop trait\u00e9s pour qu'ils paraissent plus doux et plus sains plus longtemps, en inversant les dommages de l'int\u00e9rieur vers l'ext\u00e9rieur. Cr\u00e9\u00e9 pour les cheveux naturellement boucl\u00e9s,le masque utilise les ingr\u00e9dients dont vos boucles ont besoin, comme l'huile\u2026","rel":"","context":"Similar post","block_context":{"text":"Similar post","link":""},"img":{"alt_text":"","src":"","width":0,"height":0},"classes":[]},{"id":26088,"url":"https:\/\/sakaba.mghosteur.com\/en\/product\/carols-daughter-almond-milk-conditioner\/","url_meta":{"origin":26064,"position":2},"title":"CAROL\u2019S DAUGHTER ALMOND MILK CONDITIONER","author":"admin","date":"November 24, 2022","format":false,"excerpt":"R\u00e9paration quotidienne des dommages. Lait d'amande\/beurre d'alo\u00e8s\/huile de karit\u00e9. Inverse les dommages. Renforce et prot\u00e8ge les cheveux. Restaure la douceur. Fabriqu\u00e9 avec amour. Sans parab\u00e8nes. Sans p\u00e9trole. Sans huile min\u00e9rale. Sans colorants artificiels. Les dommages quotidiens caus\u00e9s par l'utilisation d'outils de coiffage chauffants, la coloration et m\u00eame les agressions environnementales\u2026","rel":"","context":"Similar post","block_context":{"text":"Similar post","link":""},"img":{"alt_text":"","src":"","width":0,"height":0},"classes":[]},{"id":33972,"url":"https:\/\/sakaba.mghosteur.com\/en\/product\/carlos-daughter-almond-milk-leave-in-conditioner\/","url_meta":{"origin":26064,"position":3},"title":"CAROL\u2019S DAUGHTER ALMOND MILK LEAVE IN CONDITIONER","author":"admin","date":"May 24, 2024","format":false,"excerpt":"Apr\u00e8s-shampoing l\u00e9ger sans rin\u00e7age qui prot\u00e8ge vos cheveux fragilis\u00e9s et trop trait\u00e9s contre les dommages futurs. Fabriqu\u00e9 avec du lait d'amande et certains des meilleurs nutriments, il fortifie et facilite le d\u00e9m\u00ealage sans casse, laissant les cheveux rebondis et brillants. N'h\u00e9sitez pas \u00e0 le vaporiser certains jours ou tous les\u2026","rel":"","context":"Similar post","block_context":{"text":"Similar post","link":""},"img":{"alt_text":"","src":"","width":0,"height":0},"classes":[]},{"id":33988,"url":"https:\/\/sakaba.mghosteur.com\/en\/product\/carols-daughter-fortifying-shampoo\/","url_meta":{"origin":26064,"position":4},"title":"CAROLS DAUGHTER FORTIFYING SHAMPOO","author":"admin","date":"May 24, 2024","format":false,"excerpt":"","rel":"","context":"Similar post","block_context":{"text":"Similar post","link":""},"img":{"alt_text":"","src":"","width":0,"height":0},"classes":[]},{"id":33960,"url":"https:\/\/sakaba.mghosteur.com\/en\/product\/almond-milk-restoring-conditioner\/","url_meta":{"origin":26064,"position":5},"title":"ALMOND MILK RESTORING CONDITIONER","author":"admin","date":"May 24, 2024","format":false,"excerpt":"","rel":"","context":"Similar post","block_context":{"text":"Similar post","link":""},"img":{"alt_text":"","src":"","width":0,"height":0},"classes":[]}],"_links":{"self":[{"href":"https:\/\/sakaba.mghosteur.com\/en\/wp-json\/wp\/v2\/product\/26064","targetHints":{"allow":["GET"]}}],"collection":[{"href":"https:\/\/sakaba.mghosteur.com\/en\/wp-json\/wp\/v2\/product"}],"about":[{"href":"https:\/\/sakaba.mghosteur.com\/en\/wp-json\/wp\/v2\/types\/product"}],"replies":[{"embeddable":true,"href":"https:\/\/sakaba.mghosteur.com\/en\/wp-json\/wp\/v2\/comments?post=26064"}],"version-history":[{"count":0,"href":"https:\/\/sakaba.mghosteur.com\/en\/wp-json\/wp\/v2\/product\/26064\/revisions"}],"wp:attachment":[{"href":"https:\/\/sakaba.mghosteur.com\/en\/wp-json\/wp\/v2\/media?parent=26064"}],"wp:term":[{"taxonomy":"product_brand","embeddable":true,"href":"https:\/\/sakaba.mghosteur.com\/en\/wp-json\/wp\/v2\/product_brand?post=26064"},{"taxonomy":"product_cat","embeddable":true,"href":"https:\/\/sakaba.mghosteur.com\/en\/wp-json\/wp\/v2\/product_cat?post=26064"},{"taxonomy":"product_tag","embeddable":true,"href":"https:\/\/sakaba.mghosteur.com\/en\/wp-json\/wp\/v2\/product_tag?post=26064"}],"curies":[{"name":"wp","href":"https:\/\/api.w.org\/{rel}","templated":true}]}}