{"id":26088,"date":"2022-11-24T12:47:40","date_gmt":"2022-11-24T12:47:40","guid":{"rendered":"http:\/\/www.sakababeauty.com\/?post_type=product&#038;p=26088"},"modified":"2024-08-15T11:04:36","modified_gmt":"2024-08-15T11:04:36","slug":"carols-daughter-almond-milk-conditioner","status":"publish","type":"product","link":"https:\/\/sakaba.mghosteur.com\/en\/product\/carols-daughter-almond-milk-conditioner\/","title":{"rendered":"CAROL\u2019S DAUGHTER ALMOND MILK CONDITIONER"},"content":{"rendered":"<p>R\u00e9paration quotidienne des dommages. Lait d&#8217;amande\/beurre d&#8217;alo\u00e8s\/huile de karit\u00e9. Inverse les dommages. Renforce et prot\u00e8ge les cheveux. Restaure la douceur. Fabriqu\u00e9 avec amour. Sans parab\u00e8nes. Sans p\u00e9trole. Sans huile min\u00e9rale. Sans colorants artificiels. Les dommages quotidiens caus\u00e9s par l&#8217;utilisation d&#8217;outils de coiffage chauffants, la coloration et m\u00eame les agressions environnementales peuvent laisser les cheveux extr\u00eamement ab\u00eem\u00e9s, poreux et rugueux. Am\u00e9liorez l&#8217;\u00e9tat des cheveux avec cette cr\u00e8me nourrissante qui restaure les cheveux fragilis\u00e9s et trop trait\u00e9s et r\u00e9duit les signes de dommages.<\/p>\n<p>Ingr\u00e9dients puissants \u00e0 l&#8217;\u0153uvre&nbsp;:<\/p>\n<p>Huile d&#8217;amande<\/p>\n<p>Beurre d&#8217;alo\u00e8s<\/p>\n<p>Huile de karit\u00e9<\/p>\n<p>Beurre de karit\u00e9<\/p>\n<p>Prot\u00e9ines v\u00e9g\u00e9tales<\/p>\n<p>Extrait de feuille d&#8217;alo\u00e8s<\/p>","protected":false},"excerpt":{"rendered":"<p>R\u00e9paration quotidienne des dommages. Lait d&#8217;amande\/beurre d&#8217;alo\u00e8s\/huile de karit\u00e9. Inverse les dommages. Renforce et prot\u00e8ge les cheveux. Restaure la douceur. Fabriqu\u00e9 avec amour. Sans parab\u00e8nes. Sans p\u00e9trole. Sans huile min\u00e9rale. Sans colorants artificiels. Les dommages quotidiens caus\u00e9s par l&#8217;utilisation d&#8217;outils de coiffage chauffants, la coloration et m\u00eame les agressions environnementales peuvent laisser les cheveux extr\u00eamement<span class=\"read-more-faq\"><a href=\"https:\/\/sakaba.mghosteur.com\/en\/product\/carols-daughter-almond-milk-conditioner\/\">Read More<\/a><\/span><\/p>","protected":false},"featured_media":0,"comment_status":"closed","ping_status":"closed","template":"","meta":[],"product_brand":[],"product_cat":[284,368],"product_tag":[],"class_list":{"0":"post-26088","1":"product","2":"type-product","3":"status-publish","5":"product_cat-aad-cheveux","6":"product_cat-shampoing-et-apres-shampoing","8":"first","9":"instock","10":"shipping-taxable","11":"product-type-simple"},"jetpack-related-posts":[{"id":26061,"url":"https:\/\/sakaba.mghosteur.com\/en\/product\/carols-daughter-almond-milk\/","url_meta":{"origin":26088,"position":0},"title":"CAROL\u2019S DAUGHTER ALMOND MILK ULTRA NOURISHING MASK","author":"admin","date":"November 24, 2022","format":false,"excerpt":"Le masque capillaire au lait d'amande aide \u00e0 r\u00e9parer les cheveux cass\u00e9s et trop trait\u00e9s pour qu'ils paraissent plus doux et plus sains plus longtemps, en inversant les dommages de l'int\u00e9rieur vers l'ext\u00e9rieur. Cr\u00e9\u00e9 pour les cheveux naturellement boucl\u00e9s,le masque utilise les ingr\u00e9dients dont vos boucles ont besoin, comme l'huile\u2026","rel":"","context":"Similar post","block_context":{"text":"Similar post","link":""},"img":{"alt_text":"","src":"","width":0,"height":0},"classes":[]},{"id":32380,"url":"https:\/\/sakaba.mghosteur.com\/en\/product\/sheamoisture-moisturizing-shampoo\/","url_meta":{"origin":26088,"position":1},"title":"SheaMoisture MOISTURIZING SHAMPOO","author":"admin","date":"May 14, 2024","format":false,"excerpt":"Le Shampooing Hydratant SheaMoisture pour Hommes est sp\u00e9cialement con\u00e7u pour prendre soin des cheveux masculins et restaure d\u00e9licatement l'hydratation des cheveux secs. Fabriqu\u00e9 avec des ingr\u00e9dients naturels comme le beurre de karit\u00e9 brut \u00e9quitable et l'huile de Mafura, ce shampooing pour hommes transforme les cheveux secs en cheveux sains. Profitez\u2026","rel":"","context":"Similar post","block_context":{"text":"Similar post","link":""},"img":{"alt_text":"","src":"","width":0,"height":0},"classes":[]},{"id":31729,"url":"https:\/\/sakaba.mghosteur.com\/en\/product\/medix-5-5-vitamin-c-tumeric-brighten-film-444ml\/","url_meta":{"origin":26088,"position":2},"title":"MEDIX 5.5 VITAMIN C + TUMERIC BRIGHTEN +FILM 444ML","author":"admin","date":"May 10, 2024","format":false,"excerpt":"VITAMINE C \u2013 Int\u00e9grez une lotion corporelle infus\u00e9e de vitamine C dans votre routine de soins quotidiens pour favoriser un teint plus sain, plus radieux et plus jeune. La vitamine C aide \u00e0 uniformiser le teint, tout en stimulant la production de collag\u00e8ne pour am\u00e9liorer l'\u00e9lasticit\u00e9 et la fermet\u00e9 de\u2026","rel":"","context":"Similar post","block_context":{"text":"Similar post","link":""},"img":{"alt_text":"","src":"","width":0,"height":0},"classes":[]},{"id":32377,"url":"https:\/\/sakaba.mghosteur.com\/en\/product\/sheamoisture-intensive-hydration-hair-masque-57g\/","url_meta":{"origin":26088,"position":3},"title":"SHEAMOISTURE INTENSIVE HYDRATION HAIR MASQUE 57g","author":"admin","date":"May 14, 2024","format":false,"excerpt":"D\u00e9couvrez ce produit enrichi d'extrait de figue et d'huile de baobab, con\u00e7u pour hydrater et revitaliser les cheveux extra secs et ab\u00eem\u00e9s. \u00c9labor\u00e9 avec du beurre de karit\u00e9 issu du commerce \u00e9quitable, ce produit est formul\u00e9 sans phtalates, parab\u00e8nes, huile min\u00e9rale, et n'est pas test\u00e9 sur les animaux, ni ne\u2026","rel":"","context":"Similar post","block_context":{"text":"Similar post","link":""},"img":{"alt_text":"","src":"","width":0,"height":0},"classes":[]},{"id":32362,"url":"https:\/\/sakaba.mghosteur.com\/en\/product\/sheamoisture-beard-conditioning-oil\/","url_meta":{"origin":26088,"position":4},"title":"SheaMoisture BEARD CONDITIONING OIL","author":"admin","date":"May 14, 2024","format":false,"excerpt":"D\u00e9couvrez notre Huile revitalisante pour barbe \u00e0 l'huile de maracuja et au beurre de karit\u00e9 Shea Moisture, une solution de qualit\u00e9 pour l'entretien de votre barbe. Con\u00e7ue sp\u00e9cialement pour les hommes, cette huile est un incontournable pour ceux qui cherchent \u00e0 hydrater et \u00e0 adoucir leur barbe. L'huile de maracuja\u2026","rel":"","context":"Similar post","block_context":{"text":"Similar post","link":""},"img":{"alt_text":"","src":"","width":0,"height":0},"classes":[]},{"id":56161,"url":"https:\/\/sakaba.mghosteur.com\/en\/product\/dr-teals-body-lotion-glow-radiance\/","url_meta":{"origin":26088,"position":5},"title":"Dr Teal&#8217;s Body Lotion  Glow &#038; Radiance","author":"Sope DIA","date":"January 2, 2026","format":false,"excerpt":"La lotion corporelle au sel d'Epsom pur du Dr Teal offre un m\u00e9lange parfait pour des soins complets de la peau. Obtenez une peau \u00e9clatante et jeune gr\u00e2ce aux effets de la vitamine C Profitez des bienfaits stimulants des huiles essentielles d'agrumes sur votre moral. L'association d'aloe vera, de beurre\u2026","rel":"","context":"Similar post","block_context":{"text":"Similar post","link":""},"img":{"alt_text":"","src":"","width":0,"height":0},"classes":[]}],"_links":{"self":[{"href":"https:\/\/sakaba.mghosteur.com\/en\/wp-json\/wp\/v2\/product\/26088","targetHints":{"allow":["GET"]}}],"collection":[{"href":"https:\/\/sakaba.mghosteur.com\/en\/wp-json\/wp\/v2\/product"}],"about":[{"href":"https:\/\/sakaba.mghosteur.com\/en\/wp-json\/wp\/v2\/types\/product"}],"replies":[{"embeddable":true,"href":"https:\/\/sakaba.mghosteur.com\/en\/wp-json\/wp\/v2\/comments?post=26088"}],"version-history":[{"count":0,"href":"https:\/\/sakaba.mghosteur.com\/en\/wp-json\/wp\/v2\/product\/26088\/revisions"}],"wp:attachment":[{"href":"https:\/\/sakaba.mghosteur.com\/en\/wp-json\/wp\/v2\/media?parent=26088"}],"wp:term":[{"taxonomy":"product_brand","embeddable":true,"href":"https:\/\/sakaba.mghosteur.com\/en\/wp-json\/wp\/v2\/product_brand?post=26088"},{"taxonomy":"product_cat","embeddable":true,"href":"https:\/\/sakaba.mghosteur.com\/en\/wp-json\/wp\/v2\/product_cat?post=26088"},{"taxonomy":"product_tag","embeddable":true,"href":"https:\/\/sakaba.mghosteur.com\/en\/wp-json\/wp\/v2\/product_tag?post=26088"}],"curies":[{"name":"wp","href":"https:\/\/api.w.org\/{rel}","templated":true}]}}