{"id":26090,"date":"2022-11-24T12:52:27","date_gmt":"2022-11-24T12:52:27","guid":{"rendered":"http:\/\/www.sakababeauty.com\/?post_type=product&#038;p=26090"},"modified":"2024-08-10T21:42:34","modified_gmt":"2024-08-10T21:42:34","slug":"mielle-rice-water-clay-masque","status":"publish","type":"product","link":"https:\/\/sakaba.mghosteur.com\/en\/product\/mielle-rice-water-clay-masque\/","title":{"rendered":"MIELLE RICE WATER CLAY MASQUE"},"content":{"rendered":"<p>Con\u00e7u pour d\u00e9toxifier en \u00e9liminant les impuret\u00e9s tout en r\u00e9hydratant les cheveux et la peau. Des ingr\u00e9dients tels que l&#8217;eau de riz et le yuzu hydratent \u00e0 la fois les cheveux et le corps.<\/p>\n<p>Principaux avantages&nbsp;:<\/p>\n<p>Con\u00e7u pour le cuir chevelu, les cheveux et le corps<\/p>\n<p>D\u00e9toxifie et \u00e9limine les impuret\u00e9s<\/p>\n<p>R\u00e9hydrate les cheveux et la peau<\/p>\n<p>Comment utiliser?<\/p>\n<p>Apr\u00e8s le shampooing, appliquez une quantit\u00e9 g\u00e9n\u00e9reuse de produit sur les cheveux humides de la racine \u00e0 la pointe, laissez agir 15 \u00e0 30 minutes recouvert d&#8217;un bonnet en plastique et rincez. Appliquez ensuite un apr\u00e8s-shampooing en profondeur. Peut \u00eatre utilis\u00e9 toutes les deux semaines.<\/p>\n<p>Utilisation corporelle : Appliquez sur le corps, laissez agir 15 \u00e0 20 minutes et rincez \u00e0 l&#8217;eau ti\u00e8de.<\/p>\n<p>Ce produit peut \u00eatre utilis\u00e9 sur les bras, les jambes, le haut de la poitrine, le dos et le grand fessier. Effectuez un test cutan\u00e9 pour v\u00e9rifier l&#8217;absence de r\u00e9action allergique avant utilisation. Testez une petite quantit\u00e9 de produit sur le pli int\u00e9rieur du coude ou sur le cuir chevelu et attendez 24 heures. Si une r\u00e9action se produit, ne continuez pas. S&#8217;il n&#8217;y a pas de r\u00e9action, vous pouvez continuer l&#8217;utilisation.<\/p>","protected":false},"excerpt":{"rendered":"<p>Con\u00e7u pour d\u00e9toxifier en \u00e9liminant les impuret\u00e9s tout en r\u00e9hydratant les cheveux et la peau. Des ingr\u00e9dients tels que l&#8217;eau de riz et le yuzu hydratent \u00e0 la fois les cheveux et le corps. Principaux avantages&nbsp;: Con\u00e7u pour le cuir chevelu, les cheveux et le corps D\u00e9toxifie et \u00e9limine les impuret\u00e9s R\u00e9hydrate les cheveux et<span class=\"read-more-faq\"><a href=\"https:\/\/sakaba.mghosteur.com\/en\/product\/mielle-rice-water-clay-masque\/\">Read More<\/a><\/span><\/p>","protected":false},"featured_media":0,"comment_status":"closed","ping_status":"closed","template":"","meta":[],"product_brand":[],"product_cat":[284,368],"product_tag":[],"class_list":{"0":"post-26090","1":"product","2":"type-product","3":"status-publish","5":"product_cat-aad-cheveux","6":"product_cat-shampoing-et-apres-shampoing","8":"first","9":"instock","10":"shipping-taxable","11":"product-type-simple"},"jetpack-related-posts":[{"id":36008,"url":"https:\/\/sakaba.mghosteur.com\/en\/product\/mielle-rice-water-aloe-vera-deep-conditioner-227g\/","url_meta":{"origin":26090,"position":0},"title":"MIELLE RICE WATER &amp; ALOE VERA DEEP CONDITIONER 227G","author":"admin","date":"August 11, 2024","format":false,"excerpt":"Description Donnez \u00e0 vos cheveux secs ou ab\u00eem\u00e9s un coup de pouce avec de l'eau de riz, du yuzu et de l'aloe vera. Ces ingr\u00e9dients aident \u00e0 r\u00e9duire les pointes fourchues, les frisottis et les cassures. Hydratez et prot\u00e9gez vos cheveux en ajoutant des nutriments \u00e0 chaque m\u00e8che pour des\u2026","rel":"","context":"Similar post","block_context":{"text":"Similar post","link":""},"img":{"alt_text":"","src":"","width":0,"height":0},"classes":[]},{"id":36011,"url":"https:\/\/sakaba.mghosteur.com\/en\/product\/mielle-rice-water-collection-split-end-therapy-59ml\/","url_meta":{"origin":26090,"position":1},"title":"MIELLE RICE WATER COLLECTION SPLIT END THERAPY 59ML","author":"admin","date":"August 11, 2024","format":false,"excerpt":"Des ingr\u00e9dients tels que l'eau de riz et le yuzu aident \u00e0 nourrir les cheveux et \u00e0 pr\u00e9venir les dommages futurs. Assez l\u00e9ger pour \u00eatre utilis\u00e9 quotidiennement.\u00a0\u00a0Ce produit l\u00e9ger est con\u00e7u pour renforcer les pointes fourchues. Principaux avantages : Renforce contre les pointes fourchues Nourrit et pr\u00e9vient les dommages futurs\u2026","rel":"","context":"Similar post","block_context":{"text":"Similar post","link":""},"img":{"alt_text":"","src":"","width":0,"height":0},"classes":[]},{"id":31680,"url":"https:\/\/sakaba.mghosteur.com\/en\/product\/sulfur8-medicated-deep-cleaning-shampoo-340ml\/","url_meta":{"origin":26090,"position":2},"title":"SULFUR8 MEDICATED DEEP CLEANING SHAMPOO 340ML","author":"admin","date":"May 10, 2024","format":false,"excerpt":"D\u00e9couvrez Sulfur 8, un shampooing efficace con\u00e7u pour \u00e9liminer les pellicules des cheveux et du cuir chevelu. Sa formule sp\u00e9ciale aide \u00e0 restaurer l'\u00e9quilibre naturel du cuir chevelu tout en laissant les cheveux doux et facilement coiffables. Les points forts de Sulfur 8 : - \u00c9limine efficacement les pellicules -\u2026","rel":"","context":"Similar post","block_context":{"text":"Similar post","link":""},"img":{"alt_text":"","src":"","width":0,"height":0},"classes":[]},{"id":31943,"url":"https:\/\/sakaba.mghosteur.com\/en\/product\/camille-rose-algae-renew-deep-conditioing-mask\/","url_meta":{"origin":26090,"position":3},"title":"CAMILLE ROSE ALGAE RENEW DEEP CONDITIONING MASK","author":"admin","date":"May 13, 2024","format":false,"excerpt":"Un soin hydratant et fortifiant riche en vitamines, infus\u00e9 d'algues bleu-vert. Ce soin riche est infus\u00e9 d'un m\u00e9lange d'algues bleu-vert pures, contenant 65 vitamines, min\u00e9raux et antioxydants. Le cacao non raffin\u00e9 et le beurre de mangue sont astucieusement m\u00e9lang\u00e9s dans cette formule revitalisante intense en profondeur pour un maximum de\u2026","rel":"","context":"Similar post","block_context":{"text":"Similar post","link":""},"img":{"alt_text":"","src":"","width":0,"height":0},"classes":[]},{"id":31675,"url":"https:\/\/sakaba.mghosteur.com\/en\/product\/sulfur8-medicated-deep-cleaning-shampoo-222ml\/","url_meta":{"origin":26090,"position":4},"title":"SULFUR8 MEDICATED DEEP CLEANING SHAMPOO 222ML","author":"admin","date":"May 10, 2024","format":false,"excerpt":"D\u00e9couvrez Sulfur 8, un shampooing efficace con\u00e7u pour \u00e9liminer les pellicules des cheveux et du cuir chevelu. Sa formule sp\u00e9ciale aide \u00e0 restaurer l'\u00e9quilibre naturel du cuir chevelu tout en laissant les cheveux doux et facilement coiffables. Les points forts de Sulfur 8 : - \u00c9limine efficacement les pellicules -\u2026","rel":"","context":"Similar post","block_context":{"text":"Similar post","link":""},"img":{"alt_text":"","src":"","width":0,"height":0},"classes":[]},{"id":31951,"url":"https:\/\/sakaba.mghosteur.com\/en\/product\/camille-rose-algae-renew-deep-conditioning-mask-cocoa-mango-butter-50ml\/","url_meta":{"origin":26090,"position":5},"title":"CAMILLE ROSE ALGAE RENEW DEEP CONDITIONING MASK &#8211; SACHET DE 50 ML","author":"admin","date":"May 13, 2024","format":false,"excerpt":"Un soin hydratant et fortifiant riche en vitamines, infus\u00e9 d'algues bleu-vert. Ce soin riche est infus\u00e9 d'un m\u00e9lange d'algues bleu-vert pures, contenant 65 vitamines, min\u00e9raux et antioxydants. Le cacao non raffin\u00e9 et le beurre de mangue sont astucieusement m\u00e9lang\u00e9s dans cette formule revitalisante intense en profondeur pour un maximum de\u2026","rel":"","context":"Similar post","block_context":{"text":"Similar post","link":""},"img":{"alt_text":"","src":"","width":0,"height":0},"classes":[]}],"_links":{"self":[{"href":"https:\/\/sakaba.mghosteur.com\/en\/wp-json\/wp\/v2\/product\/26090","targetHints":{"allow":["GET"]}}],"collection":[{"href":"https:\/\/sakaba.mghosteur.com\/en\/wp-json\/wp\/v2\/product"}],"about":[{"href":"https:\/\/sakaba.mghosteur.com\/en\/wp-json\/wp\/v2\/types\/product"}],"replies":[{"embeddable":true,"href":"https:\/\/sakaba.mghosteur.com\/en\/wp-json\/wp\/v2\/comments?post=26090"}],"version-history":[{"count":0,"href":"https:\/\/sakaba.mghosteur.com\/en\/wp-json\/wp\/v2\/product\/26090\/revisions"}],"wp:attachment":[{"href":"https:\/\/sakaba.mghosteur.com\/en\/wp-json\/wp\/v2\/media?parent=26090"}],"wp:term":[{"taxonomy":"product_brand","embeddable":true,"href":"https:\/\/sakaba.mghosteur.com\/en\/wp-json\/wp\/v2\/product_brand?post=26090"},{"taxonomy":"product_cat","embeddable":true,"href":"https:\/\/sakaba.mghosteur.com\/en\/wp-json\/wp\/v2\/product_cat?post=26090"},{"taxonomy":"product_tag","embeddable":true,"href":"https:\/\/sakaba.mghosteur.com\/en\/wp-json\/wp\/v2\/product_tag?post=26090"}],"curies":[{"name":"wp","href":"https:\/\/api.w.org\/{rel}","templated":true}]}}