{"id":26092,"date":"2022-11-24T12:53:53","date_gmt":"2022-11-24T12:53:53","guid":{"rendered":"http:\/\/www.sakababeauty.com\/?post_type=product&#038;p=26092"},"modified":"2024-08-10T20:54:18","modified_gmt":"2024-08-10T20:54:18","slug":"mielle-babassu-mint-deep-conditioner","status":"publish","type":"product","link":"https:\/\/sakaba.mghosteur.com\/en\/product\/mielle-babassu-mint-deep-conditioner\/","title":{"rendered":"MIELLE BABASSU &amp; MINT DEEP CONDITIONER"},"content":{"rendered":"<p>Le revitalisant en profondeur \u00e0 base de prot\u00e9ines et d&#8217;hydratation \u00e0 l&#8217;huile de babassu et \u00e0 la menthe restaurera les cheveux secs et ab\u00eem\u00e9s. Ce fruit de palmier originaire d&#8217;Amazonie est riche en st\u00e9rols et en tocoph\u00e9rols, qui sont sains pour les cheveux et le cuir chevelu. Enrichi en acides gras qui apportent une douceur riche aux cheveux. D\u00e9riv\u00e9 d&#8217;huiles naturelles et d&#8217;alcool c\u00e9t\u00e9arylique qui aide \u00e0 r\u00e9duire les frisottis et les cheveux rebelles.<\/p>\n<p>Comment utiliser?<\/p>\n<p>Apr\u00e8s le shampooing, divisez les cheveux en quatre sections. Appliquez sur les cheveux humides de la racine \u00e0 la pointe. Couvrez avec un bonnet en plastique pendant 15 minutes. Pour un traitement intense, asseyez-vous sous le s\u00e8che-cheveux pendant 30 minutes. Rincez les cheveux \u00e0 l&#8217;eau froide. Coiffez comme vous le souhaitez.<\/p>","protected":false},"excerpt":{"rendered":"<p>Le revitalisant en profondeur \u00e0 base de prot\u00e9ines et d&#8217;hydratation \u00e0 l&#8217;huile de babassu et \u00e0 la menthe restaurera les cheveux secs et ab\u00eem\u00e9s. Ce fruit de palmier originaire d&#8217;Amazonie est riche en st\u00e9rols et en tocoph\u00e9rols, qui sont sains pour les cheveux et le cuir chevelu. Enrichi en acides gras qui apportent une douceur<span class=\"read-more-faq\"><a href=\"https:\/\/sakaba.mghosteur.com\/en\/product\/mielle-babassu-mint-deep-conditioner\/\">Read More<\/a><\/span><\/p>","protected":false},"featured_media":0,"comment_status":"closed","ping_status":"closed","template":"","meta":[],"product_brand":[],"product_cat":[284,368],"product_tag":[],"class_list":{"0":"post-26092","1":"product","2":"type-product","3":"status-publish","5":"product_cat-aad-cheveux","6":"product_cat-shampoing-et-apres-shampoing","8":"first","9":"instock","10":"shipping-taxable","11":"product-type-simple"},"jetpack-related-posts":[{"id":26104,"url":"https:\/\/sakaba.mghosteur.com\/en\/product\/mielle-babassu-conditioning-shampoo\/","url_meta":{"origin":26092,"position":0},"title":"MIELLE BABASSU CONDITIONING SHAMPOO","author":"admin","date":"November 24, 2022","format":false,"excerpt":"Le shampooing revitalisant Babassu est un nettoyant doux qui adoucit et renforce vos cheveux avec de riches agents hydratants, en utilisant de l'huile de babassu certifi\u00e9e biologique pour de beaux r\u00e9sultats Avantages cl\u00e9s: formule l\u00e9g\u00e8re et sans sulfate formul\u00e9e pour les cheveux secs et boucl\u00e9s fabriqu\u00e9e avec de l'huile de\u2026","rel":"","context":"Similar post","block_context":{"text":"Similar post","link":""},"img":{"alt_text":"","src":"","width":0,"height":0},"classes":[]},{"id":26094,"url":"https:\/\/sakaba.mghosteur.com\/en\/product\/mielle-pomegranate-honey-coil-sculpting-custard\/","url_meta":{"origin":26092,"position":1},"title":"MIELLE POMEGRANATE &amp; HONEY COIL SCULPTING CUSTARD","author":"admin","date":"November 24, 2022","format":false,"excerpt":"Vous avez des probl\u00e8mes de boucles s\u00e8ches et assoiff\u00e9es? Le gel coiffant sculptant pour boucles \u00e0 la grenade et au miel de Mielle est une bouff\u00e9e d\u2019air frais! Hydratation, d\u00e9finition des boucles, brillance longue dur\u00e9e : tout y est. Cette formule \u00e9paisse et d\u00e9licieusement parfum\u00e9e est con\u00e7ue pour les cheveux\u2026","rel":"","context":"Similar post","block_context":{"text":"Similar post","link":""},"img":{"alt_text":"","src":"","width":0,"height":0},"classes":[]},{"id":26108,"url":"https:\/\/sakaba.mghosteur.com\/en\/product\/mielle-pomegranate-honey-curl-smoothie\/","url_meta":{"origin":26092,"position":2},"title":"MIELLE POMEGRANATE &amp; HONEY CURL SMOOTHIE","author":"admin","date":"November 24, 2022","format":false,"excerpt":"Ce d\u00e9licieux smoothie pour boucles apporte une hydratation et une force incroyables gr\u00e2ce \u00e0 des ingr\u00e9dients sains comme l'extrait de grenade, le miel et l'huile de babassu, et il est tr\u00e8s facile \u00e0 utiliser. Appliquez simplement le smoothie sur vos cheveux de la racine \u00e0 la pointe, en veillant \u00e0\u2026","rel":"","context":"Similar post","block_context":{"text":"Similar post","link":""},"img":{"alt_text":"","src":"","width":0,"height":0},"classes":[]},{"id":26096,"url":"https:\/\/sakaba.mghosteur.com\/en\/product\/mielle-honey-ginger-styling-gel\/","url_meta":{"origin":26092,"position":3},"title":"MIELLE HONEY &amp; GINGER STYLING GEL","author":"admin","date":"November 24, 2022","format":false,"excerpt":"Obtenez les coiffures que vous aimez tout en favorisant des cheveux plus sains et plus forts avec le gel coiffant au miel et au gingembre de Mielle. La formule est compos\u00e9e d'ingr\u00e9dients certifi\u00e9s biologiques, notamment du miel, du gingembre, de l'extrait d'alo\u00e8s et de l'huile de babassu. Ces ingr\u00e9dients naturels\u2026","rel":"","context":"Similar post","block_context":{"text":"Similar post","link":""},"img":{"alt_text":"","src":"","width":0,"height":0},"classes":[]},{"id":26100,"url":"https:\/\/sakaba.mghosteur.com\/en\/product\/mielle-progranate-honey-leave-in-conditioner\/","url_meta":{"origin":26092,"position":4},"title":"MIELLE POMEGRANATE &amp; HONEY LEAVE IN CONDITIONER","author":"admin","date":"November 24, 2022","format":false,"excerpt":"Cet apr\u00e8s-shampoing est l\u00e9ger, facile \u00e0 utiliser et sent bon! Il est indispensable de bien d\u00e9m\u00ealer vos cheveux, et cet apr\u00e8s-shampoing sans rin\u00e7age d\u00e9m\u00ealera chaque m\u00e8che. Il emprisonnera \u00e9galement l'humidit\u00e9 suppl\u00e9mentaire, offrant une hydratation longue dur\u00e9e et prot\u00e9geant les cheveux avec un merveilleux m\u00e9lange d'huile de babassu et d'extraits d'agrumes.\u2026","rel":"","context":"Similar post","block_context":{"text":"Similar post","link":""},"img":{"alt_text":"","src":"","width":0,"height":0},"classes":[]},{"id":26102,"url":"https:\/\/sakaba.mghosteur.com\/en\/product\/mielle-pomegranate-honey-shampoo\/","url_meta":{"origin":26092,"position":5},"title":"MIELLE POMEGRANATE &amp; HONEY SHAMPOO","author":"admin","date":"November 24, 2022","format":false,"excerpt":"Le shampooing hydratant et d\u00e9m\u00ealant \u00e0 la grenade et au miel de Mielle utilise des ingr\u00e9dients frais comme le miel et l\u2019huile de babassu pour \u00e9liminer la salet\u00e9 et l\u2019huile de vos cheveux tout en pr\u00e9servant l\u2019hydratation dont ils ont tant besoin. Ce shampooing forme une mousse luxueuse et a\u2026","rel":"","context":"Similar post","block_context":{"text":"Similar post","link":""},"img":{"alt_text":"","src":"","width":0,"height":0},"classes":[]}],"_links":{"self":[{"href":"https:\/\/sakaba.mghosteur.com\/en\/wp-json\/wp\/v2\/product\/26092","targetHints":{"allow":["GET"]}}],"collection":[{"href":"https:\/\/sakaba.mghosteur.com\/en\/wp-json\/wp\/v2\/product"}],"about":[{"href":"https:\/\/sakaba.mghosteur.com\/en\/wp-json\/wp\/v2\/types\/product"}],"replies":[{"embeddable":true,"href":"https:\/\/sakaba.mghosteur.com\/en\/wp-json\/wp\/v2\/comments?post=26092"}],"version-history":[{"count":0,"href":"https:\/\/sakaba.mghosteur.com\/en\/wp-json\/wp\/v2\/product\/26092\/revisions"}],"wp:attachment":[{"href":"https:\/\/sakaba.mghosteur.com\/en\/wp-json\/wp\/v2\/media?parent=26092"}],"wp:term":[{"taxonomy":"product_brand","embeddable":true,"href":"https:\/\/sakaba.mghosteur.com\/en\/wp-json\/wp\/v2\/product_brand?post=26092"},{"taxonomy":"product_cat","embeddable":true,"href":"https:\/\/sakaba.mghosteur.com\/en\/wp-json\/wp\/v2\/product_cat?post=26092"},{"taxonomy":"product_tag","embeddable":true,"href":"https:\/\/sakaba.mghosteur.com\/en\/wp-json\/wp\/v2\/product_tag?post=26092"}],"curies":[{"name":"wp","href":"https:\/\/api.w.org\/{rel}","templated":true}]}}