{"id":26096,"date":"2022-11-24T12:56:44","date_gmt":"2022-11-24T12:56:44","guid":{"rendered":"http:\/\/www.sakababeauty.com\/?post_type=product&#038;p=26096"},"modified":"2024-08-10T21:10:17","modified_gmt":"2024-08-10T21:10:17","slug":"mielle-honey-ginger-styling-gel","status":"publish","type":"product","link":"https:\/\/sakaba.mghosteur.com\/en\/product\/mielle-honey-ginger-styling-gel\/","title":{"rendered":"MIELLE HONEY &amp; GINGER STYLING GEL"},"content":{"rendered":"<p>Obtenez les coiffures que vous aimez tout en favorisant des cheveux plus sains et plus forts avec le gel coiffant au miel et au gingembre de Mielle. La formule est compos\u00e9e d&#8217;ingr\u00e9dients certifi\u00e9s biologiques, notamment du miel, du gingembre, de l&#8217;extrait d&#8217;alo\u00e8s et de l&#8217;huile de babassu. Ces ingr\u00e9dients naturels nourrissent vos cheveux tout en leur offrant une tenue facile \u00e0 coiffer. Obtenez une d\u00e9finition des boucles, des bords lisses et une r\u00e9duction des frisottis pour votre routine quotidienne sans vous soucier de l&#8217;accumulation de produits ou de produits chimiques nocifs.<\/p>\n<p>Comment utiliser?<\/p>\n<p>Appliquez une quantit\u00e9 g\u00e9n\u00e9reuse de produit (sur cheveux fra\u00eechement nettoy\u00e9s) sur cheveux humides, de la racine \u00e0 la pointe. Coiffez comme vous le souhaitez en utilisant de la chaleur ou en laissant s\u00e9cher \u00e0 l&#8217;air libre. Le 2e ou 3e jour, vaporisez les cheveux avec de l&#8217;eau jusqu&#8217;\u00e0 ce qu&#8217;ils soient humides. Appliquez une quantit\u00e9 g\u00e9n\u00e9reuse de produit sur vos cheveux. Coiffez comme vous le souhaitez.<\/p>","protected":false},"excerpt":{"rendered":"<p>Obtenez les coiffures que vous aimez tout en favorisant des cheveux plus sains et plus forts avec le gel coiffant au miel et au gingembre de Mielle. La formule est compos\u00e9e d&#8217;ingr\u00e9dients certifi\u00e9s biologiques, notamment du miel, du gingembre, de l&#8217;extrait d&#8217;alo\u00e8s et de l&#8217;huile de babassu. Ces ingr\u00e9dients naturels nourrissent vos cheveux tout en<span class=\"read-more-faq\"><a href=\"https:\/\/sakaba.mghosteur.com\/en\/product\/mielle-honey-ginger-styling-gel\/\">Read More<\/a><\/span><\/p>","protected":false},"featured_media":0,"comment_status":"closed","ping_status":"closed","template":"","meta":[],"product_brand":[],"product_cat":[284,336],"product_tag":[],"class_list":{"0":"post-26096","1":"product","2":"type-product","3":"status-publish","5":"product_cat-aad-cheveux","6":"product_cat-coiffant-fixant","8":"first","9":"instock","10":"shipping-taxable","11":"product-type-simple"},"jetpack-related-posts":[{"id":26094,"url":"https:\/\/sakaba.mghosteur.com\/en\/product\/mielle-pomegranate-honey-coil-sculpting-custard\/","url_meta":{"origin":26096,"position":0},"title":"MIELLE POMEGRANATE &amp; HONEY COIL SCULPTING CUSTARD","author":"admin","date":"November 24, 2022","format":false,"excerpt":"Vous avez des probl\u00e8mes de boucles s\u00e8ches et assoiff\u00e9es? Le gel coiffant sculptant pour boucles \u00e0 la grenade et au miel de Mielle est une bouff\u00e9e d\u2019air frais! Hydratation, d\u00e9finition des boucles, brillance longue dur\u00e9e : tout y est. Cette formule \u00e9paisse et d\u00e9licieusement parfum\u00e9e est con\u00e7ue pour les cheveux\u2026","rel":"","context":"Similar post","block_context":{"text":"Similar post","link":""},"img":{"alt_text":"","src":"","width":0,"height":0},"classes":[]},{"id":25951,"url":"https:\/\/sakaba.mghosteur.com\/en\/product\/mielle-rosemary-mint-creme\/","url_meta":{"origin":26096,"position":1},"title":"MIELLE ROSEMARY MINT STYLING CREAM","author":"admin","date":"November 23, 2022","format":false,"excerpt":"La cr\u00e8me coiffante quotidienne au romarin et \u00e0 la menthe de Mielle est une cr\u00e8me gel \u00e0 double usage con\u00e7ue pour vous aider \u00e0 obtenir des coiffures impeccables et des cheveux plus sains ! Fabriqu\u00e9e \u00e0 partir d'ingr\u00e9dients certifi\u00e9s biologiques, cette formule personnalis\u00e9e hydrate et nourrit vos cheveux sans les\u2026","rel":"","context":"Similar post","block_context":{"text":"Similar post","link":""},"img":{"alt_text":"","src":"","width":0,"height":0},"classes":[]},{"id":26102,"url":"https:\/\/sakaba.mghosteur.com\/en\/product\/mielle-pomegranate-honey-shampoo\/","url_meta":{"origin":26096,"position":2},"title":"MIELLE POMEGRANATE &amp; HONEY SHAMPOO","author":"admin","date":"November 24, 2022","format":false,"excerpt":"Le shampooing hydratant et d\u00e9m\u00ealant \u00e0 la grenade et au miel de Mielle utilise des ingr\u00e9dients frais comme le miel et l\u2019huile de babassu pour \u00e9liminer la salet\u00e9 et l\u2019huile de vos cheveux tout en pr\u00e9servant l\u2019hydratation dont ils ont tant besoin. Ce shampooing forme une mousse luxueuse et a\u2026","rel":"","context":"Similar post","block_context":{"text":"Similar post","link":""},"img":{"alt_text":"","src":"","width":0,"height":0},"classes":[]},{"id":26108,"url":"https:\/\/sakaba.mghosteur.com\/en\/product\/mielle-pomegranate-honey-curl-smoothie\/","url_meta":{"origin":26096,"position":3},"title":"MIELLE POMEGRANATE &amp; HONEY CURL SMOOTHIE","author":"admin","date":"November 24, 2022","format":false,"excerpt":"Ce d\u00e9licieux smoothie pour boucles apporte une hydratation et une force incroyables gr\u00e2ce \u00e0 des ingr\u00e9dients sains comme l'extrait de grenade, le miel et l'huile de babassu, et il est tr\u00e8s facile \u00e0 utiliser. Appliquez simplement le smoothie sur vos cheveux de la racine \u00e0 la pointe, en veillant \u00e0\u2026","rel":"","context":"Similar post","block_context":{"text":"Similar post","link":""},"img":{"alt_text":"","src":"","width":0,"height":0},"classes":[]},{"id":26098,"url":"https:\/\/sakaba.mghosteur.com\/en\/product\/mielle-pomegranate-honey-conditioner\/","url_meta":{"origin":26096,"position":4},"title":"MIELLE POMEGRANATE &amp; HONEY CONDITIONER","author":"admin","date":"November 24, 2022","format":false,"excerpt":"Un syst\u00e8me de coiffage Prime + Define formul\u00e9 pour les cheveux \u00e9pais, cr\u00e9pus et boucl\u00e9s, qui procure une hydratation intense et une douceur soyeuse. L'apr\u00e8s-shampoing hydratant et d\u00e9m\u00ealant \u00e0 la grenade et au miel de Mielle Organics offre cela et plus encore. Cet apr\u00e8s-shampoing retient l'humidit\u00e9, renforce les cheveux \u00e9pais\u2026","rel":"","context":"Similar post","block_context":{"text":"Similar post","link":""},"img":{"alt_text":"","src":"","width":0,"height":0},"classes":[]},{"id":35998,"url":"https:\/\/sakaba.mghosteur.com\/en\/product\/mielle-rice-water-collection-shine-mist-118ml\/","url_meta":{"origin":26096,"position":5},"title":"MIELLE RICE WATER COLLECTION SHINE MIST 118ML","author":"admin","date":"August 11, 2024","format":false,"excerpt":"Id\u00e9al pour r\u00e9hydrater et rafra\u00eechir les boucles. L'eau de riz et le yuzu sont la combinaison parfaite pour plus de brillance et d'hydratation.\u00a0\u00a0Cette brume l\u00e9g\u00e8re ajoute non seulement de la brillance, mais hydrate \u00e9galement et aide \u00e0 pr\u00e9venir les m\u00e8ches rebelles. Comment utiliser Appliquer sur cheveux humides ou secs, coiffer\u2026","rel":"","context":"Similar post","block_context":{"text":"Similar post","link":""},"img":{"alt_text":"","src":"","width":0,"height":0},"classes":[]}],"_links":{"self":[{"href":"https:\/\/sakaba.mghosteur.com\/en\/wp-json\/wp\/v2\/product\/26096","targetHints":{"allow":["GET"]}}],"collection":[{"href":"https:\/\/sakaba.mghosteur.com\/en\/wp-json\/wp\/v2\/product"}],"about":[{"href":"https:\/\/sakaba.mghosteur.com\/en\/wp-json\/wp\/v2\/types\/product"}],"replies":[{"embeddable":true,"href":"https:\/\/sakaba.mghosteur.com\/en\/wp-json\/wp\/v2\/comments?post=26096"}],"version-history":[{"count":0,"href":"https:\/\/sakaba.mghosteur.com\/en\/wp-json\/wp\/v2\/product\/26096\/revisions"}],"wp:attachment":[{"href":"https:\/\/sakaba.mghosteur.com\/en\/wp-json\/wp\/v2\/media?parent=26096"}],"wp:term":[{"taxonomy":"product_brand","embeddable":true,"href":"https:\/\/sakaba.mghosteur.com\/en\/wp-json\/wp\/v2\/product_brand?post=26096"},{"taxonomy":"product_cat","embeddable":true,"href":"https:\/\/sakaba.mghosteur.com\/en\/wp-json\/wp\/v2\/product_cat?post=26096"},{"taxonomy":"product_tag","embeddable":true,"href":"https:\/\/sakaba.mghosteur.com\/en\/wp-json\/wp\/v2\/product_tag?post=26096"}],"curies":[{"name":"wp","href":"https:\/\/api.w.org\/{rel}","templated":true}]}}