{"id":26098,"date":"2022-11-24T12:58:23","date_gmt":"2022-11-24T12:58:23","guid":{"rendered":"http:\/\/www.sakababeauty.com\/?post_type=product&#038;p=26098"},"modified":"2024-08-10T21:19:24","modified_gmt":"2024-08-10T21:19:24","slug":"mielle-pomegranate-honey-conditioner","status":"publish","type":"product","link":"https:\/\/sakaba.mghosteur.com\/en\/product\/mielle-pomegranate-honey-conditioner\/","title":{"rendered":"MIELLE POMEGRANATE &amp; HONEY CONDITIONER"},"content":{"rendered":"<p>Un syst\u00e8me de coiffage Prime + Define formul\u00e9 pour les cheveux \u00e9pais, cr\u00e9pus et boucl\u00e9s, qui procure une hydratation intense et une douceur soyeuse. L&#8217;apr\u00e8s-shampoing hydratant et d\u00e9m\u00ealant \u00e0 la grenade et au miel de Mielle Organics offre cela et plus encore. Cet apr\u00e8s-shampoing retient l&#8217;humidit\u00e9, renforce les cheveux \u00e9pais et boucl\u00e9s, pr\u00e9vient les cassures et les pointes fourchues et donne \u00e0 vos cheveux une texture globale lisse et soyeuse. Associez-le aux autres produits capillaires de type 4 soigneusement con\u00e7us de Mielle pour une routine de soins capillaires parfaite du d\u00e9but \u00e0 la fin. Ajoutez notre apr\u00e8s-shampoing sans rin\u00e7age \u00e0 la grenade et au miel.<\/p>\n<p>Comment utiliser?<\/p>\n<p>NETTOYER en appliquant sur les cheveux mouill\u00e9s et peigner doucement de la racine \u00e0 la pointe. Laisser agir 10 \u00e0 15 minutes. Rincer abondamment. R\u00e9p\u00e9ter si n\u00e9cessaire.<\/p>\n<p>PR\u00c9PARER les cheveux mouill\u00e9s avec l&#8217;apr\u00e8s-shampooing sans rin\u00e7age \u00e0 la grenade et au miel avant de les coiffer.<\/p>\n<p>D\u00c9FINIR avec l&#8217;un des trois produits coiffants \u00e0 la grenade et au miel.<\/p>","protected":false},"excerpt":{"rendered":"<p>Un syst\u00e8me de coiffage Prime + Define formul\u00e9 pour les cheveux \u00e9pais, cr\u00e9pus et boucl\u00e9s, qui procure une hydratation intense et une douceur soyeuse. L&#8217;apr\u00e8s-shampoing hydratant et d\u00e9m\u00ealant \u00e0 la grenade et au miel de Mielle Organics offre cela et plus encore. Cet apr\u00e8s-shampoing retient l&#8217;humidit\u00e9, renforce les cheveux \u00e9pais et boucl\u00e9s, pr\u00e9vient les cassures<span class=\"read-more-faq\"><a href=\"https:\/\/sakaba.mghosteur.com\/en\/product\/mielle-pomegranate-honey-conditioner\/\">Read More<\/a><\/span><\/p>","protected":false},"featured_media":0,"comment_status":"closed","ping_status":"closed","template":"","meta":[],"product_brand":[],"product_cat":[284,368],"product_tag":[],"class_list":{"0":"post-26098","1":"product","2":"type-product","3":"status-publish","5":"product_cat-aad-cheveux","6":"product_cat-shampoing-et-apres-shampoing","8":"first","9":"instock","10":"shipping-taxable","11":"product-type-simple"},"jetpack-related-posts":[{"id":26108,"url":"https:\/\/sakaba.mghosteur.com\/en\/product\/mielle-pomegranate-honey-curl-smoothie\/","url_meta":{"origin":26098,"position":0},"title":"MIELLE POMEGRANATE &amp; HONEY CURL SMOOTHIE","author":"admin","date":"November 24, 2022","format":false,"excerpt":"Ce d\u00e9licieux smoothie pour boucles apporte une hydratation et une force incroyables gr\u00e2ce \u00e0 des ingr\u00e9dients sains comme l'extrait de grenade, le miel et l'huile de babassu, et il est tr\u00e8s facile \u00e0 utiliser. Appliquez simplement le smoothie sur vos cheveux de la racine \u00e0 la pointe, en veillant \u00e0\u2026","rel":"","context":"Similar post","block_context":{"text":"Similar post","link":""},"img":{"alt_text":"","src":"","width":0,"height":0},"classes":[]},{"id":26094,"url":"https:\/\/sakaba.mghosteur.com\/en\/product\/mielle-pomegranate-honey-coil-sculpting-custard\/","url_meta":{"origin":26098,"position":1},"title":"MIELLE POMEGRANATE &amp; HONEY COIL SCULPTING CUSTARD","author":"admin","date":"November 24, 2022","format":false,"excerpt":"Vous avez des probl\u00e8mes de boucles s\u00e8ches et assoiff\u00e9es? Le gel coiffant sculptant pour boucles \u00e0 la grenade et au miel de Mielle est une bouff\u00e9e d\u2019air frais! Hydratation, d\u00e9finition des boucles, brillance longue dur\u00e9e : tout y est. Cette formule \u00e9paisse et d\u00e9licieusement parfum\u00e9e est con\u00e7ue pour les cheveux\u2026","rel":"","context":"Similar post","block_context":{"text":"Similar post","link":""},"img":{"alt_text":"","src":"","width":0,"height":0},"classes":[]},{"id":26102,"url":"https:\/\/sakaba.mghosteur.com\/en\/product\/mielle-pomegranate-honey-shampoo\/","url_meta":{"origin":26098,"position":2},"title":"MIELLE POMEGRANATE &amp; HONEY SHAMPOO","author":"admin","date":"November 24, 2022","format":false,"excerpt":"Le shampooing hydratant et d\u00e9m\u00ealant \u00e0 la grenade et au miel de Mielle utilise des ingr\u00e9dients frais comme le miel et l\u2019huile de babassu pour \u00e9liminer la salet\u00e9 et l\u2019huile de vos cheveux tout en pr\u00e9servant l\u2019hydratation dont ils ont tant besoin. Ce shampooing forme une mousse luxueuse et a\u2026","rel":"","context":"Similar post","block_context":{"text":"Similar post","link":""},"img":{"alt_text":"","src":"","width":0,"height":0},"classes":[]},{"id":26106,"url":"https:\/\/sakaba.mghosteur.com\/en\/product\/mielle-avocado-moisturizing-hair-milk\/","url_meta":{"origin":26098,"position":3},"title":"MIELLE AVOCADO MOISTURIZING HAIR MILK","author":"admin","date":"November 24, 2022","format":false,"excerpt":"Ce lait capillaire hydratant peut offrir une hydratation importante aux cheveux secs et assoiff\u00e9s. Infus\u00e9 d'un m\u00e9lange d'extraits de plantes et d'ingr\u00e9dients certifi\u00e9s biologiques, vous pouvez enfin respirer en toute tranquillit\u00e9 en sachant que vous avez trouv\u00e9 un produit \u00e0 la fois s\u00fbr et efficace. Utilisez ce produit comme hydratant\u2026","rel":"","context":"Similar post","block_context":{"text":"Similar post","link":""},"img":{"alt_text":"","src":"","width":0,"height":0},"classes":[]},{"id":25936,"url":"https:\/\/sakaba.mghosteur.com\/en\/product\/mielle-rosemary-hair-masque\/","url_meta":{"origin":26098,"position":4},"title":"MIELLE  ROSEMARY  HAIR MASQUE","author":"admin","date":"November 23, 2022","format":false,"excerpt":"Le masque capillaire fortifiant au romarin et \u00e0 la menthe de Mielle est un masque capillaire compos\u00e9 d'ingr\u00e9dients naturels et biologiques tels que le romarin, l'huile de s\u00e9same, le miel et l'huile de coco. Il est con\u00e7u pour offrir une hydratation profonde et une force saine aux cheveux. Le masque\u2026","rel":"","context":"Similar post","block_context":{"text":"Similar post","link":""},"img":{"alt_text":"","src":"","width":0,"height":0},"classes":[]},{"id":26110,"url":"https:\/\/sakaba.mghosteur.com\/en\/product\/mielle-white-peony-leave-in-conditioner\/","url_meta":{"origin":26098,"position":5},"title":"MIELLE WHITE PEONY LEAVE IN CONDITIONER","author":"admin","date":"November 24, 2022","format":false,"excerpt":"Ce revitalisant sans rin\u00e7age ultra hydratant \u00e0 la pivoine blanche est l\u00e9ger et contient des ingr\u00e9dients naturels et biologiques pour donner \u00e0 vos cheveux l'hydratation et la protection dont ils ont besoin. Il retient l'hydratation, lisse la tige capillaire, dompte les frisottis et les cheveux rebelles. Un excellent produit lorsqu'il\u2026","rel":"","context":"Similar post","block_context":{"text":"Similar post","link":""},"img":{"alt_text":"","src":"","width":0,"height":0},"classes":[]}],"_links":{"self":[{"href":"https:\/\/sakaba.mghosteur.com\/en\/wp-json\/wp\/v2\/product\/26098","targetHints":{"allow":["GET"]}}],"collection":[{"href":"https:\/\/sakaba.mghosteur.com\/en\/wp-json\/wp\/v2\/product"}],"about":[{"href":"https:\/\/sakaba.mghosteur.com\/en\/wp-json\/wp\/v2\/types\/product"}],"replies":[{"embeddable":true,"href":"https:\/\/sakaba.mghosteur.com\/en\/wp-json\/wp\/v2\/comments?post=26098"}],"version-history":[{"count":0,"href":"https:\/\/sakaba.mghosteur.com\/en\/wp-json\/wp\/v2\/product\/26098\/revisions"}],"wp:attachment":[{"href":"https:\/\/sakaba.mghosteur.com\/en\/wp-json\/wp\/v2\/media?parent=26098"}],"wp:term":[{"taxonomy":"product_brand","embeddable":true,"href":"https:\/\/sakaba.mghosteur.com\/en\/wp-json\/wp\/v2\/product_brand?post=26098"},{"taxonomy":"product_cat","embeddable":true,"href":"https:\/\/sakaba.mghosteur.com\/en\/wp-json\/wp\/v2\/product_cat?post=26098"},{"taxonomy":"product_tag","embeddable":true,"href":"https:\/\/sakaba.mghosteur.com\/en\/wp-json\/wp\/v2\/product_tag?post=26098"}],"curies":[{"name":"wp","href":"https:\/\/api.w.org\/{rel}","templated":true}]}}