{"id":26100,"date":"2022-11-24T12:59:21","date_gmt":"2022-11-24T12:59:21","guid":{"rendered":"http:\/\/www.sakababeauty.com\/?post_type=product&#038;p=26100"},"modified":"2024-08-10T21:38:50","modified_gmt":"2024-08-10T21:38:50","slug":"mielle-progranate-honey-leave-in-conditioner","status":"publish","type":"product","link":"https:\/\/sakaba.mghosteur.com\/en\/product\/mielle-progranate-honey-leave-in-conditioner\/","title":{"rendered":"MIELLE POMEGRANATE &amp; HONEY LEAVE IN CONDITIONER"},"content":{"rendered":"<p>Cet apr\u00e8s-shampoing est l\u00e9ger, facile \u00e0 utiliser et sent bon! Il est indispensable de bien d\u00e9m\u00ealer vos cheveux, et cet apr\u00e8s-shampoing sans rin\u00e7age d\u00e9m\u00ealera chaque m\u00e8che. Il emprisonnera \u00e9galement l&#8217;humidit\u00e9 suppl\u00e9mentaire, offrant une hydratation longue dur\u00e9e et prot\u00e9geant les cheveux avec un merveilleux m\u00e9lange d&#8217;huile de babassu et d&#8217;extraits d&#8217;agrumes. C&#8217;est gagnant-gagnant!<\/p>\n<p>Comment utiliser?<\/p>\n<p>Appliquez une quantit\u00e9 g\u00e9n\u00e9reuse sur les cheveux s\u00e9par\u00e9s apr\u00e8s le soin. Travaillez avec un peigne \u00e0 dents larges. Laissez agir et coiffez comme vous le souhaitez.<\/p>","protected":false},"excerpt":{"rendered":"<p>Cet apr\u00e8s-shampoing est l\u00e9ger, facile \u00e0 utiliser et sent bon! Il est indispensable de bien d\u00e9m\u00ealer vos cheveux, et cet apr\u00e8s-shampoing sans rin\u00e7age d\u00e9m\u00ealera chaque m\u00e8che. Il emprisonnera \u00e9galement l&#8217;humidit\u00e9 suppl\u00e9mentaire, offrant une hydratation longue dur\u00e9e et prot\u00e9geant les cheveux avec un merveilleux m\u00e9lange d&#8217;huile de babassu et d&#8217;extraits d&#8217;agrumes. C&#8217;est gagnant-gagnant! Comment utiliser? Appliquez<span class=\"read-more-faq\"><a href=\"https:\/\/sakaba.mghosteur.com\/en\/product\/mielle-progranate-honey-leave-in-conditioner\/\">Read More<\/a><\/span><\/p>","protected":false},"featured_media":0,"comment_status":"closed","ping_status":"closed","template":"","meta":[],"product_brand":[],"product_cat":[284,368],"product_tag":[],"class_list":{"0":"post-26100","1":"product","2":"type-product","3":"status-publish","5":"product_cat-aad-cheveux","6":"product_cat-shampoing-et-apres-shampoing","8":"first","9":"instock","10":"shipping-taxable","11":"product-type-simple"},"jetpack-related-posts":[{"id":26102,"url":"https:\/\/sakaba.mghosteur.com\/en\/product\/mielle-pomegranate-honey-shampoo\/","url_meta":{"origin":26100,"position":0},"title":"MIELLE POMEGRANATE &amp; HONEY SHAMPOO","author":"admin","date":"November 24, 2022","format":false,"excerpt":"Le shampooing hydratant et d\u00e9m\u00ealant \u00e0 la grenade et au miel de Mielle utilise des ingr\u00e9dients frais comme le miel et l\u2019huile de babassu pour \u00e9liminer la salet\u00e9 et l\u2019huile de vos cheveux tout en pr\u00e9servant l\u2019hydratation dont ils ont tant besoin. Ce shampooing forme une mousse luxueuse et a\u2026","rel":"","context":"Similar post","block_context":{"text":"Similar post","link":""},"img":{"alt_text":"","src":"","width":0,"height":0},"classes":[]},{"id":32042,"url":"https:\/\/sakaba.mghosteur.com\/en\/product\/mielle-rosemary-mint-blend-conditionner\/","url_meta":{"origin":26100,"position":1},"title":"MIELLE ROSEMARY MINT BLEND CONDITIONNER","author":"admin","date":"May 13, 2024","format":false,"excerpt":"Le revitalisant fortifiant au romarin et \u00e0 la menthe offre l\u2019\u00e9quilibre parfait entre force et hydratation pour am\u00e9liorer l\u2019\u00e9tat g\u00e9n\u00e9ral des cheveux et du cuir chevelu. Adoucit et d\u00e9m\u00eale instantan\u00e9ment pour une maniabilit\u00e9 accrue. Soutient des cheveux plus longs et plus sains. Avantages cl\u00e9s: De l'huile fortifiante pour le cuir\u2026","rel":"","context":"Similar post","block_context":{"text":"Similar post","link":""},"img":{"alt_text":"","src":"","width":0,"height":0},"classes":[]},{"id":33942,"url":"https:\/\/sakaba.mghosteur.com\/en\/product\/african-pride-dream-kids-olive-miracle-detangling-moisturizing-conditioner\/","url_meta":{"origin":26100,"position":2},"title":"African Pride Dream Kids Olive miracle Detangling Moisturizing CONDITIONER","author":"admin","date":"May 24, 2024","format":false,"excerpt":"L'apr\u00e8s-shampoing d\u00e9m\u00ealant hydratant Dream Kids Olive Miracle d'African Pride est une formule unisexe qui contient de l'huile d'olive et hydrate et nourrit les boucles et les boucles des cheveux. Il peut \u00eatre utilis\u00e9 comme apr\u00e8s-shampoing sans rin\u00e7age quotidien et est excellent pour tous les styles. L'apr\u00e8s-shampoing peut \u00eatre appliqu\u00e9 sur\u2026","rel":"","context":"Similar post","block_context":{"text":"Similar post","link":""},"img":{"alt_text":"","src":"","width":0,"height":0},"classes":[]},{"id":26098,"url":"https:\/\/sakaba.mghosteur.com\/en\/product\/mielle-pomegranate-honey-conditioner\/","url_meta":{"origin":26100,"position":3},"title":"MIELLE POMEGRANATE &amp; HONEY CONDITIONER","author":"admin","date":"November 24, 2022","format":false,"excerpt":"Un syst\u00e8me de coiffage Prime + Define formul\u00e9 pour les cheveux \u00e9pais, cr\u00e9pus et boucl\u00e9s, qui procure une hydratation intense et une douceur soyeuse. L'apr\u00e8s-shampoing hydratant et d\u00e9m\u00ealant \u00e0 la grenade et au miel de Mielle Organics offre cela et plus encore. Cet apr\u00e8s-shampoing retient l'humidit\u00e9, renforce les cheveux \u00e9pais\u2026","rel":"","context":"Similar post","block_context":{"text":"Similar post","link":""},"img":{"alt_text":"","src":"","width":0,"height":0},"classes":[]},{"id":25925,"url":"https:\/\/sakaba.mghosteur.com\/en\/product\/carols-daughter-wash-day-delight-jelly-to-cream-conditioner\/","url_meta":{"origin":26100,"position":4},"title":"CAROL&#8217;S DAUGHTER WASH DAY DELIGHT JELLY TO CREAM CONDITIONER","author":"admin","date":"November 23, 2022","format":false,"excerpt":"L'apr\u00e8s-shampoing Wash Day Delight a une formule unique de gel\u00e9e en cr\u00e8me qui est m\u00e9lang\u00e9e \u00e0 de l'alo\u00e8s et de la glyc\u00e9rine, un ingr\u00e9dient d'origine naturelle qui absorbe l'humidit\u00e9 dans les cheveux. La technologie anti-n\u0153uds donne \u00e0 cet apr\u00e8s-shampoing une consistance facile \u00e0 \u00e9taler qui offre un glissement parfait, de\u2026","rel":"","context":"Similar post","block_context":{"text":"Similar post","link":""},"img":{"alt_text":"","src":"","width":0,"height":0},"classes":[]},{"id":32011,"url":"https:\/\/sakaba.mghosteur.com\/en\/product\/mielle-avocado-tamanu-leave-in-conditioner-237ml\/","url_meta":{"origin":26100,"position":5},"title":"MIELLE AVOCADO TAMANU  LEAVE IN CONDITIONER 237ML","author":"admin","date":"May 13, 2024","format":false,"excerpt":"L\u2019apr\u00e8s-shampooing sans rin\u00e7age Avocado & Tamanu Anti-Frizz Slip & Seal lisse la surface des cheveux en offrant un d\u00e9m\u00ealage et un glissement instantan\u00e9s. Scelle les cuticules en place et laisse les cheveux doux et brillants avec une couche de protection contre les frisottis. Avantages cl\u00e9s: 1\u00e8re couche pour la protection\u2026","rel":"","context":"Similar post","block_context":{"text":"Similar post","link":""},"img":{"alt_text":"","src":"","width":0,"height":0},"classes":[]}],"_links":{"self":[{"href":"https:\/\/sakaba.mghosteur.com\/en\/wp-json\/wp\/v2\/product\/26100","targetHints":{"allow":["GET"]}}],"collection":[{"href":"https:\/\/sakaba.mghosteur.com\/en\/wp-json\/wp\/v2\/product"}],"about":[{"href":"https:\/\/sakaba.mghosteur.com\/en\/wp-json\/wp\/v2\/types\/product"}],"replies":[{"embeddable":true,"href":"https:\/\/sakaba.mghosteur.com\/en\/wp-json\/wp\/v2\/comments?post=26100"}],"version-history":[{"count":0,"href":"https:\/\/sakaba.mghosteur.com\/en\/wp-json\/wp\/v2\/product\/26100\/revisions"}],"wp:attachment":[{"href":"https:\/\/sakaba.mghosteur.com\/en\/wp-json\/wp\/v2\/media?parent=26100"}],"wp:term":[{"taxonomy":"product_brand","embeddable":true,"href":"https:\/\/sakaba.mghosteur.com\/en\/wp-json\/wp\/v2\/product_brand?post=26100"},{"taxonomy":"product_cat","embeddable":true,"href":"https:\/\/sakaba.mghosteur.com\/en\/wp-json\/wp\/v2\/product_cat?post=26100"},{"taxonomy":"product_tag","embeddable":true,"href":"https:\/\/sakaba.mghosteur.com\/en\/wp-json\/wp\/v2\/product_tag?post=26100"}],"curies":[{"name":"wp","href":"https:\/\/api.w.org\/{rel}","templated":true}]}}