{"id":26102,"date":"2022-11-24T13:00:14","date_gmt":"2022-11-24T13:00:14","guid":{"rendered":"http:\/\/www.sakababeauty.com\/?post_type=product&#038;p=26102"},"modified":"2024-08-10T21:27:44","modified_gmt":"2024-08-10T21:27:44","slug":"mielle-pomegranate-honey-shampoo","status":"publish","type":"product","link":"https:\/\/sakaba.mghosteur.com\/en\/product\/mielle-pomegranate-honey-shampoo\/","title":{"rendered":"MIELLE POMEGRANATE &amp; HONEY SHAMPOO"},"content":{"rendered":"<p>Le shampooing hydratant et d\u00e9m\u00ealant \u00e0 la grenade et au miel de Mielle utilise des ingr\u00e9dients frais comme le miel et l\u2019huile de babassu pour \u00e9liminer la salet\u00e9 et l\u2019huile de vos cheveux tout en pr\u00e9servant l\u2019hydratation dont ils ont tant besoin. Ce shampooing forme une mousse luxueuse et a un parfum incroyable. Rien ne fonctionne mieux pour d\u00e9m\u00ealer les n\u0153uds et ajouter du glissement. Appliquez ensuite notre apr\u00e8s-shampooing d\u00e9m\u00ealant, hydratez avec notre apr\u00e8s-shampooing sans rin\u00e7age et faites preuve de cr\u00e9ativit\u00e9 avec votre choix de produits coiffants \u00e0 la grenade et au miel. Ce shampooing sans sulfate est un incontournable absolu pour votre collection de cheveux sains.<\/p>\n<p>Comment utiliser?NETTOYER<\/p>\n<p>Appliquer une quantit\u00e9 g\u00e9n\u00e9reuse sur les mains et masser les cheveux mouill\u00e9s et le cuir chevelu jusqu&#8217;\u00e0 ce qu&#8217;ils moussent. Peigner d\u00e9licatement avec les doigts pour pr\u00e9-d\u00e9m\u00ealer. Rincer \u00e0 l&#8217;eau ti\u00e8de. R\u00e9p\u00e9ter si n\u00e9cessaire. Poursuivez avec notre apr\u00e8s-shampoing hydratant et d\u00e9m\u00ealant \u00e0 la grenade et au miel.<\/p>\n<p>PR\u00c9PARER<\/p>\n<p>Mouiller les cheveux avec l&#8217;apr\u00e8s-shampoing sans rin\u00e7age \u00e0 la grenade et au miel avant de les coiffer.<\/p>\n<p>D\u00c9FINIR<\/p>\n<p>Terminer avec l&#8217;un de nos trois produits coiffants \u00e0 la grenade et au miel.<\/p>","protected":false},"excerpt":{"rendered":"<p>Le shampooing hydratant et d\u00e9m\u00ealant \u00e0 la grenade et au miel de Mielle utilise des ingr\u00e9dients frais comme le miel et l\u2019huile de babassu pour \u00e9liminer la salet\u00e9 et l\u2019huile de vos cheveux tout en pr\u00e9servant l\u2019hydratation dont ils ont tant besoin. Ce shampooing forme une mousse luxueuse et a un parfum incroyable. Rien ne<span class=\"read-more-faq\"><a href=\"https:\/\/sakaba.mghosteur.com\/en\/product\/mielle-pomegranate-honey-shampoo\/\">Read More<\/a><\/span><\/p>","protected":false},"featured_media":0,"comment_status":"closed","ping_status":"closed","template":"","meta":[],"product_brand":[],"product_cat":[284,368],"product_tag":[],"class_list":{"0":"post-26102","1":"product","2":"type-product","3":"status-publish","5":"product_cat-aad-cheveux","6":"product_cat-shampoing-et-apres-shampoing","8":"first","9":"instock","10":"shipping-taxable","11":"product-type-simple"},"jetpack-related-posts":[{"id":32042,"url":"https:\/\/sakaba.mghosteur.com\/en\/product\/mielle-rosemary-mint-blend-conditionner\/","url_meta":{"origin":26102,"position":0},"title":"MIELLE ROSEMARY MINT BLEND CONDITIONNER","author":"admin","date":"May 13, 2024","format":false,"excerpt":"Le revitalisant fortifiant au romarin et \u00e0 la menthe offre l\u2019\u00e9quilibre parfait entre force et hydratation pour am\u00e9liorer l\u2019\u00e9tat g\u00e9n\u00e9ral des cheveux et du cuir chevelu. Adoucit et d\u00e9m\u00eale instantan\u00e9ment pour une maniabilit\u00e9 accrue. Soutient des cheveux plus longs et plus sains. Avantages cl\u00e9s: De l'huile fortifiante pour le cuir\u2026","rel":"","context":"Similar post","block_context":{"text":"Similar post","link":""},"img":{"alt_text":"","src":"","width":0,"height":0},"classes":[]},{"id":26098,"url":"https:\/\/sakaba.mghosteur.com\/en\/product\/mielle-pomegranate-honey-conditioner\/","url_meta":{"origin":26102,"position":1},"title":"MIELLE POMEGRANATE &amp; HONEY CONDITIONER","author":"admin","date":"November 24, 2022","format":false,"excerpt":"Un syst\u00e8me de coiffage Prime + Define formul\u00e9 pour les cheveux \u00e9pais, cr\u00e9pus et boucl\u00e9s, qui procure une hydratation intense et une douceur soyeuse. L'apr\u00e8s-shampoing hydratant et d\u00e9m\u00ealant \u00e0 la grenade et au miel de Mielle Organics offre cela et plus encore. Cet apr\u00e8s-shampoing retient l'humidit\u00e9, renforce les cheveux \u00e9pais\u2026","rel":"","context":"Similar post","block_context":{"text":"Similar post","link":""},"img":{"alt_text":"","src":"","width":0,"height":0},"classes":[]},{"id":32034,"url":"https:\/\/sakaba.mghosteur.com\/en\/product\/mielle-avocado-tamanu-anti-frizz-shampoo-355ml\/","url_meta":{"origin":26102,"position":2},"title":"MIELLE AVOCADO TAMANU ANTI FRIZZ SHAMPOO 355ML","author":"admin","date":"May 13, 2024","format":false,"excerpt":"Le shampooing anti-frisottis Avocado & Tamanu r\u00e9g\u00e9n\u00e8re l'hydratation et donne aux cheveux une table rase tout en \u00e9liminant en douceur les r\u00e9sidus des cheveux et du cuir chevelu. Laisse les cheveux doux, lisses et pr\u00e9par\u00e9s pour un coiffage sans frisottis. Avantages cl\u00e9s: Nettoie en douceur R\u00e9g\u00e9n\u00e8re l'humidit\u00e9 Pour cheveux textur\u00e9s\u2026","rel":"","context":"Similar post","block_context":{"text":"Similar post","link":""},"img":{"alt_text":"","src":"","width":0,"height":0},"classes":[]},{"id":32011,"url":"https:\/\/sakaba.mghosteur.com\/en\/product\/mielle-avocado-tamanu-leave-in-conditioner-237ml\/","url_meta":{"origin":26102,"position":3},"title":"MIELLE AVOCADO TAMANU  LEAVE IN CONDITIONER 237ML","author":"admin","date":"May 13, 2024","format":false,"excerpt":"L\u2019apr\u00e8s-shampooing sans rin\u00e7age Avocado & Tamanu Anti-Frizz Slip & Seal lisse la surface des cheveux en offrant un d\u00e9m\u00ealage et un glissement instantan\u00e9s. Scelle les cuticules en place et laisse les cheveux doux et brillants avec une couche de protection contre les frisottis. Avantages cl\u00e9s: 1\u00e8re couche pour la protection\u2026","rel":"","context":"Similar post","block_context":{"text":"Similar post","link":""},"img":{"alt_text":"","src":"","width":0,"height":0},"classes":[]},{"id":26094,"url":"https:\/\/sakaba.mghosteur.com\/en\/product\/mielle-pomegranate-honey-coil-sculpting-custard\/","url_meta":{"origin":26102,"position":4},"title":"MIELLE POMEGRANATE &amp; HONEY COIL SCULPTING CUSTARD","author":"admin","date":"November 24, 2022","format":false,"excerpt":"Vous avez des probl\u00e8mes de boucles s\u00e8ches et assoiff\u00e9es? Le gel coiffant sculptant pour boucles \u00e0 la grenade et au miel de Mielle est une bouff\u00e9e d\u2019air frais! Hydratation, d\u00e9finition des boucles, brillance longue dur\u00e9e : tout y est. Cette formule \u00e9paisse et d\u00e9licieusement parfum\u00e9e est con\u00e7ue pour les cheveux\u2026","rel":"","context":"Similar post","block_context":{"text":"Similar post","link":""},"img":{"alt_text":"","src":"","width":0,"height":0},"classes":[]},{"id":25936,"url":"https:\/\/sakaba.mghosteur.com\/en\/product\/mielle-rosemary-hair-masque\/","url_meta":{"origin":26102,"position":5},"title":"MIELLE  ROSEMARY  HAIR MASQUE","author":"admin","date":"November 23, 2022","format":false,"excerpt":"Le masque capillaire fortifiant au romarin et \u00e0 la menthe de Mielle est un masque capillaire compos\u00e9 d'ingr\u00e9dients naturels et biologiques tels que le romarin, l'huile de s\u00e9same, le miel et l'huile de coco. Il est con\u00e7u pour offrir une hydratation profonde et une force saine aux cheveux. Le masque\u2026","rel":"","context":"Similar post","block_context":{"text":"Similar post","link":""},"img":{"alt_text":"","src":"","width":0,"height":0},"classes":[]}],"_links":{"self":[{"href":"https:\/\/sakaba.mghosteur.com\/en\/wp-json\/wp\/v2\/product\/26102","targetHints":{"allow":["GET"]}}],"collection":[{"href":"https:\/\/sakaba.mghosteur.com\/en\/wp-json\/wp\/v2\/product"}],"about":[{"href":"https:\/\/sakaba.mghosteur.com\/en\/wp-json\/wp\/v2\/types\/product"}],"replies":[{"embeddable":true,"href":"https:\/\/sakaba.mghosteur.com\/en\/wp-json\/wp\/v2\/comments?post=26102"}],"version-history":[{"count":0,"href":"https:\/\/sakaba.mghosteur.com\/en\/wp-json\/wp\/v2\/product\/26102\/revisions"}],"wp:attachment":[{"href":"https:\/\/sakaba.mghosteur.com\/en\/wp-json\/wp\/v2\/media?parent=26102"}],"wp:term":[{"taxonomy":"product_brand","embeddable":true,"href":"https:\/\/sakaba.mghosteur.com\/en\/wp-json\/wp\/v2\/product_brand?post=26102"},{"taxonomy":"product_cat","embeddable":true,"href":"https:\/\/sakaba.mghosteur.com\/en\/wp-json\/wp\/v2\/product_cat?post=26102"},{"taxonomy":"product_tag","embeddable":true,"href":"https:\/\/sakaba.mghosteur.com\/en\/wp-json\/wp\/v2\/product_tag?post=26102"}],"curies":[{"name":"wp","href":"https:\/\/api.w.org\/{rel}","templated":true}]}}