{"id":26106,"date":"2022-11-24T13:01:59","date_gmt":"2022-11-24T13:01:59","guid":{"rendered":"http:\/\/www.sakababeauty.com\/?post_type=product&#038;p=26106"},"modified":"2024-08-10T04:15:49","modified_gmt":"2024-08-10T04:15:49","slug":"mielle-avocado-moisturizing-hair-milk","status":"publish","type":"product","link":"https:\/\/sakaba.mghosteur.com\/en\/product\/mielle-avocado-moisturizing-hair-milk\/","title":{"rendered":"MIELLE AVOCADO MOISTURIZING HAIR MILK"},"content":{"rendered":"<p>Ce lait capillaire hydratant peut offrir une hydratation importante aux cheveux secs et assoiff\u00e9s. Infus\u00e9 d&#8217;un m\u00e9lange d&#8217;extraits de plantes et d&#8217;ingr\u00e9dients certifi\u00e9s biologiques, vous pouvez enfin respirer en toute tranquillit\u00e9 en sachant que vous avez trouv\u00e9 un produit \u00e0 la fois s\u00fbr et efficace. Utilisez ce produit comme hydratant quotidien pour favoriser la r\u00e9tention de la longueur ou adoucir et lisser vos cheveux pour une meilleure maniabilit\u00e9 et de belles coiffures.<\/p>\n<p>Comment utiliser?<\/p>\n<p>Utiliser comme hydratant quotidien pour hydrater les cheveux secs et assoiff\u00e9s. Peut \u00eatre utilis\u00e9 pour sceller les pointes et rafra\u00eechir les boucles.<\/p>","protected":false},"excerpt":{"rendered":"<p>Ce lait capillaire hydratant peut offrir une hydratation importante aux cheveux secs et assoiff\u00e9s. Infus\u00e9 d&#8217;un m\u00e9lange d&#8217;extraits de plantes et d&#8217;ingr\u00e9dients certifi\u00e9s biologiques, vous pouvez enfin respirer en toute tranquillit\u00e9 en sachant que vous avez trouv\u00e9 un produit \u00e0 la fois s\u00fbr et efficace. Utilisez ce produit comme hydratant quotidien pour favoriser la r\u00e9tention<span class=\"read-more-faq\"><a href=\"https:\/\/sakaba.mghosteur.com\/en\/product\/mielle-avocado-moisturizing-hair-milk\/\">Read More<\/a><\/span><\/p>","protected":false},"featured_media":0,"comment_status":"closed","ping_status":"closed","template":"","meta":[],"product_brand":[],"product_cat":[284,368],"product_tag":[],"class_list":{"0":"post-26106","1":"product","2":"type-product","3":"status-publish","5":"product_cat-aad-cheveux","6":"product_cat-shampoing-et-apres-shampoing","8":"first","9":"instock","10":"shipping-taxable","11":"product-type-simple"},"jetpack-related-posts":[{"id":36002,"url":"https:\/\/sakaba.mghosteur.com\/en\/product\/mielle-rice-water-collection-moisturizing-milk\/","url_meta":{"origin":26106,"position":0},"title":"MIELLE RICE WATER COLLECTION MOISTURIZING MILK","author":"admin","date":"August 11, 2024","format":false,"excerpt":"Enrichi d'ingr\u00e9dients cl\u00e9s tels que l'huile de carthame,\u00a0\u00a0l'eau de riz pour les cheveux\u00a0, le yuzu, l'huile de ricin et l'huile de coco pour renforcer et retenir l'humidit\u00e9,\u00a0\u00a0cet hydratant quotidien est la solution parfaite pour redonner vie aux cheveux secs et assoiff\u00e9s. Principaux avantages : Cr\u00e8me hydratante quotidienne Ravive les cheveux\u2026","rel":"","context":"Similar post","block_context":{"text":"Similar post","link":""},"img":{"alt_text":"","src":"","width":0,"height":0},"classes":[]},{"id":36005,"url":"https:\/\/sakaba.mghosteur.com\/en\/product\/mielle-rice-water-collection-hydrating-shampoo\/","url_meta":{"origin":26106,"position":1},"title":"MIELLE RICE WATER COLLECTION HYDRATING SHAMPOO","author":"admin","date":"August 11, 2024","format":false,"excerpt":"Description Des ingr\u00e9dients tels que l'eau de riz et le yuzu renforcent les cheveux, leur apportent de la brillance et aident \u00e0 r\u00e9duire les pointes fourchues. Ce shampooing sent non seulement bon, mais donnera \u00e9galement \u00e0 vos cheveux le coup de pouce dont ils ont besoin et qu'ils m\u00e9ritent. Principaux\u2026","rel":"","context":"Similar post","block_context":{"text":"Similar post","link":""},"img":{"alt_text":"","src":"","width":0,"height":0},"classes":[]},{"id":25951,"url":"https:\/\/sakaba.mghosteur.com\/en\/product\/mielle-rosemary-mint-creme\/","url_meta":{"origin":26106,"position":2},"title":"MIELLE ROSEMARY MINT STYLING CREAM","author":"admin","date":"November 23, 2022","format":false,"excerpt":"La cr\u00e8me coiffante quotidienne au romarin et \u00e0 la menthe de Mielle est une cr\u00e8me gel \u00e0 double usage con\u00e7ue pour vous aider \u00e0 obtenir des coiffures impeccables et des cheveux plus sains ! Fabriqu\u00e9e \u00e0 partir d'ingr\u00e9dients certifi\u00e9s biologiques, cette formule personnalis\u00e9e hydrate et nourrit vos cheveux sans les\u2026","rel":"","context":"Similar post","block_context":{"text":"Similar post","link":""},"img":{"alt_text":"","src":"","width":0,"height":0},"classes":[]},{"id":27239,"url":"https:\/\/sakaba.mghosteur.com\/en\/product\/the-inkey-list-hyaluronic-acid-hydrating-hair\/","url_meta":{"origin":26106,"position":3},"title":"THE INKEY LIST HYALURONIC ACID HYDRATING HAIR","author":"admin","date":"November 29, 2022","format":false,"excerpt":"Le traitement capillaire hydratant \u00e0 l'acide hyaluronique de la marque The Inkey List est un s\u00e9rum l\u00e9ger qui aide \u00e0 hydrater et \u00e0 am\u00e9liorer la sant\u00e9 de vos cheveux. Formul\u00e9 avec des acides hyaluroniques optimis\u00e9s de poids mol\u00e9culaire \u00e9lev\u00e9 et bas, ce traitement capillaire p\u00e9n\u00e8tre profond\u00e9ment dans vos cheveux pour\u2026","rel":"","context":"Similar post","block_context":{"text":"Similar post","link":""},"img":{"alt_text":"","src":"","width":0,"height":0},"classes":[]},{"id":26110,"url":"https:\/\/sakaba.mghosteur.com\/en\/product\/mielle-white-peony-leave-in-conditioner\/","url_meta":{"origin":26106,"position":4},"title":"MIELLE WHITE PEONY LEAVE IN CONDITIONER","author":"admin","date":"November 24, 2022","format":false,"excerpt":"Ce revitalisant sans rin\u00e7age ultra hydratant \u00e0 la pivoine blanche est l\u00e9ger et contient des ingr\u00e9dients naturels et biologiques pour donner \u00e0 vos cheveux l'hydratation et la protection dont ils ont besoin. Il retient l'hydratation, lisse la tige capillaire, dompte les frisottis et les cheveux rebelles. Un excellent produit lorsqu'il\u2026","rel":"","context":"Similar post","block_context":{"text":"Similar post","link":""},"img":{"alt_text":"","src":"","width":0,"height":0},"classes":[]},{"id":35998,"url":"https:\/\/sakaba.mghosteur.com\/en\/product\/mielle-rice-water-collection-shine-mist-118ml\/","url_meta":{"origin":26106,"position":5},"title":"MIELLE RICE WATER COLLECTION SHINE MIST 118ML","author":"admin","date":"August 11, 2024","format":false,"excerpt":"Id\u00e9al pour r\u00e9hydrater et rafra\u00eechir les boucles. L'eau de riz et le yuzu sont la combinaison parfaite pour plus de brillance et d'hydratation.\u00a0\u00a0Cette brume l\u00e9g\u00e8re ajoute non seulement de la brillance, mais hydrate \u00e9galement et aide \u00e0 pr\u00e9venir les m\u00e8ches rebelles. Comment utiliser Appliquer sur cheveux humides ou secs, coiffer\u2026","rel":"","context":"Similar post","block_context":{"text":"Similar post","link":""},"img":{"alt_text":"","src":"","width":0,"height":0},"classes":[]}],"_links":{"self":[{"href":"https:\/\/sakaba.mghosteur.com\/en\/wp-json\/wp\/v2\/product\/26106","targetHints":{"allow":["GET"]}}],"collection":[{"href":"https:\/\/sakaba.mghosteur.com\/en\/wp-json\/wp\/v2\/product"}],"about":[{"href":"https:\/\/sakaba.mghosteur.com\/en\/wp-json\/wp\/v2\/types\/product"}],"replies":[{"embeddable":true,"href":"https:\/\/sakaba.mghosteur.com\/en\/wp-json\/wp\/v2\/comments?post=26106"}],"version-history":[{"count":0,"href":"https:\/\/sakaba.mghosteur.com\/en\/wp-json\/wp\/v2\/product\/26106\/revisions"}],"wp:attachment":[{"href":"https:\/\/sakaba.mghosteur.com\/en\/wp-json\/wp\/v2\/media?parent=26106"}],"wp:term":[{"taxonomy":"product_brand","embeddable":true,"href":"https:\/\/sakaba.mghosteur.com\/en\/wp-json\/wp\/v2\/product_brand?post=26106"},{"taxonomy":"product_cat","embeddable":true,"href":"https:\/\/sakaba.mghosteur.com\/en\/wp-json\/wp\/v2\/product_cat?post=26106"},{"taxonomy":"product_tag","embeddable":true,"href":"https:\/\/sakaba.mghosteur.com\/en\/wp-json\/wp\/v2\/product_tag?post=26106"}],"curies":[{"name":"wp","href":"https:\/\/api.w.org\/{rel}","templated":true}]}}