{"id":26108,"date":"2022-11-24T13:03:40","date_gmt":"2022-11-24T13:03:40","guid":{"rendered":"http:\/\/www.sakababeauty.com\/?post_type=product&#038;p=26108"},"modified":"2024-08-10T21:25:22","modified_gmt":"2024-08-10T21:25:22","slug":"mielle-pomegranate-honey-curl-smoothie","status":"publish","type":"product","link":"https:\/\/sakaba.mghosteur.com\/en\/product\/mielle-pomegranate-honey-curl-smoothie\/","title":{"rendered":"MIELLE POMEGRANATE &amp; HONEY CURL SMOOTHIE"},"content":{"rendered":"<p>Ce d\u00e9licieux smoothie pour boucles apporte une hydratation et une force incroyables gr\u00e2ce \u00e0 des ingr\u00e9dients sains comme l&#8217;extrait de grenade, le miel et l&#8217;huile de babassu, et il est tr\u00e8s facile \u00e0 utiliser. Appliquez simplement le smoothie sur vos cheveux de la racine \u00e0 la pointe, en veillant \u00e0 accorder une attention particuli\u00e8re aux zones \u00e0 probl\u00e8mes, puis coiffez-les. Il redonne vie aux cheveux ab\u00eem\u00e9s et son odeur est absolument incroyable<\/p>\n<p>Comment utiliser?Appliquer sur cheveux essor\u00e9s. Diviser les cheveux en sections. Appliquer le produit de la racine \u00e0 la pointe, en insistant sur les zones \u00e0 probl\u00e8mes. Ne pas rincer. Coiffer comme souhait\u00e9.<\/p>","protected":false},"excerpt":{"rendered":"<p>Ce d\u00e9licieux smoothie pour boucles apporte une hydratation et une force incroyables gr\u00e2ce \u00e0 des ingr\u00e9dients sains comme l&#8217;extrait de grenade, le miel et l&#8217;huile de babassu, et il est tr\u00e8s facile \u00e0 utiliser. Appliquez simplement le smoothie sur vos cheveux de la racine \u00e0 la pointe, en veillant \u00e0 accorder une attention particuli\u00e8re aux<span class=\"read-more-faq\"><a href=\"https:\/\/sakaba.mghosteur.com\/en\/product\/mielle-pomegranate-honey-curl-smoothie\/\">Read More<\/a><\/span><\/p>","protected":false},"featured_media":0,"comment_status":"closed","ping_status":"closed","template":"","meta":[],"product_brand":[],"product_cat":[284,368],"product_tag":[],"class_list":{"0":"post-26108","1":"product","2":"type-product","3":"status-publish","5":"product_cat-aad-cheveux","6":"product_cat-shampoing-et-apres-shampoing","8":"first","9":"instock","10":"shipping-taxable","11":"product-type-simple"},"jetpack-related-posts":[{"id":26094,"url":"https:\/\/sakaba.mghosteur.com\/en\/product\/mielle-pomegranate-honey-coil-sculpting-custard\/","url_meta":{"origin":26108,"position":0},"title":"MIELLE POMEGRANATE &amp; HONEY COIL SCULPTING CUSTARD","author":"admin","date":"November 24, 2022","format":false,"excerpt":"Vous avez des probl\u00e8mes de boucles s\u00e8ches et assoiff\u00e9es? Le gel coiffant sculptant pour boucles \u00e0 la grenade et au miel de Mielle est une bouff\u00e9e d\u2019air frais! Hydratation, d\u00e9finition des boucles, brillance longue dur\u00e9e : tout y est. Cette formule \u00e9paisse et d\u00e9licieusement parfum\u00e9e est con\u00e7ue pour les cheveux\u2026","rel":"","context":"Similar post","block_context":{"text":"Similar post","link":""},"img":{"alt_text":"","src":"","width":0,"height":0},"classes":[]},{"id":26096,"url":"https:\/\/sakaba.mghosteur.com\/en\/product\/mielle-honey-ginger-styling-gel\/","url_meta":{"origin":26108,"position":1},"title":"MIELLE HONEY &amp; GINGER STYLING GEL","author":"admin","date":"November 24, 2022","format":false,"excerpt":"Obtenez les coiffures que vous aimez tout en favorisant des cheveux plus sains et plus forts avec le gel coiffant au miel et au gingembre de Mielle. La formule est compos\u00e9e d'ingr\u00e9dients certifi\u00e9s biologiques, notamment du miel, du gingembre, de l'extrait d'alo\u00e8s et de l'huile de babassu. Ces ingr\u00e9dients naturels\u2026","rel":"","context":"Similar post","block_context":{"text":"Similar post","link":""},"img":{"alt_text":"","src":"","width":0,"height":0},"classes":[]},{"id":26102,"url":"https:\/\/sakaba.mghosteur.com\/en\/product\/mielle-pomegranate-honey-shampoo\/","url_meta":{"origin":26108,"position":2},"title":"MIELLE POMEGRANATE &amp; HONEY SHAMPOO","author":"admin","date":"November 24, 2022","format":false,"excerpt":"Le shampooing hydratant et d\u00e9m\u00ealant \u00e0 la grenade et au miel de Mielle utilise des ingr\u00e9dients frais comme le miel et l\u2019huile de babassu pour \u00e9liminer la salet\u00e9 et l\u2019huile de vos cheveux tout en pr\u00e9servant l\u2019hydratation dont ils ont tant besoin. Ce shampooing forme une mousse luxueuse et a\u2026","rel":"","context":"Similar post","block_context":{"text":"Similar post","link":""},"img":{"alt_text":"","src":"","width":0,"height":0},"classes":[]},{"id":26092,"url":"https:\/\/sakaba.mghosteur.com\/en\/product\/mielle-babassu-mint-deep-conditioner\/","url_meta":{"origin":26108,"position":3},"title":"MIELLE BABASSU &amp; MINT DEEP CONDITIONER","author":"admin","date":"November 24, 2022","format":false,"excerpt":"Le revitalisant en profondeur \u00e0 base de prot\u00e9ines et d'hydratation \u00e0 l'huile de babassu et \u00e0 la menthe restaurera les cheveux secs et ab\u00eem\u00e9s. Ce fruit de palmier originaire d'Amazonie est riche en st\u00e9rols et en tocoph\u00e9rols, qui sont sains pour les cheveux et le cuir chevelu. Enrichi en acides\u2026","rel":"","context":"Similar post","block_context":{"text":"Similar post","link":""},"img":{"alt_text":"","src":"","width":0,"height":0},"classes":[]},{"id":26098,"url":"https:\/\/sakaba.mghosteur.com\/en\/product\/mielle-pomegranate-honey-conditioner\/","url_meta":{"origin":26108,"position":4},"title":"MIELLE POMEGRANATE &amp; HONEY CONDITIONER","author":"admin","date":"November 24, 2022","format":false,"excerpt":"Un syst\u00e8me de coiffage Prime + Define formul\u00e9 pour les cheveux \u00e9pais, cr\u00e9pus et boucl\u00e9s, qui procure une hydratation intense et une douceur soyeuse. L'apr\u00e8s-shampoing hydratant et d\u00e9m\u00ealant \u00e0 la grenade et au miel de Mielle Organics offre cela et plus encore. Cet apr\u00e8s-shampoing retient l'humidit\u00e9, renforce les cheveux \u00e9pais\u2026","rel":"","context":"Similar post","block_context":{"text":"Similar post","link":""},"img":{"alt_text":"","src":"","width":0,"height":0},"classes":[]},{"id":32018,"url":"https:\/\/sakaba.mghosteur.com\/en\/product\/mielle-avocado-tamanu-anti-friz-stay-straighth-serum-177ml\/","url_meta":{"origin":26108,"position":5},"title":"MIELLE AVOCADO TAMANU ANTI FRIZ STAY STRAIGHTH SERUM 177ML","author":"admin","date":"May 13, 2024","format":false,"excerpt":"Le s\u00e9rum anti-frisottis Stay Straight Avocado & Tamanu scelle la surface des cheveux, prot\u00e8ge de la chaleur et ajoute une couche de protection contre les frisottis, l'humidit\u00e9 et la r\u00e9version. Pour des styles droits plus doux, plus brillants et durables. Avantages cl\u00e9s: 2\u00e8me couche de protection pour les styles droits\u2026","rel":"","context":"Similar post","block_context":{"text":"Similar post","link":""},"img":{"alt_text":"","src":"","width":0,"height":0},"classes":[]}],"_links":{"self":[{"href":"https:\/\/sakaba.mghosteur.com\/en\/wp-json\/wp\/v2\/product\/26108","targetHints":{"allow":["GET"]}}],"collection":[{"href":"https:\/\/sakaba.mghosteur.com\/en\/wp-json\/wp\/v2\/product"}],"about":[{"href":"https:\/\/sakaba.mghosteur.com\/en\/wp-json\/wp\/v2\/types\/product"}],"replies":[{"embeddable":true,"href":"https:\/\/sakaba.mghosteur.com\/en\/wp-json\/wp\/v2\/comments?post=26108"}],"version-history":[{"count":0,"href":"https:\/\/sakaba.mghosteur.com\/en\/wp-json\/wp\/v2\/product\/26108\/revisions"}],"wp:attachment":[{"href":"https:\/\/sakaba.mghosteur.com\/en\/wp-json\/wp\/v2\/media?parent=26108"}],"wp:term":[{"taxonomy":"product_brand","embeddable":true,"href":"https:\/\/sakaba.mghosteur.com\/en\/wp-json\/wp\/v2\/product_brand?post=26108"},{"taxonomy":"product_cat","embeddable":true,"href":"https:\/\/sakaba.mghosteur.com\/en\/wp-json\/wp\/v2\/product_cat?post=26108"},{"taxonomy":"product_tag","embeddable":true,"href":"https:\/\/sakaba.mghosteur.com\/en\/wp-json\/wp\/v2\/product_tag?post=26108"}],"curies":[{"name":"wp","href":"https:\/\/api.w.org\/{rel}","templated":true}]}}