{"id":26110,"date":"2022-11-24T13:05:25","date_gmt":"2022-11-24T13:05:25","guid":{"rendered":"http:\/\/www.sakababeauty.com\/?post_type=product&#038;p=26110"},"modified":"2024-08-11T11:43:44","modified_gmt":"2024-08-11T11:43:44","slug":"mielle-white-peony-leave-in-conditioner","status":"publish","type":"product","link":"https:\/\/sakaba.mghosteur.com\/en\/product\/mielle-white-peony-leave-in-conditioner\/","title":{"rendered":"MIELLE WHITE PEONY LEAVE IN CONDITIONER"},"content":{"rendered":"<p>Ce revitalisant sans rin\u00e7age ultra hydratant \u00e0 la pivoine blanche est l\u00e9ger et contient des ingr\u00e9dients naturels et biologiques pour donner \u00e0 vos cheveux l&#8217;hydratation et la protection dont ils ont besoin. Il retient l&#8217;hydratation, lisse la tige capillaire, dompte les frisottis et les cheveux rebelles. Un excellent produit lorsqu&#8217;il est utilis\u00e9 pour le coiffage quotidien et pour aider \u00e0 prot\u00e9ger les cheveux des dommages caus\u00e9s par la chaleur.<\/p>\n<p>Comment utiliser?<\/p>\n<p>Utiliser apr\u00e8s le lavage comme produit sans rin\u00e7age, ne pas rincer. Saturer chaque m\u00e8che de cheveux pour revitaliser les cuticules des cheveux<\/p>","protected":false},"excerpt":{"rendered":"<p>Ce revitalisant sans rin\u00e7age ultra hydratant \u00e0 la pivoine blanche est l\u00e9ger et contient des ingr\u00e9dients naturels et biologiques pour donner \u00e0 vos cheveux l&#8217;hydratation et la protection dont ils ont besoin. Il retient l&#8217;hydratation, lisse la tige capillaire, dompte les frisottis et les cheveux rebelles. Un excellent produit lorsqu&#8217;il est utilis\u00e9 pour le coiffage<span class=\"read-more-faq\"><a href=\"https:\/\/sakaba.mghosteur.com\/en\/product\/mielle-white-peony-leave-in-conditioner\/\">Read More<\/a><\/span><\/p>","protected":false},"featured_media":0,"comment_status":"closed","ping_status":"closed","template":"","meta":[],"product_brand":[],"product_cat":[284,368],"product_tag":[],"class_list":{"0":"post-26110","1":"product","2":"type-product","3":"status-publish","5":"product_cat-aad-cheveux","6":"product_cat-shampoing-et-apres-shampoing","8":"first","9":"instock","10":"shipping-taxable","11":"product-type-simple"},"jetpack-related-posts":[{"id":26094,"url":"https:\/\/sakaba.mghosteur.com\/en\/product\/mielle-pomegranate-honey-coil-sculpting-custard\/","url_meta":{"origin":26110,"position":0},"title":"MIELLE POMEGRANATE &amp; HONEY COIL SCULPTING CUSTARD","author":"admin","date":"November 24, 2022","format":false,"excerpt":"Vous avez des probl\u00e8mes de boucles s\u00e8ches et assoiff\u00e9es? Le gel coiffant sculptant pour boucles \u00e0 la grenade et au miel de Mielle est une bouff\u00e9e d\u2019air frais! Hydratation, d\u00e9finition des boucles, brillance longue dur\u00e9e : tout y est. Cette formule \u00e9paisse et d\u00e9licieusement parfum\u00e9e est con\u00e7ue pour les cheveux\u2026","rel":"","context":"Similar post","block_context":{"text":"Similar post","link":""},"img":{"alt_text":"","src":"","width":0,"height":0},"classes":[]},{"id":29708,"url":"https:\/\/sakaba.mghosteur.com\/en\/product\/palmers-length-retention-leave-in-conditioner\/","url_meta":{"origin":26110,"position":1},"title":"PALMERS LENGTH RETENTION LEAVE IN CONDITIONER","author":"admin","date":"April 14, 2023","format":false,"excerpt":"Le revitalisant sans rin\u00e7age pour la r\u00e9tention de la longueur de la marque Palmer's est un produit de soin capillaire instantan\u00e9 et cr\u00e9meux, con\u00e7u pour tous les types de cheveux boucl\u00e9s. Formul\u00e9 sans silicone, il \u00e9limine les n\u0153uds et les enchev\u00eatrements, tout en renfor\u00e7ant les m\u00e8ches pour prot\u00e9ger contre la\u2026","rel":"","context":"Similar post","block_context":{"text":"Similar post","link":""},"img":{"alt_text":"","src":"","width":0,"height":0},"classes":[]},{"id":26102,"url":"https:\/\/sakaba.mghosteur.com\/en\/product\/mielle-pomegranate-honey-shampoo\/","url_meta":{"origin":26110,"position":2},"title":"MIELLE POMEGRANATE &amp; HONEY SHAMPOO","author":"admin","date":"November 24, 2022","format":false,"excerpt":"Le shampooing hydratant et d\u00e9m\u00ealant \u00e0 la grenade et au miel de Mielle utilise des ingr\u00e9dients frais comme le miel et l\u2019huile de babassu pour \u00e9liminer la salet\u00e9 et l\u2019huile de vos cheveux tout en pr\u00e9servant l\u2019hydratation dont ils ont tant besoin. Ce shampooing forme une mousse luxueuse et a\u2026","rel":"","context":"Similar post","block_context":{"text":"Similar post","link":""},"img":{"alt_text":"","src":"","width":0,"height":0},"classes":[]},{"id":25744,"url":"https:\/\/sakaba.mghosteur.com\/en\/product\/aunt-jackies-butter-creme-intense-moisture-seasant\/","url_meta":{"origin":26110,"position":3},"title":"AUNT JACKIE&#8217;S BUTTER CREME  INTENSE MOISTURE SEASANT","author":"admin","date":"November 22, 2022","format":false,"excerpt":"Le soin hydratant intensif Butter Creme de Aunt Jackie est un soin revitalisant sans rin\u00e7age con\u00e7u pour les cheveux chroniquement secs. Il est compos\u00e9 d'huile de coco et de ricin, ainsi que de beurre de karit\u00e9, de mono\u00ef et d'extrait de romarin. Il est sans sulfate, sans parab\u00e8ne et ne\u2026","rel":"","context":"Similar post","block_context":{"text":"Similar post","link":""},"img":{"alt_text":"","src":"","width":0,"height":0},"classes":[]},{"id":31943,"url":"https:\/\/sakaba.mghosteur.com\/en\/product\/camille-rose-algae-renew-deep-conditioing-mask\/","url_meta":{"origin":26110,"position":4},"title":"CAMILLE ROSE ALGAE RENEW DEEP CONDITIONING MASK","author":"admin","date":"May 13, 2024","format":false,"excerpt":"Un soin hydratant et fortifiant riche en vitamines, infus\u00e9 d'algues bleu-vert. Ce soin riche est infus\u00e9 d'un m\u00e9lange d'algues bleu-vert pures, contenant 65 vitamines, min\u00e9raux et antioxydants. Le cacao non raffin\u00e9 et le beurre de mangue sont astucieusement m\u00e9lang\u00e9s dans cette formule revitalisante intense en profondeur pour un maximum de\u2026","rel":"","context":"Similar post","block_context":{"text":"Similar post","link":""},"img":{"alt_text":"","src":"","width":0,"height":0},"classes":[]},{"id":31966,"url":"https:\/\/sakaba.mghosteur.com\/en\/product\/camille-rose-black-castor-oil-chebe-deep-conditi\/","url_meta":{"origin":26110,"position":5},"title":"CAMILLE ROSE BLACK CASTOR OIL + CHEBE DEEP CONDITIONER","author":"admin","date":"May 13, 2024","format":false,"excerpt":"Un soin revitalisant et hydratant intensif con\u00e7u pour renforcer la tige capillaire et redonner de la vitalit\u00e9 aux m\u00e8ches ab\u00eem\u00e9es et stress\u00e9es. Mode d'emploi: Sur des m\u00e8ches fra\u00eechement lav\u00e9es, appliquez une quantit\u00e9 g\u00e9n\u00e9reuse sur les cheveux. Utilisez les doigts ou un peigne \u00e0 dents larges pour r\u00e9partir uniform\u00e9ment de la\u2026","rel":"","context":"Similar post","block_context":{"text":"Similar post","link":""},"img":{"alt_text":"","src":"","width":0,"height":0},"classes":[]}],"_links":{"self":[{"href":"https:\/\/sakaba.mghosteur.com\/en\/wp-json\/wp\/v2\/product\/26110","targetHints":{"allow":["GET"]}}],"collection":[{"href":"https:\/\/sakaba.mghosteur.com\/en\/wp-json\/wp\/v2\/product"}],"about":[{"href":"https:\/\/sakaba.mghosteur.com\/en\/wp-json\/wp\/v2\/types\/product"}],"replies":[{"embeddable":true,"href":"https:\/\/sakaba.mghosteur.com\/en\/wp-json\/wp\/v2\/comments?post=26110"}],"version-history":[{"count":0,"href":"https:\/\/sakaba.mghosteur.com\/en\/wp-json\/wp\/v2\/product\/26110\/revisions"}],"wp:attachment":[{"href":"https:\/\/sakaba.mghosteur.com\/en\/wp-json\/wp\/v2\/media?parent=26110"}],"wp:term":[{"taxonomy":"product_brand","embeddable":true,"href":"https:\/\/sakaba.mghosteur.com\/en\/wp-json\/wp\/v2\/product_brand?post=26110"},{"taxonomy":"product_cat","embeddable":true,"href":"https:\/\/sakaba.mghosteur.com\/en\/wp-json\/wp\/v2\/product_cat?post=26110"},{"taxonomy":"product_tag","embeddable":true,"href":"https:\/\/sakaba.mghosteur.com\/en\/wp-json\/wp\/v2\/product_tag?post=26110"}],"curies":[{"name":"wp","href":"https:\/\/api.w.org\/{rel}","templated":true}]}}