{"id":26116,"date":"2022-11-24T13:11:12","date_gmt":"2022-11-24T13:11:12","guid":{"rendered":"http:\/\/www.sakababeauty.com\/?post_type=product&#038;p=26116"},"modified":"2022-11-24T13:11:12","modified_gmt":"2022-11-24T13:11:12","slug":"twistedsista-foaming-curl-mousse","status":"publish","type":"product","link":"https:\/\/sakaba.mghosteur.com\/en\/product\/twistedsista-foaming-curl-mousse\/","title":{"rendered":"TWISTEDSISTA FOAMING CURL MOUSSE"},"content":{"rendered":"","protected":false},"excerpt":{"rendered":"","protected":false},"featured_media":0,"comment_status":"closed","ping_status":"closed","template":"","meta":[],"product_brand":[],"product_cat":[284,339],"product_tag":[],"class_list":{"0":"post-26116","1":"product","2":"type-product","3":"status-publish","5":"product_cat-aad-cheveux","6":"product_cat-soin-cheveux","8":"first","9":"instock","10":"shipping-taxable","11":"product-type-simple"},"jetpack-related-posts":[{"id":26128,"url":"https:\/\/sakaba.mghosteur.com\/en\/product\/twistedsista-curl-activator\/","url_meta":{"origin":26116,"position":0},"title":"TWISTEDSISTA CURL ACTIVATOR","author":"admin","date":"November 24, 2022","format":false,"excerpt":"","rel":"","context":"Similar post","block_context":{"text":"Similar post","link":""},"img":{"alt_text":"","src":"","width":0,"height":0},"classes":[]},{"id":26118,"url":"https:\/\/sakaba.mghosteur.com\/en\/product\/twistedsista-curl-perfection-creme-gel\/","url_meta":{"origin":26116,"position":1},"title":"TWISTEDSISTA CURL PERFECTION CREME GEL","author":"admin","date":"November 24, 2022","format":false,"excerpt":"","rel":"","context":"Similar post","block_context":{"text":"Similar post","link":""},"img":{"alt_text":"","src":"","width":0,"height":0},"classes":[]},{"id":30424,"url":"https:\/\/sakaba.mghosteur.com\/en\/product\/rapid-clear-oil-eliminating-foaming-cleanser\/","url_meta":{"origin":26116,"position":2},"title":"RAPID CLEAR OIL ELIMINATING FOAMING CLEANSER","author":"admin","date":"May 10, 2023","format":false,"excerpt":"D\u00e9couvrez le nettoyant moussant \u00e9liminateur de s\u00e9bum Rapid Clear de la marque Neutrogena, sp\u00e9cialement con\u00e7u pour aider \u00e0 contr\u00f4ler le s\u00e9bum de votre peau pendant des heures. Ce nettoyant moussant anti-s\u00e9bum est formul\u00e9 avec une texture riche et cr\u00e9meuse qui se transforme en une mousse l\u00e9g\u00e8re et sans huile pour\u2026","rel":"","context":"Similar post","block_context":{"text":"Similar post","link":""},"img":{"alt_text":"","src":"","width":0,"height":0},"classes":[]},{"id":25559,"url":"https:\/\/sakaba.mghosteur.com\/en\/product\/dr-teals-foaming-bath-with-pure-epsom-salt-soothe-sleep\/","url_meta":{"origin":26116,"position":3},"title":"DR TEAL&#8217;S FOAMING BATH WITH PURE EPSOM SALT SOOTHE SLEEP","author":"admin","date":"November 14, 2022","format":false,"excerpt":"Bain moussant apaisant et sommeil au sel pur d'Epsom Le bain moussant\u00a0Dr Teal's\u00a0\u00ae transforme votre bain en un spa relaxant avec des huiles essentielles pour apaiser les sens, revitaliser les muscles fatigu\u00e9s et endoloris et aider \u00e0 soulager le stress.\u00a0L'essence de lavande a des propri\u00e9t\u00e9s apaisantes reconnues pour favoriser une\u2026","rel":"","context":"Similar post","block_context":{"text":"Similar post","link":""},"img":{"alt_text":"","src":"","width":0,"height":0},"classes":[]},{"id":25561,"url":"https:\/\/sakaba.mghosteur.com\/en\/product\/dr-teals-foaming-bath-with-pure-epsom-salt-hemp-seed-oil\/","url_meta":{"origin":26116,"position":4},"title":"DR TEAL&#8217;S FOAMING BATH WITH PURE EPSOM SALT HEMP SEED OIL","author":"admin","date":"November 14, 2022","format":false,"excerpt":"Bain moussant au sel pur d'Epsom et \u00e0 l'huile de graines de chanvre Le bain moussant du Dr Teal transforme votre bain en une exp\u00e9rience relaxante avec des huiles essentielles apaisantes pour apaiser les sens et aider \u00e0 soulager le stress.\u00a0L'huile de graines de chanvre hydrate et nourrit la peau,\u2026","rel":"","context":"Similar post","block_context":{"text":"Similar post","link":""},"img":{"alt_text":"","src":"","width":0,"height":0},"classes":[]},{"id":29859,"url":"https:\/\/sakaba.mghosteur.com\/en\/product\/kojie-san-skin-lightening-foaming-face-wash-with-hydromoist-150ml\/","url_meta":{"origin":26116,"position":5},"title":"Kojie San Skin Lightening Foaming Face Wash With Hydromoist 150ml","author":"admin","date":"April 26, 2023","format":false,"excerpt":"D\u00e9couvrez le Kojie San Skin Lightening Foaming Face Wash With Hydromoist de 150ml, un produit de beaut\u00e9 de qualit\u00e9 qui nettoie en douceur le visage tout en le rendant plus lumineux. Ce nettoyant pour le visage \u00e0 la mousse l\u00e9g\u00e8re et a\u00e9r\u00e9e nettoie en douceur et \u00e9limine les impuret\u00e9s, la\u2026","rel":"","context":"Similar post","block_context":{"text":"Similar post","link":""},"img":{"alt_text":"","src":"","width":0,"height":0},"classes":[]}],"_links":{"self":[{"href":"https:\/\/sakaba.mghosteur.com\/en\/wp-json\/wp\/v2\/product\/26116","targetHints":{"allow":["GET"]}}],"collection":[{"href":"https:\/\/sakaba.mghosteur.com\/en\/wp-json\/wp\/v2\/product"}],"about":[{"href":"https:\/\/sakaba.mghosteur.com\/en\/wp-json\/wp\/v2\/types\/product"}],"replies":[{"embeddable":true,"href":"https:\/\/sakaba.mghosteur.com\/en\/wp-json\/wp\/v2\/comments?post=26116"}],"version-history":[{"count":0,"href":"https:\/\/sakaba.mghosteur.com\/en\/wp-json\/wp\/v2\/product\/26116\/revisions"}],"wp:attachment":[{"href":"https:\/\/sakaba.mghosteur.com\/en\/wp-json\/wp\/v2\/media?parent=26116"}],"wp:term":[{"taxonomy":"product_brand","embeddable":true,"href":"https:\/\/sakaba.mghosteur.com\/en\/wp-json\/wp\/v2\/product_brand?post=26116"},{"taxonomy":"product_cat","embeddable":true,"href":"https:\/\/sakaba.mghosteur.com\/en\/wp-json\/wp\/v2\/product_cat?post=26116"},{"taxonomy":"product_tag","embeddable":true,"href":"https:\/\/sakaba.mghosteur.com\/en\/wp-json\/wp\/v2\/product_tag?post=26116"}],"curies":[{"name":"wp","href":"https:\/\/api.w.org\/{rel}","templated":true}]}}