{"id":26132,"date":"2022-11-24T14:31:00","date_gmt":"2022-11-24T14:31:00","guid":{"rendered":"http:\/\/www.sakababeauty.com\/?post_type=product&#038;p=26132"},"modified":"2022-11-24T14:31:01","modified_gmt":"2022-11-24T14:31:01","slug":"motions-classic-formula-hair-relaxer-smooth-silken","status":"publish","type":"product","link":"https:\/\/sakaba.mghosteur.com\/en\/product\/motions-classic-formula-hair-relaxer-smooth-silken\/","title":{"rendered":"Motions Classic Formula Hair Relaxer Smooth &#038; Silken"},"content":{"rendered":"","protected":false},"excerpt":{"rendered":"","protected":false},"featured_media":0,"comment_status":"closed","ping_status":"closed","template":"","meta":[],"product_brand":[],"product_cat":[284,339],"product_tag":[],"class_list":{"0":"post-26132","1":"product","2":"type-product","3":"status-publish","5":"product_cat-aad-cheveux","6":"product_cat-soin-cheveux","8":"first","9":"instock","10":"shipping-taxable","11":"product-type-simple"},"jetpack-related-posts":[{"id":33643,"url":"https:\/\/sakaba.mghosteur.com\/en\/product\/textures-tones-1b-silken-black\/","url_meta":{"origin":26132,"position":0},"title":"TEXTURES &amp; TONES 1B SILKEN BLACK","author":"admin","date":"May 22, 2024","format":false,"excerpt":"","rel":"","context":"Similar post","block_context":{"text":"Similar post","link":""},"img":{"alt_text":"","src":"","width":0,"height":0},"classes":[]},{"id":25949,"url":"https:\/\/sakaba.mghosteur.com\/en\/product\/doo-gro-mega-thick-formula-hair-oil\/","url_meta":{"origin":26132,"position":1},"title":"DOO GRO MEGA THICK FORMULA HAIR OIL","author":"admin","date":"November 23, 2022","format":false,"excerpt":"","rel":"","context":"Similar post","block_context":{"text":"Similar post","link":""},"img":{"alt_text":"","src":"","width":0,"height":0},"classes":[]},{"id":34763,"url":"https:\/\/sakaba.mghosteur.com\/en\/product\/manic-panic-hair-dye-cotton-candy-pink\/","url_meta":{"origin":26132,"position":2},"title":"Manic Panic Hair Dye Cotton Candy Pink","author":"admin","date":"May 31, 2024","format":false,"excerpt":"Manic Panic Classic 118ml in Cotton Candy Pink is the perfect way to add a splash of vibrant color to your hair. This semi-permanent hair dye is made from vegan ingredients and is free from ammonia, peroxide, and PPD. It is designed to last up to 6 weeks and can\u2026","rel":"","context":"Similar post","block_context":{"text":"Similar post","link":""},"img":{"alt_text":"","src":"","width":0,"height":0},"classes":[]},{"id":30314,"url":"https:\/\/sakaba.mghosteur.com\/en\/product\/paula-choice-all-over-hair-body-shapoo\/","url_meta":{"origin":26132,"position":3},"title":"PAULA CHOICE ALL OVER HAIR &amp; BODY SHAMPOO","author":"admin","date":"May 8, 2023","format":false,"excerpt":"Le shampoing corps et cheveux pour tout le corps de la marque Paula Choice est une formule polyvalente qui nettoie en douceur les cheveux et la peau. Cette formule concentr\u00e9e convient \u00e0 tous les types de peau, de cheveux et de cuir chevelu. Id\u00e9al pour les cheveux color\u00e9s, il se\u2026","rel":"","context":"Similar post","block_context":{"text":"Similar post","link":""},"img":{"alt_text":"","src":"","width":0,"height":0},"classes":[]},{"id":26018,"url":"https:\/\/sakaba.mghosteur.com\/en\/product\/wild-growth-hair-oil\/","url_meta":{"origin":26132,"position":4},"title":"Wild Growth Hair Oil","author":"admin","date":"November 24, 2022","format":false,"excerpt":"L'huile capillaire Wild Growth est une formule \u00e0 base de plantes qui hydrate, revitalise et adoucit les cheveux. Elle peut \u00eatre utilis\u00e9e sur les cheveux secs, emm\u00eal\u00e9s et difficiles \u00e0 coiffer pour les rendre plus doux, plus sains et moins sujets aux pointes fourchues et aux cassures. Elle favorise \u00e9galement\u2026","rel":"","context":"Similar post","block_context":{"text":"Similar post","link":""},"img":{"alt_text":"","src":"","width":0,"height":0},"classes":[]},{"id":27864,"url":"https:\/\/sakaba.mghosteur.com\/en\/product\/first-aid-beauty-ingrown-hair-pads\/","url_meta":{"origin":26132,"position":5},"title":"FIRST AID BEAUTY INGROWN HAIR PADS","author":"admin","date":"November 29, 2022","format":false,"excerpt":"Les tampons pour poils incarn\u00e9s First Aid Beauty sont des tampons \u00e0 usage unique qui exfolient la peau pour pr\u00e9venir les bosses de rasoir et les poils incarn\u00e9s douloureux. Ils contiennent des acides glycolique et salicylique et sont con\u00e7us pour \u00eatre utilis\u00e9s 24 heures apr\u00e8s l'\u00e9pilation. Les tampons sont formul\u00e9s\u2026","rel":"","context":"Similar post","block_context":{"text":"Similar post","link":""},"img":{"alt_text":"","src":"","width":0,"height":0},"classes":[]}],"_links":{"self":[{"href":"https:\/\/sakaba.mghosteur.com\/en\/wp-json\/wp\/v2\/product\/26132","targetHints":{"allow":["GET"]}}],"collection":[{"href":"https:\/\/sakaba.mghosteur.com\/en\/wp-json\/wp\/v2\/product"}],"about":[{"href":"https:\/\/sakaba.mghosteur.com\/en\/wp-json\/wp\/v2\/types\/product"}],"replies":[{"embeddable":true,"href":"https:\/\/sakaba.mghosteur.com\/en\/wp-json\/wp\/v2\/comments?post=26132"}],"version-history":[{"count":0,"href":"https:\/\/sakaba.mghosteur.com\/en\/wp-json\/wp\/v2\/product\/26132\/revisions"}],"wp:attachment":[{"href":"https:\/\/sakaba.mghosteur.com\/en\/wp-json\/wp\/v2\/media?parent=26132"}],"wp:term":[{"taxonomy":"product_brand","embeddable":true,"href":"https:\/\/sakaba.mghosteur.com\/en\/wp-json\/wp\/v2\/product_brand?post=26132"},{"taxonomy":"product_cat","embeddable":true,"href":"https:\/\/sakaba.mghosteur.com\/en\/wp-json\/wp\/v2\/product_cat?post=26132"},{"taxonomy":"product_tag","embeddable":true,"href":"https:\/\/sakaba.mghosteur.com\/en\/wp-json\/wp\/v2\/product_tag?post=26132"}],"curies":[{"name":"wp","href":"https:\/\/api.w.org\/{rel}","templated":true}]}}