{"id":26134,"date":"2022-11-24T14:36:00","date_gmt":"2022-11-24T14:36:00","guid":{"rendered":"http:\/\/www.sakababeauty.com\/?post_type=product&#038;p=26134"},"modified":"2024-08-25T03:44:38","modified_gmt":"2024-08-25T03:44:38","slug":"sunny-kle-extra-dark-hair-food-pomade","status":"publish","type":"product","link":"https:\/\/sakaba.mghosteur.com\/en\/product\/sunny-kle-extra-dark-hair-food-pomade\/","title":{"rendered":"SUNNY ISLE EXTRA DARK HAIR FOOD POMADE"},"content":{"rendered":"<p>La pommade capillaire Sunny Isle Extra Dark Jamaican Black Castor Oil est une pommade 100 % naturelle qui peut hydrater le cuir chevelu sec, pr\u00e9venir la casse des cheveux et lutter contre les pellicules. Elle convient \u00e9galement aux cheveux naturels ou en transition et peut ajouter de la d\u00e9finition et de la brillance \u00e0 votre coiffure. La pommade est compos\u00e9e de 100 nutriments naturels, dont de la cire d&#8217;abeille et de l&#8217;huile de coco. Elle est \u00e9galement biologique et sans cruaut\u00e9.<\/p>","protected":false},"excerpt":{"rendered":"<p>La pommade capillaire Sunny Isle Extra Dark Jamaican Black Castor Oil est une pommade 100 % naturelle qui peut hydrater le cuir chevelu sec, pr\u00e9venir la casse des cheveux et lutter contre les pellicules. Elle convient \u00e9galement aux cheveux naturels ou en transition et peut ajouter de la d\u00e9finition et de la brillance \u00e0 votre<span class=\"read-more-faq\"><a href=\"https:\/\/sakaba.mghosteur.com\/en\/product\/sunny-kle-extra-dark-hair-food-pomade\/\">Read More<\/a><\/span><\/p>","protected":false},"featured_media":0,"comment_status":"closed","ping_status":"closed","template":"","meta":[],"product_brand":[],"product_cat":[284,1063],"product_tag":[],"class_list":{"0":"post-26134","1":"product","2":"type-product","3":"status-publish","5":"product_cat-aad-cheveux","6":"product_cat-traitement-capilaire","8":"first","9":"instock","10":"shipping-taxable","11":"product-type-simple"},"jetpack-related-posts":[{"id":26143,"url":"https:\/\/sakaba.mghosteur.com\/en\/product\/sunny-kle-jamaicain-black-castor-oil\/","url_meta":{"origin":26134,"position":0},"title":"SUNNY ISLE JAMAICAIN BLACK CASTOR OIL","author":"admin","date":"November 24, 2022","format":false,"excerpt":"L'huile de ricin noire jama\u00efcaine Sunny Isle est une huile de ricin noire 100 % naturelle de Jama\u00efque formul\u00e9e pour donner force et nutrition aux cheveux ab\u00eem\u00e9s. Elle est fabriqu\u00e9e \u00e0 partir de graines de ricin biologiques qui sont torr\u00e9fi\u00e9es et moulues par un broyeur manuel, puis bouillies pour en\u2026","rel":"","context":"Similar post","block_context":{"text":"Similar post","link":""},"img":{"alt_text":"","src":"","width":0,"height":0},"classes":[]},{"id":26163,"url":"https:\/\/sakaba.mghosteur.com\/en\/product\/sunny-kle-castor-oil-root-repair-growth-oil\/","url_meta":{"origin":26134,"position":1},"title":"SUNNY ISLE CASTOR OIL ROOT REPAIR GROWTH OIL","author":"admin","date":"November 24, 2022","format":false,"excerpt":"Cette huile de ricin noire 100% naturelle de Jama\u00efque est formul\u00e9e pour fournir force de croissance et nutrition aux cheveux ab\u00eem\u00e9s. Taille de la cha\u00eene alphanum\u00e9rique 20 caract\u00e8res max. Couleur Noir Naturel","rel":"","context":"Similar post","block_context":{"text":"Similar post","link":""},"img":{"alt_text":"","src":"","width":0,"height":0},"classes":[]},{"id":26145,"url":"https:\/\/sakaba.mghosteur.com\/en\/product\/sunny-kle-leave-in-knot-free-forever\/","url_meta":{"origin":26134,"position":2},"title":"SUNNY ISLE LEAVE IN KNOT FREE FOREVER","author":"admin","date":"November 24, 2022","format":false,"excerpt":"Le spray revitalisant sans rin\u00e7age Knot Free Forever \u00e9limine la douleur et le temps n\u00e9cessaires au d\u00e9m\u00ealage des cheveux, permettant aux cheveux et au cuir chevelu de respirer et d'\u00eatre nettoy\u00e9s en profondeur. Il est infus\u00e9 d'huile de ricin noire jama\u00efcaine authentique et est formul\u00e9 sp\u00e9cialement pour les cheveux naturellement\u2026","rel":"","context":"Similar post","block_context":{"text":"Similar post","link":""},"img":{"alt_text":"","src":"","width":0,"height":0},"classes":[]},{"id":26136,"url":"https:\/\/sakaba.mghosteur.com\/en\/product\/sunny-kle-black-castor-oil-intensive-repair-masque\/","url_meta":{"origin":26134,"position":3},"title":"SUNNY ISLE BLACK CASTOR OIL INTENSIVE REPAIR MASQUE","author":"admin","date":"November 24, 2022","format":false,"excerpt":"Ce traitement p\u00e9n\u00e9trant en profondeur est un puissant m\u00e9lange d'ingr\u00e9dients naturels, infus\u00e9 d'huile de ricin noire jama\u00efcaine pour hydrater et nourrir votre cuir chevelu ; laissant vos cheveux plus doux, plus sains et plus forts.","rel":"","context":"Similar post","block_context":{"text":"Similar post","link":""},"img":{"alt_text":"","src":"","width":0,"height":0},"classes":[]},{"id":34745,"url":"https:\/\/sakaba.mghosteur.com\/en\/product\/jamaican-black-castor-oil-gm\/","url_meta":{"origin":26134,"position":4},"title":"SUNNY ISLE JAMAICAN BLACK CASTOR OIL GM","author":"admin","date":"May 31, 2024","format":false,"excerpt":"Sunny Isle The Original Jamaican Black Castor Oil is a hair oil that is made from pure Jamaican black castor seeds.\u00a0It is rich in nutrients such as omega fatty acids, vitamin E, and minerals, and is designed to moisturize dry hair, reduce breakage, and help repair damaged strands.\u00a0It has a\u2026","rel":"","context":"Similar post","block_context":{"text":"Similar post","link":""},"img":{"alt_text":"","src":"","width":0,"height":0},"classes":[]},{"id":24185,"url":"https:\/\/sakaba.mghosteur.com\/en\/product\/cerave-healing-ointment-10g\/","url_meta":{"origin":26134,"position":5},"title":"CERAVE HEALING OINTMENT 10G","author":"admin","date":"November 9, 2022","format":false,"excerpt":"La pommade cicatrisante CeraVe est une solution efficace pour les personnes ayant une peau extr\u00eamement s\u00e8che, craquel\u00e9e ou irrit\u00e9e. Cette formule unique, d\u00e9velopp\u00e9e avec des dermatologues, contient de l'acide hyaluronique pour une hydratation suppl\u00e9mentaire. Elle est formul\u00e9e avec trois c\u00e9ramides essentiels (1, 3, 6-II) pour aider \u00e0 restaurer et \u00e0\u2026","rel":"","context":"Similar post","block_context":{"text":"Similar post","link":""},"img":{"alt_text":"","src":"","width":0,"height":0},"classes":[]}],"_links":{"self":[{"href":"https:\/\/sakaba.mghosteur.com\/en\/wp-json\/wp\/v2\/product\/26134","targetHints":{"allow":["GET"]}}],"collection":[{"href":"https:\/\/sakaba.mghosteur.com\/en\/wp-json\/wp\/v2\/product"}],"about":[{"href":"https:\/\/sakaba.mghosteur.com\/en\/wp-json\/wp\/v2\/types\/product"}],"replies":[{"embeddable":true,"href":"https:\/\/sakaba.mghosteur.com\/en\/wp-json\/wp\/v2\/comments?post=26134"}],"version-history":[{"count":0,"href":"https:\/\/sakaba.mghosteur.com\/en\/wp-json\/wp\/v2\/product\/26134\/revisions"}],"wp:attachment":[{"href":"https:\/\/sakaba.mghosteur.com\/en\/wp-json\/wp\/v2\/media?parent=26134"}],"wp:term":[{"taxonomy":"product_brand","embeddable":true,"href":"https:\/\/sakaba.mghosteur.com\/en\/wp-json\/wp\/v2\/product_brand?post=26134"},{"taxonomy":"product_cat","embeddable":true,"href":"https:\/\/sakaba.mghosteur.com\/en\/wp-json\/wp\/v2\/product_cat?post=26134"},{"taxonomy":"product_tag","embeddable":true,"href":"https:\/\/sakaba.mghosteur.com\/en\/wp-json\/wp\/v2\/product_tag?post=26134"}],"curies":[{"name":"wp","href":"https:\/\/api.w.org\/{rel}","templated":true}]}}