{"id":26143,"date":"2022-11-24T15:58:11","date_gmt":"2022-11-24T15:58:11","guid":{"rendered":"http:\/\/www.sakababeauty.com\/?post_type=product&#038;p=26143"},"modified":"2024-08-25T03:45:47","modified_gmt":"2024-08-25T03:45:47","slug":"sunny-kle-jamaicain-black-castor-oil","status":"publish","type":"product","link":"https:\/\/sakaba.mghosteur.com\/en\/product\/sunny-kle-jamaicain-black-castor-oil\/","title":{"rendered":"SUNNY ISLE JAMAICAIN BLACK CASTOR OIL"},"content":{"rendered":"<p>L&#8217;huile de ricin noire jama\u00efcaine Sunny Isle est une huile de ricin noire 100 % naturelle de Jama\u00efque formul\u00e9e pour donner force et nutrition aux cheveux ab\u00eem\u00e9s. Elle est fabriqu\u00e9e \u00e0 partir de graines de ricin biologiques qui sont torr\u00e9fi\u00e9es et moulues par un broyeur manuel, puis bouillies pour en extraire l&#8217;huile. Cette huile est efficace pour traiter les pellicules, le cuir chevelu irrit\u00e9, l&#8217;alop\u00e9cie, les cheveux ab\u00eem\u00e9s, la peau s\u00e8che et craquel\u00e9e, l&#8217;acn\u00e9 et l&#8217;inconfort d\u00fb \u00e0 l&#8217;ecz\u00e9ma et au psoriasis. Elle peut \u00e9galement \u00eatre appliqu\u00e9e sur les sourcils et les cils pour stimuler leur croissance et leur apparence.<\/p>","protected":false},"excerpt":{"rendered":"<p>L&#8217;huile de ricin noire jama\u00efcaine Sunny Isle est une huile de ricin noire 100 % naturelle de Jama\u00efque formul\u00e9e pour donner force et nutrition aux cheveux ab\u00eem\u00e9s. Elle est fabriqu\u00e9e \u00e0 partir de graines de ricin biologiques qui sont torr\u00e9fi\u00e9es et moulues par un broyeur manuel, puis bouillies pour en extraire l&#8217;huile. Cette huile est<span class=\"read-more-faq\"><a href=\"https:\/\/sakaba.mghosteur.com\/en\/product\/sunny-kle-jamaicain-black-castor-oil\/\">Read More<\/a><\/span><\/p>","protected":false},"featured_media":0,"comment_status":"closed","ping_status":"closed","template":"","meta":[],"product_brand":[],"product_cat":[284,1063],"product_tag":[],"class_list":{"0":"post-26143","1":"product","2":"type-product","3":"status-publish","5":"product_cat-aad-cheveux","6":"product_cat-traitement-capilaire","8":"first","9":"instock","10":"shipping-taxable","11":"product-type-simple"},"jetpack-related-posts":[{"id":26136,"url":"https:\/\/sakaba.mghosteur.com\/en\/product\/sunny-kle-black-castor-oil-intensive-repair-masque\/","url_meta":{"origin":26143,"position":0},"title":"SUNNY ISLE BLACK CASTOR OIL INTENSIVE REPAIR MASQUE","author":"admin","date":"November 24, 2022","format":false,"excerpt":"Ce traitement p\u00e9n\u00e9trant en profondeur est un puissant m\u00e9lange d'ingr\u00e9dients naturels, infus\u00e9 d'huile de ricin noire jama\u00efcaine pour hydrater et nourrir votre cuir chevelu ; laissant vos cheveux plus doux, plus sains et plus forts.","rel":"","context":"Similar post","block_context":{"text":"Similar post","link":""},"img":{"alt_text":"","src":"","width":0,"height":0},"classes":[]},{"id":26145,"url":"https:\/\/sakaba.mghosteur.com\/en\/product\/sunny-kle-leave-in-knot-free-forever\/","url_meta":{"origin":26143,"position":1},"title":"SUNNY ISLE LEAVE IN KNOT FREE FOREVER","author":"admin","date":"November 24, 2022","format":false,"excerpt":"Le spray revitalisant sans rin\u00e7age Knot Free Forever \u00e9limine la douleur et le temps n\u00e9cessaires au d\u00e9m\u00ealage des cheveux, permettant aux cheveux et au cuir chevelu de respirer et d'\u00eatre nettoy\u00e9s en profondeur. Il est infus\u00e9 d'huile de ricin noire jama\u00efcaine authentique et est formul\u00e9 sp\u00e9cialement pour les cheveux naturellement\u2026","rel":"","context":"Similar post","block_context":{"text":"Similar post","link":""},"img":{"alt_text":"","src":"","width":0,"height":0},"classes":[]},{"id":26163,"url":"https:\/\/sakaba.mghosteur.com\/en\/product\/sunny-kle-castor-oil-root-repair-growth-oil\/","url_meta":{"origin":26143,"position":2},"title":"SUNNY ISLE CASTOR OIL ROOT REPAIR GROWTH OIL","author":"admin","date":"November 24, 2022","format":false,"excerpt":"Cette huile de ricin noire 100% naturelle de Jama\u00efque est formul\u00e9e pour fournir force de croissance et nutrition aux cheveux ab\u00eem\u00e9s. Taille de la cha\u00eene alphanum\u00e9rique 20 caract\u00e8res max. Couleur Noir Naturel","rel":"","context":"Similar post","block_context":{"text":"Similar post","link":""},"img":{"alt_text":"","src":"","width":0,"height":0},"classes":[]},{"id":32386,"url":"https:\/\/sakaba.mghosteur.com\/en\/product\/sheamoisture-strengthen-restore-treatement-masque-57g\/","url_meta":{"origin":26143,"position":3},"title":"SHEAMOISTURE STRENGTHEN &amp; RESTORE TREATEMENT MASQUE 57G","author":"admin","date":"May 14, 2024","format":false,"excerpt":"Ce masque intense revitalisant redonne force et r\u00e9sistance aux cheveux ab\u00eem\u00e9s, cassants ou trait\u00e9s chimiquement. Il convient parfaitement aux personnes qui colorent, lissent, permanentent ou chauffent r\u00e9guli\u00e8rement leurs cheveux, ou qui ont les cheveux naturellement cr\u00e9pus, boucl\u00e9s ou ondul\u00e9s. Formul\u00e9 avec de l'huile de ricin noire de Jama\u00efque et du\u2026","rel":"","context":"Similar post","block_context":{"text":"Similar post","link":""},"img":{"alt_text":"","src":"","width":0,"height":0},"classes":[]},{"id":26134,"url":"https:\/\/sakaba.mghosteur.com\/en\/product\/sunny-kle-extra-dark-hair-food-pomade\/","url_meta":{"origin":26143,"position":4},"title":"SUNNY ISLE EXTRA DARK HAIR FOOD POMADE","author":"admin","date":"November 24, 2022","format":false,"excerpt":"La pommade capillaire Sunny Isle Extra Dark Jamaican Black Castor Oil est une pommade 100 % naturelle qui peut hydrater le cuir chevelu sec, pr\u00e9venir la casse des cheveux et lutter contre les pellicules. Elle convient \u00e9galement aux cheveux naturels ou en transition et peut ajouter de la d\u00e9finition et\u2026","rel":"","context":"Similar post","block_context":{"text":"Similar post","link":""},"img":{"alt_text":"","src":"","width":0,"height":0},"classes":[]},{"id":33975,"url":"https:\/\/sakaba.mghosteur.com\/en\/product\/carol-s-daughter-7-oil-blend-hair-scalp-oil\/","url_meta":{"origin":26143,"position":5},"title":"CAROL\u2019S DAUGHTER 7 OIL BLEND HAIR &amp; SCALP OIL","author":"admin","date":"May 24, 2024","format":false,"excerpt":"Offrez \u00e0 vos cheveux secs et fragiles un traitement de d\u00e9esse avec l'huile pour cuir chevelu et cheveux Goddess Strength de Carol's Daughter. Compos\u00e9e d'un m\u00e9lange de 7 huiles, dont de l'huile de ricin et de l'huile de cumin noir, cette formule hydrate en douceur le cuir chevelu et les\u2026","rel":"","context":"Similar post","block_context":{"text":"Similar post","link":""},"img":{"alt_text":"","src":"","width":0,"height":0},"classes":[]}],"_links":{"self":[{"href":"https:\/\/sakaba.mghosteur.com\/en\/wp-json\/wp\/v2\/product\/26143","targetHints":{"allow":["GET"]}}],"collection":[{"href":"https:\/\/sakaba.mghosteur.com\/en\/wp-json\/wp\/v2\/product"}],"about":[{"href":"https:\/\/sakaba.mghosteur.com\/en\/wp-json\/wp\/v2\/types\/product"}],"replies":[{"embeddable":true,"href":"https:\/\/sakaba.mghosteur.com\/en\/wp-json\/wp\/v2\/comments?post=26143"}],"version-history":[{"count":0,"href":"https:\/\/sakaba.mghosteur.com\/en\/wp-json\/wp\/v2\/product\/26143\/revisions"}],"wp:attachment":[{"href":"https:\/\/sakaba.mghosteur.com\/en\/wp-json\/wp\/v2\/media?parent=26143"}],"wp:term":[{"taxonomy":"product_brand","embeddable":true,"href":"https:\/\/sakaba.mghosteur.com\/en\/wp-json\/wp\/v2\/product_brand?post=26143"},{"taxonomy":"product_cat","embeddable":true,"href":"https:\/\/sakaba.mghosteur.com\/en\/wp-json\/wp\/v2\/product_cat?post=26143"},{"taxonomy":"product_tag","embeddable":true,"href":"https:\/\/sakaba.mghosteur.com\/en\/wp-json\/wp\/v2\/product_tag?post=26143"}],"curies":[{"name":"wp","href":"https:\/\/api.w.org\/{rel}","templated":true}]}}