{"id":26145,"date":"2022-11-24T16:00:50","date_gmt":"2022-11-24T16:00:50","guid":{"rendered":"http:\/\/www.sakababeauty.com\/?post_type=product&#038;p=26145"},"modified":"2024-08-25T03:47:26","modified_gmt":"2024-08-25T03:47:26","slug":"sunny-kle-leave-in-knot-free-forever","status":"publish","type":"product","link":"https:\/\/sakaba.mghosteur.com\/en\/product\/sunny-kle-leave-in-knot-free-forever\/","title":{"rendered":"SUNNY ISLE LEAVE IN KNOT FREE FOREVER"},"content":{"rendered":"<p>Le spray revitalisant sans rin\u00e7age Knot Free Forever \u00e9limine la douleur et le temps n\u00e9cessaires au d\u00e9m\u00ealage des cheveux, permettant aux cheveux et au cuir chevelu de respirer et d&#8217;\u00eatre nettoy\u00e9s en profondeur. Il est infus\u00e9 d&#8217;huile de ricin noire jama\u00efcaine authentique et est formul\u00e9 sp\u00e9cialement pour les cheveux naturellement boucl\u00e9s. \u00c0 rincer ou \u00e0 laisser poser.<\/p>","protected":false},"excerpt":{"rendered":"<p>Le spray revitalisant sans rin\u00e7age Knot Free Forever \u00e9limine la douleur et le temps n\u00e9cessaires au d\u00e9m\u00ealage des cheveux, permettant aux cheveux et au cuir chevelu de respirer et d&#8217;\u00eatre nettoy\u00e9s en profondeur. Il est infus\u00e9 d&#8217;huile de ricin noire jama\u00efcaine authentique et est formul\u00e9 sp\u00e9cialement pour les cheveux naturellement boucl\u00e9s. \u00c0 rincer ou \u00e0<span class=\"read-more-faq\"><a href=\"https:\/\/sakaba.mghosteur.com\/en\/product\/sunny-kle-leave-in-knot-free-forever\/\">Read More<\/a><\/span><\/p>","protected":false},"featured_media":0,"comment_status":"closed","ping_status":"closed","template":"","meta":[],"product_brand":[],"product_cat":[284,368],"product_tag":[],"class_list":{"0":"post-26145","1":"product","2":"type-product","3":"status-publish","5":"product_cat-aad-cheveux","6":"product_cat-shampoing-et-apres-shampoing","8":"first","9":"instock","10":"shipping-taxable","11":"product-type-simple"},"jetpack-related-posts":[{"id":25694,"url":"https:\/\/sakaba.mghosteur.com\/en\/product\/aunt-jackies-knot-on-my-watch-instant-leave-in-detangling-therapy\/","url_meta":{"origin":26145,"position":0},"title":"Aunt Jackie&#8217;s Knot On My Watch, Instant Leave-in Detangling Therapy","author":"admin","date":"November 22, 2022","format":false,"excerpt":"","rel":"","context":"Similar post","block_context":{"text":"Similar post","link":""},"img":{"alt_text":"","src":"","width":0,"height":0},"classes":[]},{"id":29704,"url":"https:\/\/sakaba.mghosteur.com\/en\/product\/palmers-length-retention-hair-scalp-oil\/","url_meta":{"origin":26145,"position":1},"title":"PALMERS LENGTH RETENTION HAIR + SCALP OIL","author":"admin","date":"April 14, 2023","format":false,"excerpt":"D\u00e9couvrez l'huile de r\u00e9tention des cheveux et du cuir chevelu Palmer's, une solution nourrissante pour vos cheveux. Cette huile est con\u00e7ue pour tous les types de boucles et textures de cheveux, et est assez douce pour un usage quotidien. Enrichie d'ingr\u00e9dients naturels, cette huile hydrate et ajoute une brillance durable\u2026","rel":"","context":"Similar post","block_context":{"text":"Similar post","link":""},"img":{"alt_text":"","src":"","width":0,"height":0},"classes":[]},{"id":27239,"url":"https:\/\/sakaba.mghosteur.com\/en\/product\/the-inkey-list-hyaluronic-acid-hydrating-hair\/","url_meta":{"origin":26145,"position":2},"title":"THE INKEY LIST HYALURONIC ACID HYDRATING HAIR","author":"admin","date":"November 29, 2022","format":false,"excerpt":"Le traitement capillaire hydratant \u00e0 l'acide hyaluronique de la marque The Inkey List est un s\u00e9rum l\u00e9ger qui aide \u00e0 hydrater et \u00e0 am\u00e9liorer la sant\u00e9 de vos cheveux. Formul\u00e9 avec des acides hyaluroniques optimis\u00e9s de poids mol\u00e9culaire \u00e9lev\u00e9 et bas, ce traitement capillaire p\u00e9n\u00e8tre profond\u00e9ment dans vos cheveux pour\u2026","rel":"","context":"Similar post","block_context":{"text":"Similar post","link":""},"img":{"alt_text":"","src":"","width":0,"height":0},"classes":[]},{"id":27233,"url":"https:\/\/sakaba.mghosteur.com\/en\/product\/the-inkey-list-peptide-volumizing-hair-treatment\/","url_meta":{"origin":26145,"position":3},"title":"THE INKEY LIST PEPTIDE VOLUMIZING HAIR TREATMENT","author":"admin","date":"November 29, 2022","format":false,"excerpt":"Le traitement capillaire volumateur aux peptides de la marque The Inkey List est la solution id\u00e9ale pour les personnes ayant des cheveux mous et fins qui cherchent \u00e0 leur donner une apparence plus volumineuse. Ce s\u00e9rum l\u00e9ger contient des peptides, qui sont des cha\u00eenes d'acides amin\u00e9s naturellement pr\u00e9sents dans les\u2026","rel":"","context":"Similar post","block_context":{"text":"Similar post","link":""},"img":{"alt_text":"","src":"","width":0,"height":0},"classes":[]},{"id":33469,"url":"https:\/\/sakaba.mghosteur.com\/en\/product\/clairol-professional-moisturising-color-b09w\/","url_meta":{"origin":26145,"position":4},"title":"Clairol Professional Moisturising Color B09W","author":"admin","date":"May 21, 2024","format":false,"excerpt":"Clairol Professional Moisturizing Color B09W est une coloration semi-permanente brun rouge\u00e2tre clair enrichie en aloe vera, jojoba et vitamine E pour des r\u00e9sultats revitalisants en profondeur et durables et une r\u00e9sistance \u00e0 la d\u00e9coloration. Elle convient \u00e0 toutes les textures de cheveux et est id\u00e9ale pour les cheveux boucl\u00e9s et\u2026","rel":"","context":"Similar post","block_context":{"text":"Similar post","link":""},"img":{"alt_text":"","src":"","width":0,"height":0},"classes":[]},{"id":31958,"url":"https:\/\/sakaba.mghosteur.com\/en\/product\/camille-rose-black-castor-oil-chebe-cleanse\/","url_meta":{"origin":26145,"position":5},"title":"CAMILLE ROSE BLACK CASTOR OIL + CHEBE CLEANSE","author":"admin","date":"May 13, 2024","format":false,"excerpt":"Un nettoyant capillaire infus\u00e9 d'huile con\u00e7u pour renforcer les m\u00e8ches, restaurer la brillance et am\u00e9liorer la maniabilit\u00e9. Mode d'emploi : Trempez les cheveux sous la douche et appliquez le shampooing nettoyant sur toute la longueur des cheveux. Pour des textures plus \u00e9paisses, s\u00e9parez d'abord les m\u00e8ches avant d'appliquer pour vous\u2026","rel":"","context":"Similar post","block_context":{"text":"Similar post","link":""},"img":{"alt_text":"","src":"","width":0,"height":0},"classes":[]}],"_links":{"self":[{"href":"https:\/\/sakaba.mghosteur.com\/en\/wp-json\/wp\/v2\/product\/26145","targetHints":{"allow":["GET"]}}],"collection":[{"href":"https:\/\/sakaba.mghosteur.com\/en\/wp-json\/wp\/v2\/product"}],"about":[{"href":"https:\/\/sakaba.mghosteur.com\/en\/wp-json\/wp\/v2\/types\/product"}],"replies":[{"embeddable":true,"href":"https:\/\/sakaba.mghosteur.com\/en\/wp-json\/wp\/v2\/comments?post=26145"}],"version-history":[{"count":0,"href":"https:\/\/sakaba.mghosteur.com\/en\/wp-json\/wp\/v2\/product\/26145\/revisions"}],"wp:attachment":[{"href":"https:\/\/sakaba.mghosteur.com\/en\/wp-json\/wp\/v2\/media?parent=26145"}],"wp:term":[{"taxonomy":"product_brand","embeddable":true,"href":"https:\/\/sakaba.mghosteur.com\/en\/wp-json\/wp\/v2\/product_brand?post=26145"},{"taxonomy":"product_cat","embeddable":true,"href":"https:\/\/sakaba.mghosteur.com\/en\/wp-json\/wp\/v2\/product_cat?post=26145"},{"taxonomy":"product_tag","embeddable":true,"href":"https:\/\/sakaba.mghosteur.com\/en\/wp-json\/wp\/v2\/product_tag?post=26145"}],"curies":[{"name":"wp","href":"https:\/\/api.w.org\/{rel}","templated":true}]}}