{"id":26163,"date":"2022-11-24T16:02:09","date_gmt":"2022-11-24T16:02:09","guid":{"rendered":"http:\/\/www.sakababeauty.com\/?post_type=product&#038;p=26163"},"modified":"2024-08-25T03:43:30","modified_gmt":"2024-08-25T03:43:30","slug":"sunny-kle-castor-oil-root-repair-growth-oil","status":"publish","type":"product","link":"https:\/\/sakaba.mghosteur.com\/en\/product\/sunny-kle-castor-oil-root-repair-growth-oil\/","title":{"rendered":"SUNNY ISLE CASTOR OIL ROOT REPAIR GROWTH OIL"},"content":{"rendered":"<p>Cette huile de ricin noire 100% naturelle de Jama\u00efque est formul\u00e9e pour fournir force de croissance et nutrition aux cheveux ab\u00eem\u00e9s. Taille de la cha\u00eene alphanum\u00e9rique 20 caract\u00e8res max. Couleur Noir Naturel<\/p>","protected":false},"excerpt":{"rendered":"<p>Cette huile de ricin noire 100% naturelle de Jama\u00efque est formul\u00e9e pour fournir force de croissance et nutrition aux cheveux ab\u00eem\u00e9s. Taille de la cha\u00eene alphanum\u00e9rique 20 caract\u00e8res max. Couleur Noir Naturel<\/p>","protected":false},"featured_media":0,"comment_status":"closed","ping_status":"closed","template":"","meta":[],"product_brand":[],"product_cat":[284,1063],"product_tag":[],"class_list":{"0":"post-26163","1":"product","2":"type-product","3":"status-publish","5":"product_cat-aad-cheveux","6":"product_cat-traitement-capilaire","8":"first","9":"instock","10":"shipping-taxable","11":"product-type-simple"},"jetpack-related-posts":[{"id":26143,"url":"https:\/\/sakaba.mghosteur.com\/en\/product\/sunny-kle-jamaicain-black-castor-oil\/","url_meta":{"origin":26163,"position":0},"title":"SUNNY ISLE JAMAICAIN BLACK CASTOR OIL","author":"admin","date":"November 24, 2022","format":false,"excerpt":"L'huile de ricin noire jama\u00efcaine Sunny Isle est une huile de ricin noire 100 % naturelle de Jama\u00efque formul\u00e9e pour donner force et nutrition aux cheveux ab\u00eem\u00e9s. Elle est fabriqu\u00e9e \u00e0 partir de graines de ricin biologiques qui sont torr\u00e9fi\u00e9es et moulues par un broyeur manuel, puis bouillies pour en\u2026","rel":"","context":"Similar post","block_context":{"text":"Similar post","link":""},"img":{"alt_text":"","src":"","width":0,"height":0},"classes":[]},{"id":26136,"url":"https:\/\/sakaba.mghosteur.com\/en\/product\/sunny-kle-black-castor-oil-intensive-repair-masque\/","url_meta":{"origin":26163,"position":1},"title":"SUNNY ISLE BLACK CASTOR OIL INTENSIVE REPAIR MASQUE","author":"admin","date":"November 24, 2022","format":false,"excerpt":"Ce traitement p\u00e9n\u00e9trant en profondeur est un puissant m\u00e9lange d'ingr\u00e9dients naturels, infus\u00e9 d'huile de ricin noire jama\u00efcaine pour hydrater et nourrir votre cuir chevelu ; laissant vos cheveux plus doux, plus sains et plus forts.","rel":"","context":"Similar post","block_context":{"text":"Similar post","link":""},"img":{"alt_text":"","src":"","width":0,"height":0},"classes":[]},{"id":24284,"url":"https:\/\/sakaba.mghosteur.com\/en\/product\/neutrogena-oil-free-acne-wash\/","url_meta":{"origin":26163,"position":2},"title":"NEUTROGENA OIL FREE ACNE WASH","author":"admin","date":"November 9, 2022","format":false,"excerpt":"D\u00e9couvrez le nettoyant anti-acn\u00e9 sans huile de la marque Neutrogena, sp\u00e9cialement con\u00e7u pour \u00e9liminer les impuret\u00e9s de votre peau en seulement une semaine. Ce nettoyant pour le visage au pamplemousse rose contient de l'extrait de pamplemousse d'origine naturelle et de la vitamine C, pour une action douce mais efficace. Gr\u00e2ce\u2026","rel":"","context":"Similar post","block_context":{"text":"Similar post","link":""},"img":{"alt_text":"","src":"","width":0,"height":0},"classes":[]},{"id":30347,"url":"https:\/\/sakaba.mghosteur.com\/en\/product\/neutrogena-oil-free-acne-wash-scrub\/","url_meta":{"origin":26163,"position":3},"title":"NEUTROGENA OIL FREE ACNE WASH SCRUB","author":"admin","date":"May 8, 2023","format":false,"excerpt":"Le Nettoyant Moussant pour le Visage Anti-acn\u00e9 Neutrogena au Pamplemousse Rose est un gommage facial moussant con\u00e7u pour aider \u00e0 traiter les \u00e9ruptions cutan\u00e9es tout en exfoliant en douceur votre peau. Il est formul\u00e9 avec une technologie MicroClear et un m\u00e9dicament contre l'acn\u00e9 \u00e0 l'acide salicylique de force maximale pour\u2026","rel":"","context":"Similar post","block_context":{"text":"Similar post","link":""},"img":{"alt_text":"","src":"","width":0,"height":0},"classes":[]},{"id":33975,"url":"https:\/\/sakaba.mghosteur.com\/en\/product\/carol-s-daughter-7-oil-blend-hair-scalp-oil\/","url_meta":{"origin":26163,"position":4},"title":"CAROL\u2019S DAUGHTER 7 OIL BLEND HAIR &amp; SCALP OIL","author":"admin","date":"May 24, 2024","format":false,"excerpt":"Offrez \u00e0 vos cheveux secs et fragiles un traitement de d\u00e9esse avec l'huile pour cuir chevelu et cheveux Goddess Strength de Carol's Daughter. Compos\u00e9e d'un m\u00e9lange de 7 huiles, dont de l'huile de ricin et de l'huile de cumin noir, cette formule hydrate en douceur le cuir chevelu et les\u2026","rel":"","context":"Similar post","block_context":{"text":"Similar post","link":""},"img":{"alt_text":"","src":"","width":0,"height":0},"classes":[]},{"id":31933,"url":"https:\/\/sakaba.mghosteur.com\/en\/product\/camille-rose-chebe-repair-pure-strengthening-oil\/","url_meta":{"origin":26163,"position":5},"title":"CAMILLE ROSE +CHEBE REPAIR PURE STRENGTHENING OIL","author":"admin","date":"May 13, 2024","format":false,"excerpt":"Huile de ricin noire pure infus\u00e9e de Chebe con\u00e7ue pour favoriser la croissance, am\u00e9liorer consid\u00e9rablement la brillance et renforcer les m\u00e8ches de l'int\u00e9rieur. Comment utiliser? Appliquer sur cheveux secs ou mouill\u00e9s. Utiliser 2 \u00e0 3 gouttes et masser doucement le cuir chevelu et les bords. Appliquer deux fois (2X) par\u2026","rel":"","context":"Similar post","block_context":{"text":"Similar post","link":""},"img":{"alt_text":"","src":"","width":0,"height":0},"classes":[]}],"_links":{"self":[{"href":"https:\/\/sakaba.mghosteur.com\/en\/wp-json\/wp\/v2\/product\/26163","targetHints":{"allow":["GET"]}}],"collection":[{"href":"https:\/\/sakaba.mghosteur.com\/en\/wp-json\/wp\/v2\/product"}],"about":[{"href":"https:\/\/sakaba.mghosteur.com\/en\/wp-json\/wp\/v2\/types\/product"}],"replies":[{"embeddable":true,"href":"https:\/\/sakaba.mghosteur.com\/en\/wp-json\/wp\/v2\/comments?post=26163"}],"version-history":[{"count":0,"href":"https:\/\/sakaba.mghosteur.com\/en\/wp-json\/wp\/v2\/product\/26163\/revisions"}],"wp:attachment":[{"href":"https:\/\/sakaba.mghosteur.com\/en\/wp-json\/wp\/v2\/media?parent=26163"}],"wp:term":[{"taxonomy":"product_brand","embeddable":true,"href":"https:\/\/sakaba.mghosteur.com\/en\/wp-json\/wp\/v2\/product_brand?post=26163"},{"taxonomy":"product_cat","embeddable":true,"href":"https:\/\/sakaba.mghosteur.com\/en\/wp-json\/wp\/v2\/product_cat?post=26163"},{"taxonomy":"product_tag","embeddable":true,"href":"https:\/\/sakaba.mghosteur.com\/en\/wp-json\/wp\/v2\/product_tag?post=26163"}],"curies":[{"name":"wp","href":"https:\/\/api.w.org\/{rel}","templated":true}]}}