{"id":26178,"date":"2022-11-24T16:08:14","date_gmt":"2022-11-24T16:08:14","guid":{"rendered":"http:\/\/www.sakababeauty.com\/?post_type=product&#038;p=26178"},"modified":"2022-11-24T16:08:14","modified_gmt":"2022-11-24T16:08:14","slug":"niacinamide-cleansing-gelee-3","status":"publish","type":"product","link":"https:\/\/sakaba.mghosteur.com\/en\/product\/niacinamide-cleansing-gelee-3\/","title":{"rendered":"NIACINAMIDE CLEANSING GEL\u00c9E 3%"},"content":{"rendered":"","protected":false},"excerpt":{"rendered":"","protected":false},"featured_media":0,"comment_status":"closed","ping_status":"closed","template":"","meta":[],"product_brand":[],"product_cat":[377],"product_tag":[],"class_list":{"0":"post-26178","1":"product","2":"type-product","3":"status-publish","5":"product_cat-bath-body-works","7":"first","8":"instock","9":"shipping-taxable","10":"product-type-simple"},"jetpack-related-posts":[{"id":31451,"url":"https:\/\/sakaba.mghosteur.com\/en\/product\/numbuzin-vitamine-niacinamidee-concentrade-pad-5-180ml\/","url_meta":{"origin":26178,"position":0},"title":"NUMBUZIN VITAMINE NIACINAMIDEE CONCENTRADE PAD 5+ 180ml","author":"admin","date":"May 10, 2024","format":false,"excerpt":"D\u00e9couvrez le Numbuzin n\u00b05, un tampon concentr\u00e9 en vitamine niacinamide con\u00e7u pour laisser votre peau claire et revitalis\u00e9e. Sa formule \u00e9clairante associe habilement le glutathion, la niacinamide et la vitamine pour un effet optimal. Les tampons \u00e0 double face offrent un double effet : d'un c\u00f4t\u00e9, le glutathion lisse la\u2026","rel":"","context":"Similar post","block_context":{"text":"Similar post","link":""},"img":{"alt_text":"","src":"","width":0,"height":0},"classes":[]},{"id":30525,"url":"https:\/\/sakaba.mghosteur.com\/en\/product\/even-tone-cleansing-bar-3-in-1-treatment\/","url_meta":{"origin":26178,"position":1},"title":"EVEN TONE CLEANSING BAR 3 IN 1 TREATMENT","author":"admin","date":"May 13, 2023","format":false,"excerpt":"D\u00e9couvrez la barre nettoyante Even Tone de la marque Urban Skin pour am\u00e9liorer l'apparence de votre teint irr\u00e9gulier. Cette barre nettoyante est un nettoyant, un masque et un exfoliant tout-en-un pour cibler les taches brunes tenaces et r\u00e9v\u00e9ler un teint plus lumineux et plus uniforme. La formule prim\u00e9e est renforc\u00e9e\u2026","rel":"","context":"Similar post","block_context":{"text":"Similar post","link":""},"img":{"alt_text":"","src":"","width":0,"height":0},"classes":[]},{"id":31687,"url":"https:\/\/sakaba.mghosteur.com\/en\/product\/aplb-glutathione-niacinamide-5-3-body-wash\/","url_meta":{"origin":26178,"position":2},"title":"APLB GLUTATHIONE NIACINAMIDE 5.3% BODY WASH","author":"admin","date":"May 10, 2024","format":false,"excerpt":"D\u00e9couvrez ce produit exceptionnel pour votre routine de soin corporel : le Gel Douche Glutathion Niacinamide \/ LIPO GLUTA NIAC CEN 5.3%. Il associe le Glutathion \u00e0 1 000 ppm, la Niacinamide \u00e0 1 000 ppm et un extrait de Centella Asiatica \u00e0 5,1%, enrichi avec le Complexe Centella 3x.\u2026","rel":"","context":"Similar post","block_context":{"text":"Similar post","link":""},"img":{"alt_text":"","src":"","width":0,"height":0},"classes":[]},{"id":25746,"url":"https:\/\/sakaba.mghosteur.com\/en\/product\/aunt-jackies-curl-boss-coconut-curling-gelee\/","url_meta":{"origin":26178,"position":3},"title":"Aunt Jackie&#8217;s Curl Boss Coconut Curling Gelee","author":"admin","date":"November 22, 2022","format":false,"excerpt":"","rel":"","context":"Similar post","block_context":{"text":"Similar post","link":""},"img":{"alt_text":"","src":"","width":0,"height":0},"classes":[]},{"id":26669,"url":"https:\/\/sakaba.mghosteur.com\/en\/product\/clinique-dramatically-different-hydrating-jelly-anti-pollution-gelee\/","url_meta":{"origin":26178,"position":4},"title":"Clinique Dramatically different hydrating jelly anti-pollution Gelee","author":"admin","date":"November 28, 2022","format":false,"excerpt":"","rel":"","context":"Similar post","block_context":{"text":"Similar post","link":""},"img":{"alt_text":"","src":"","width":0,"height":0},"classes":[]},{"id":31544,"url":"https:\/\/sakaba.mghosteur.com\/en\/product\/vaseline-gluta-hya-dewy-radiance-serum-in-lotion\/","url_meta":{"origin":26178,"position":5},"title":"VASELINE GLUTA HYA DEWY RADIANCE SERUM IN LOTION","author":"admin","date":"May 10, 2024","format":false,"excerpt":"D\u00e9couvrez le Vaseline\u00ae Gluta-Hya Serum Burst Lotion Dewy Radiance, un \u00e9lixir de beaut\u00e9 r\u00e9volutionnaire enrichi par la technologie GlutaGlow, offrant une puissance dix fois sup\u00e9rieure \u00e0 celle de la vitamine C+. Cette lotion est con\u00e7ue pour sublimer votre peau avec \u00e9clat. Les b\u00e9n\u00e9fices de cette lotion sont multiples. Gr\u00e2ce \u00e0\u2026","rel":"","context":"Similar post","block_context":{"text":"Similar post","link":""},"img":{"alt_text":"","src":"","width":0,"height":0},"classes":[]}],"_links":{"self":[{"href":"https:\/\/sakaba.mghosteur.com\/en\/wp-json\/wp\/v2\/product\/26178","targetHints":{"allow":["GET"]}}],"collection":[{"href":"https:\/\/sakaba.mghosteur.com\/en\/wp-json\/wp\/v2\/product"}],"about":[{"href":"https:\/\/sakaba.mghosteur.com\/en\/wp-json\/wp\/v2\/types\/product"}],"replies":[{"embeddable":true,"href":"https:\/\/sakaba.mghosteur.com\/en\/wp-json\/wp\/v2\/comments?post=26178"}],"version-history":[{"count":0,"href":"https:\/\/sakaba.mghosteur.com\/en\/wp-json\/wp\/v2\/product\/26178\/revisions"}],"wp:attachment":[{"href":"https:\/\/sakaba.mghosteur.com\/en\/wp-json\/wp\/v2\/media?parent=26178"}],"wp:term":[{"taxonomy":"product_brand","embeddable":true,"href":"https:\/\/sakaba.mghosteur.com\/en\/wp-json\/wp\/v2\/product_brand?post=26178"},{"taxonomy":"product_cat","embeddable":true,"href":"https:\/\/sakaba.mghosteur.com\/en\/wp-json\/wp\/v2\/product_cat?post=26178"},{"taxonomy":"product_tag","embeddable":true,"href":"https:\/\/sakaba.mghosteur.com\/en\/wp-json\/wp\/v2\/product_tag?post=26178"}],"curies":[{"name":"wp","href":"https:\/\/api.w.org\/{rel}","templated":true}]}}