{"id":26182,"date":"2022-11-24T16:11:36","date_gmt":"2022-11-24T16:11:36","guid":{"rendered":"http:\/\/www.sakababeauty.com\/?post_type=product&#038;p=26182"},"modified":"2022-11-24T16:11:36","modified_gmt":"2022-11-24T16:11:36","slug":"gluta-c-glutathione-and-vitamin-c-with-kojic-plus","status":"publish","type":"product","link":"https:\/\/sakaba.mghosteur.com\/en\/product\/gluta-c-glutathione-and-vitamin-c-with-kojic-plus\/","title":{"rendered":"GLUTA-C GLUTATHIONE AND VITAMIN C WITH KOJIC PLUS+"},"content":{"rendered":"","protected":false},"excerpt":{"rendered":"","protected":false},"featured_media":0,"comment_status":"closed","ping_status":"closed","template":"","meta":[],"product_brand":[],"product_cat":[446],"product_tag":[],"class_list":{"0":"post-26182","1":"product","2":"type-product","3":"status-publish","5":"product_cat-nettoyant","7":"first","8":"instock","9":"shipping-taxable","10":"product-type-simple"},"jetpack-related-posts":[{"id":26537,"url":"https:\/\/sakaba.mghosteur.com\/en\/product\/gluta-c-glutathione-and-vitamin-c-with-kojic-plus-3\/","url_meta":{"origin":26182,"position":0},"title":"GLUTA-C GLUTATHIONE AND VITAMIN C WITH KOJIC PLUS+","author":"admin","date":"November 25, 2022","format":false,"excerpt":"Gluta-C Kojic Plus+ est un syst\u00e8me de blanchiment qui offre une action blanchissante 4X plus intense gr\u00e2ce au glutathion, \u00e0 la vitamine C, \u00e0 l'acide kojique et au diglycinate d'az\u00e9loayle. Il contient \u00e9galement 3X plus d'antioxydants pour une peau plus saine, plus lisse et plus douce. Gluta-C Kojic Plus+ peut\u2026","rel":"","context":"Similar post","block_context":{"text":"Similar post","link":""},"img":{"alt_text":"","src":"","width":0,"height":0},"classes":[]},{"id":26487,"url":"https:\/\/sakaba.mghosteur.com\/en\/product\/gluta-c-glutathione-and-vitamin-c-with-kojic-plus-2\/","url_meta":{"origin":26182,"position":1},"title":"ACNE CONTROL FACIAL WASH 4SKIN WHITENING","author":"admin","date":"November 25, 2022","format":false,"excerpt":"","rel":"","context":"Similar post","block_context":{"text":"Similar post","link":""},"img":{"alt_text":"","src":"","width":0,"height":0},"classes":[]},{"id":26322,"url":"https:\/\/sakaba.mghosteur.com\/en\/product\/triple-white-soap-with-kojic-placenta-glutathione\/","url_meta":{"origin":26182,"position":2},"title":"TRIPLE WHITE SOAP WITH KOJIC PLACENTA GLUTATHIONE","author":"admin","date":"November 24, 2022","format":false,"excerpt":"Ce savon triplement \u00e9claircissant convient aux peaux moins sensibles. Il est plus fort que le savon au glutathion ordinaire mais donne un r\u00e9sultat similaire. Si vous constatez une desquamation, celle-ci ne devrait pas durer plus d'une semaine. Ce savon est cr\u00e9\u00e9 par une m\u00e9thode de traitement \u00e0 froid pour garantir\u2026","rel":"","context":"Similar post","block_context":{"text":"Similar post","link":""},"img":{"alt_text":"","src":"","width":0,"height":0},"classes":[]},{"id":26328,"url":"https:\/\/sakaba.mghosteur.com\/en\/product\/gluta-blend-whith-rosehip-and-kojic-acid\/","url_meta":{"origin":26182,"position":3},"title":"GLUTA BLEND WHITH ROSEHIP AND KOJIC ACID","author":"admin","date":"November 24, 2022","format":false,"excerpt":"","rel":"","context":"Similar post","block_context":{"text":"Similar post","link":""},"img":{"alt_text":"","src":"","width":0,"height":0},"classes":[]},{"id":31687,"url":"https:\/\/sakaba.mghosteur.com\/en\/product\/aplb-glutathione-niacinamide-5-3-body-wash\/","url_meta":{"origin":26182,"position":4},"title":"APLB GLUTATHIONE NIACINAMIDE 5.3% BODY WASH","author":"admin","date":"May 10, 2024","format":false,"excerpt":"D\u00e9couvrez ce produit exceptionnel pour votre routine de soin corporel : le Gel Douche Glutathion Niacinamide \/ LIPO GLUTA NIAC CEN 5.3%. Il associe le Glutathion \u00e0 1 000 ppm, la Niacinamide \u00e0 1 000 ppm et un extrait de Centella Asiatica \u00e0 5,1%, enrichi avec le Complexe Centella 3x.\u2026","rel":"","context":"Similar post","block_context":{"text":"Similar post","link":""},"img":{"alt_text":"","src":"","width":0,"height":0},"classes":[]},{"id":26293,"url":"https:\/\/sakaba.mghosteur.com\/en\/product\/extra-strength-glutathione-with-rosehip-kojic-acid\/","url_meta":{"origin":26182,"position":5},"title":"EXTRA STRENGTH GLUTATHIONE WITH ROSEHIP KOJIC ACID","author":"admin","date":"November 24, 2022","format":false,"excerpt":"","rel":"","context":"Similar post","block_context":{"text":"Similar post","link":""},"img":{"alt_text":"","src":"","width":0,"height":0},"classes":[]}],"_links":{"self":[{"href":"https:\/\/sakaba.mghosteur.com\/en\/wp-json\/wp\/v2\/product\/26182","targetHints":{"allow":["GET"]}}],"collection":[{"href":"https:\/\/sakaba.mghosteur.com\/en\/wp-json\/wp\/v2\/product"}],"about":[{"href":"https:\/\/sakaba.mghosteur.com\/en\/wp-json\/wp\/v2\/types\/product"}],"replies":[{"embeddable":true,"href":"https:\/\/sakaba.mghosteur.com\/en\/wp-json\/wp\/v2\/comments?post=26182"}],"version-history":[{"count":0,"href":"https:\/\/sakaba.mghosteur.com\/en\/wp-json\/wp\/v2\/product\/26182\/revisions"}],"wp:attachment":[{"href":"https:\/\/sakaba.mghosteur.com\/en\/wp-json\/wp\/v2\/media?parent=26182"}],"wp:term":[{"taxonomy":"product_brand","embeddable":true,"href":"https:\/\/sakaba.mghosteur.com\/en\/wp-json\/wp\/v2\/product_brand?post=26182"},{"taxonomy":"product_cat","embeddable":true,"href":"https:\/\/sakaba.mghosteur.com\/en\/wp-json\/wp\/v2\/product_cat?post=26182"},{"taxonomy":"product_tag","embeddable":true,"href":"https:\/\/sakaba.mghosteur.com\/en\/wp-json\/wp\/v2\/product_tag?post=26182"}],"curies":[{"name":"wp","href":"https:\/\/api.w.org\/{rel}","templated":true}]}}