{"id":26186,"date":"2022-11-24T16:17:22","date_gmt":"2022-11-24T16:17:22","guid":{"rendered":"http:\/\/www.sakababeauty.com\/?post_type=product&#038;p=26186"},"modified":"2022-11-24T16:17:22","modified_gmt":"2022-11-24T16:17:22","slug":"fw-fair-and-white-serum-extra-anti-taches","status":"publish","type":"product","link":"https:\/\/sakaba.mghosteur.com\/en\/product\/fw-fair-and-white-serum-extra-anti-taches\/","title":{"rendered":"F&#038;W FAIR AND WHITE SERUM EXTRA ANTI TACHES"},"content":{"rendered":"","protected":false},"excerpt":{"rendered":"","protected":false},"featured_media":0,"comment_status":"closed","ping_status":"closed","template":"","meta":[],"product_brand":[],"product_cat":[450],"product_tag":[],"class_list":{"0":"post-26186","1":"product","2":"type-product","3":"status-publish","5":"product_cat-soin-de-la-peau","7":"first","8":"instock","9":"shipping-taxable","10":"product-type-simple"},"jetpack-related-posts":[{"id":34444,"url":"https:\/\/sakaba.mghosteur.com\/en\/product\/tretinoin-gel-usp-0-1-w-w\/","url_meta":{"origin":26186,"position":0},"title":"TRETINOIN GEL USP 0.1% W\/W","author":"admin","date":"May 28, 2024","format":false,"excerpt":"Traitement de l'acn\u00e9 Le gel A-Ret 0,1 % est une forme de vitamine A. Il aide \u00e0 traiter l'acn\u00e9 en nettoyant les pores de la peau et en emp\u00eachant l'apparition de taches ou de boutons. Il faut g\u00e9n\u00e9ralement plusieurs semaines pour obtenir un effet notable, alors continuez \u00e0 l'utiliser m\u00eame\u2026","rel":"","context":"Similar post","block_context":{"text":"Similar post","link":""},"img":{"alt_text":"","src":"","width":0,"height":0},"classes":[]},{"id":31625,"url":"https:\/\/sakaba.mghosteur.com\/en\/product\/the-ordinary-ascorbyl-tetraisopalmitata-solution-20-in-vitamin-f\/","url_meta":{"origin":26186,"position":1},"title":"The Ordinary ASCORBYL TETRAISOPALMITATA SOLUTION 20% IN VITAMIN F","author":"admin","date":"May 10, 2024","format":false,"excerpt":"D\u00e9couvrez cette incroyable huile de vitamine C, id\u00e9ale pour hydrater et illuminer votre peau. La solution de t\u00e9traisopalmitate d'ascorbyle \u00e0 20 % dans la vitamine F est une formule l\u00e9g\u00e8re qui combat les signes du vieillissement tout en \u00e9quilibrant le teint. Contrairement aux autres formes de vitamine C, cette huile\u2026","rel":"","context":"Similar post","block_context":{"text":"Similar post","link":""},"img":{"alt_text":"","src":"","width":0,"height":0},"classes":[]},{"id":28864,"url":"https:\/\/sakaba.mghosteur.com\/en\/product\/hyper-even-for-brightening-dark-spot-and-discolora\/","url_meta":{"origin":26186,"position":2},"title":"HYPER EVEN FOR BRIGHTENING DARK SPOT AND DISCOLORANTION","author":"admin","date":"March 6, 2023","format":false,"excerpt":"Dites adieu aux taches brunes tenaces et bonjour \u00e0 une peau uniforme et \u00e9clatante avec le s\u00e9rum Hyper Brightening \u00e0 la Vitamine C pour les Taches Sombres de HYPER EVEN. Cette formule intensive est con\u00e7ue pour combattre efficacement l'hyperpigmentation et les signes du vieillissement. Notre ingr\u00e9dient phare, la vitamine C\u2026","rel":"","context":"Similar post","block_context":{"text":"Similar post","link":""},"img":{"alt_text":"","src":"","width":0,"height":0},"classes":[]},{"id":27279,"url":"https:\/\/sakaba.mghosteur.com\/en\/product\/vinoperfect-serum-eclat-anti-taches\/","url_meta":{"origin":26186,"position":3},"title":"VINOPERFECT SERUM ECLAT ANTI TACHES","author":"admin","date":"November 29, 2022","format":false,"excerpt":"","rel":"","context":"Similar post","block_context":{"text":"Similar post","link":""},"img":{"alt_text":"","src":"","width":0,"height":0},"classes":[]},{"id":26190,"url":"https:\/\/sakaba.mghosteur.com\/en\/product\/fw-gel-de-douche-exfoliant-extra\/","url_meta":{"origin":26186,"position":4},"title":"F&#038;W GEL DE DOUCHE EXFOLIANT EXTRA","author":"admin","date":"November 24, 2022","format":false,"excerpt":"","rel":"","context":"Similar post","block_context":{"text":"Similar post","link":""},"img":{"alt_text":"","src":"","width":0,"height":0},"classes":[]},{"id":32977,"url":"https:\/\/sakaba.mghosteur.com\/en\/product\/bright-plus-serum-intensif-eclaircissant-anti-tach\/","url_meta":{"origin":26186,"position":5},"title":"BRIGHT PLUS SERUM INTENSIF ECLAIRCISSANT ANTI TACHE","author":"admin","date":"May 17, 2024","format":false,"excerpt":"S\u00e9rum puissant \u00e0 absorption rapide qui illumine visiblement, aide \u00e0 raviver la peau terne et cible les taches brunes caus\u00e9es par la pollution, les rayons UV nocifs et les imperfections. La formule avanc\u00e9e infus\u00e9e d'extraits de superfruits (nouveau myrte rose et graine de cerise ac\u00e9rola, mieux connue pour sa forte\u2026","rel":"","context":"Similar post","block_context":{"text":"Similar post","link":""},"img":{"alt_text":"","src":"","width":0,"height":0},"classes":[]}],"_links":{"self":[{"href":"https:\/\/sakaba.mghosteur.com\/en\/wp-json\/wp\/v2\/product\/26186","targetHints":{"allow":["GET"]}}],"collection":[{"href":"https:\/\/sakaba.mghosteur.com\/en\/wp-json\/wp\/v2\/product"}],"about":[{"href":"https:\/\/sakaba.mghosteur.com\/en\/wp-json\/wp\/v2\/types\/product"}],"replies":[{"embeddable":true,"href":"https:\/\/sakaba.mghosteur.com\/en\/wp-json\/wp\/v2\/comments?post=26186"}],"version-history":[{"count":0,"href":"https:\/\/sakaba.mghosteur.com\/en\/wp-json\/wp\/v2\/product\/26186\/revisions"}],"wp:attachment":[{"href":"https:\/\/sakaba.mghosteur.com\/en\/wp-json\/wp\/v2\/media?parent=26186"}],"wp:term":[{"taxonomy":"product_brand","embeddable":true,"href":"https:\/\/sakaba.mghosteur.com\/en\/wp-json\/wp\/v2\/product_brand?post=26186"},{"taxonomy":"product_cat","embeddable":true,"href":"https:\/\/sakaba.mghosteur.com\/en\/wp-json\/wp\/v2\/product_cat?post=26186"},{"taxonomy":"product_tag","embeddable":true,"href":"https:\/\/sakaba.mghosteur.com\/en\/wp-json\/wp\/v2\/product_tag?post=26186"}],"curies":[{"name":"wp","href":"https:\/\/api.w.org\/{rel}","templated":true}]}}