{"id":26188,"date":"2022-11-24T16:19:22","date_gmt":"2022-11-24T16:19:22","guid":{"rendered":"http:\/\/www.sakababeauty.com\/?post_type=product&#038;p=26188"},"modified":"2022-11-24T16:19:39","modified_gmt":"2022-11-24T16:19:39","slug":"lightening-cream-with-vitamin-chyaluronic-acid","status":"publish","type":"product","link":"https:\/\/sakaba.mghosteur.com\/en\/product\/lightening-cream-with-vitamin-chyaluronic-acid\/","title":{"rendered":"LIGHTENING CREAM WITH VITAMIN C+HYALURONIC ACID"},"content":{"rendered":"","protected":false},"excerpt":{"rendered":"","protected":false},"featured_media":0,"comment_status":"closed","ping_status":"closed","template":"","meta":[],"product_brand":[],"product_cat":[447,355],"product_tag":[],"class_list":{"0":"post-26188","1":"product","2":"type-product","3":"status-publish","5":"product_cat-aac-bain-et-corps","6":"product_cat-hydratant-corps","8":"first","9":"instock","10":"shipping-taxable","11":"product-type-simple"},"jetpack-related-posts":[{"id":26196,"url":"https:\/\/sakaba.mghosteur.com\/en\/product\/lightening-soap-with-vitamin-c-hyaluronic-acid\/","url_meta":{"origin":26188,"position":0},"title":"LIGHTENING SOAP WITH VITAMIN C +HYALURONIC ACID","author":"admin","date":"November 24, 2022","format":false,"excerpt":"","rel":"","context":"Similar post","block_context":{"text":"Similar post","link":""},"img":{"alt_text":"","src":"","width":0,"height":0},"classes":[]},{"id":26175,"url":"https:\/\/sakaba.mghosteur.com\/en\/product\/new-york-bright-lovely-lightening-lotion-with-vitaminchyaluronic-acid\/","url_meta":{"origin":26188,"position":1},"title":"NEW YORK BRIGHT &#038; LOVELY LIGHTENING LOTION WITH VITAMINC+HYALURONIC ACID","author":"admin","date":"November 24, 2022","format":false,"excerpt":"","rel":"","context":"Similar post","block_context":{"text":"Similar post","link":""},"img":{"alt_text":"","src":"","width":0,"height":0},"classes":[]},{"id":29984,"url":"https:\/\/sakaba.mghosteur.com\/en\/product\/neocell-hyaluronic-acid-with-vitamin-c-liquid-473m\/","url_meta":{"origin":26188,"position":2},"title":"NEOCELL HYALURONIC ACID WITH VITAMIN C LIQUID 473M","author":"admin","date":"May 1, 2023","format":false,"excerpt":"D\u00e9couvrez la poudre Super Collagen Plus NeoCell, un suppl\u00e9ment de collag\u00e8ne contenant 12 g de collag\u00e8ne par portion, avec des types de collag\u00e8ne 1 et 3. Ce produit comprend 15 portions par contenant et est certifi\u00e9 Keto + Sans Gluten pour s'adapter \u00e0 votre style de vie sain. La poudre\u2026","rel":"","context":"Similar post","block_context":{"text":"Similar post","link":""},"img":{"alt_text":"","src":"","width":0,"height":0},"classes":[]},{"id":29966,"url":"https:\/\/sakaba.mghosteur.com\/en\/product\/hada-labo-tokyo-skin-plumping-gel-cream-with-super-hyaluronic-acid-collagen\/","url_meta":{"origin":26188,"position":3},"title":"Hada Labo Tokyo Skin Plumping Gel Cream with Super Hyaluronic Acid &#038; Collagen","author":"admin","date":"April 29, 2023","format":false,"excerpt":"D\u00e9couvrez le traitement de nuit anti-\u00e2ge Hada Labo Tokyo pour une peau hydrat\u00e9e, r\u00e9par\u00e9e et raffermie pendant votre sommeil. Ce gel-cr\u00e8me repulpant pour la peau est formul\u00e9 avec des ingr\u00e9dients cl\u00e9s tels que l'acide super hyaluronique (TM), le complexe de peptides de soja, le collag\u00e8ne et le ch\u00e8vrefeuille japonais. Cette\u2026","rel":"","context":"Similar post","block_context":{"text":"Similar post","link":""},"img":{"alt_text":"","src":"","width":0,"height":0},"classes":[]},{"id":29459,"url":"https:\/\/sakaba.mghosteur.com\/en\/product\/cosrx-hyaluronic-acid-intensive-cream\/","url_meta":{"origin":26188,"position":4},"title":"COSRX HYALURONIC ACID INTENSIVE CREAM","author":"admin","date":"April 4, 2023","format":false,"excerpt":"D\u00e9couvrez la Cr\u00e8me Intensive Acide Hyaluronique de la marque COSRX, le secret pour une peau souple et hydrat\u00e9e toute la journ\u00e9e ! Cette cr\u00e8me hydratante est con\u00e7ue pour augmenter la teneur en humidit\u00e9 de votre peau et la prot\u00e9ger contre la perte d'hydratation. Sa texture l\u00e9g\u00e8re et non grasse laisse\u2026","rel":"","context":"Similar post","block_context":{"text":"Similar post","link":""},"img":{"alt_text":"","src":"","width":0,"height":0},"classes":[]},{"id":29878,"url":"https:\/\/sakaba.mghosteur.com\/en\/product\/kojie-san-face-lightening-cream\/","url_meta":{"origin":26188,"position":5},"title":"Kojie San Face Lightening Cream","author":"admin","date":"April 26, 2023","format":false,"excerpt":"D\u00e9couvrez la Cr\u00e8me Eclaircissante pour le Visage Kojie San, un produit de beaut\u00e9 l\u00e9ger de 30g formul\u00e9 avec des \u00e9glantiers et de la vitamine E pour une hydratation douce et non grasse. La cr\u00e8me est infus\u00e9e avec de l'acide kojique enti\u00e8rement naturel, qui \u00e9claircit d\u00e9licatement et en toute s\u00e9curit\u00e9 la\u2026","rel":"","context":"Similar post","block_context":{"text":"Similar post","link":""},"img":{"alt_text":"","src":"","width":0,"height":0},"classes":[]}],"_links":{"self":[{"href":"https:\/\/sakaba.mghosteur.com\/en\/wp-json\/wp\/v2\/product\/26188","targetHints":{"allow":["GET"]}}],"collection":[{"href":"https:\/\/sakaba.mghosteur.com\/en\/wp-json\/wp\/v2\/product"}],"about":[{"href":"https:\/\/sakaba.mghosteur.com\/en\/wp-json\/wp\/v2\/types\/product"}],"replies":[{"embeddable":true,"href":"https:\/\/sakaba.mghosteur.com\/en\/wp-json\/wp\/v2\/comments?post=26188"}],"version-history":[{"count":0,"href":"https:\/\/sakaba.mghosteur.com\/en\/wp-json\/wp\/v2\/product\/26188\/revisions"}],"wp:attachment":[{"href":"https:\/\/sakaba.mghosteur.com\/en\/wp-json\/wp\/v2\/media?parent=26188"}],"wp:term":[{"taxonomy":"product_brand","embeddable":true,"href":"https:\/\/sakaba.mghosteur.com\/en\/wp-json\/wp\/v2\/product_brand?post=26188"},{"taxonomy":"product_cat","embeddable":true,"href":"https:\/\/sakaba.mghosteur.com\/en\/wp-json\/wp\/v2\/product_cat?post=26188"},{"taxonomy":"product_tag","embeddable":true,"href":"https:\/\/sakaba.mghosteur.com\/en\/wp-json\/wp\/v2\/product_tag?post=26188"}],"curies":[{"name":"wp","href":"https:\/\/api.w.org\/{rel}","templated":true}]}}