{"id":26192,"date":"2022-11-24T16:23:36","date_gmt":"2022-11-24T16:23:36","guid":{"rendered":"http:\/\/www.sakababeauty.com\/?post_type=product&#038;p=26192"},"modified":"2022-11-24T16:23:37","modified_gmt":"2022-11-24T16:23:37","slug":"facial-day-cream-whitening-anti-aging","status":"publish","type":"product","link":"https:\/\/sakaba.mghosteur.com\/en\/product\/facial-day-cream-whitening-anti-aging\/","title":{"rendered":"FACIAL DAY CREAM WHITENING &#038;ANTI AGING"},"content":{"rendered":"","protected":false},"excerpt":{"rendered":"","protected":false},"featured_media":0,"comment_status":"closed","ping_status":"closed","template":"","meta":[],"product_brand":[],"product_cat":[377],"product_tag":[],"class_list":{"0":"post-26192","1":"product","2":"type-product","3":"status-publish","5":"product_cat-bath-body-works","7":"first","8":"instock","9":"shipping-taxable","10":"product-type-simple"},"jetpack-related-posts":[{"id":26194,"url":"https:\/\/sakaba.mghosteur.com\/en\/product\/gluta-c-whitening-toner-whitening-anti-aging\/","url_meta":{"origin":26192,"position":0},"title":"GLUTA-C WHITENING TONER WHITENING +ANTI AGING","author":"admin","date":"November 24, 2022","format":false,"excerpt":"","rel":"","context":"Similar post","block_context":{"text":"Similar post","link":""},"img":{"alt_text":"","src":"","width":0,"height":0},"classes":[]},{"id":27636,"url":"https:\/\/sakaba.mghosteur.com\/en\/product\/anti-aging-night-cream\/","url_meta":{"origin":26192,"position":1},"title":"ANTI AGING NIGHT CREAM","author":"admin","date":"November 29, 2022","format":false,"excerpt":"","rel":"","context":"Similar post","block_context":{"text":"Similar post","link":""},"img":{"alt_text":"","src":"","width":0,"height":0},"classes":[]},{"id":26820,"url":"https:\/\/sakaba.mghosteur.com\/en\/product\/kojic-san-anti-aging-cream-with-sunscreen\/","url_meta":{"origin":26192,"position":2},"title":"KOJIC SAN ANTI AGING CREAM WITH SUNSCREEN","author":"admin","date":"November 28, 2022","format":false,"excerpt":"D\u00e9couvrez la Cr\u00e8me Hydratante pour le Visage Kojie San Dream White de 30g, un produit de beaut\u00e9 de qualit\u00e9 qui contient des ingr\u00e9dients naturels pour r\u00e9duire l'apparence des signes de vieillissement tels que les rides et les ridules. Cette formulation riche offre des r\u00e9sultats optimaux et utilise une action de\u2026","rel":"","context":"Similar post","block_context":{"text":"Similar post","link":""},"img":{"alt_text":"","src":"","width":0,"height":0},"classes":[]},{"id":26535,"url":"https:\/\/sakaba.mghosteur.com\/en\/product\/facial-serum-night-repair-whitening-concentrate\/","url_meta":{"origin":26192,"position":3},"title":"FACIAL SERUM NIGHT REPAIR WHITENING CONCENTRATE","author":"admin","date":"November 25, 2022","format":false,"excerpt":"","rel":"","context":"Similar post","block_context":{"text":"Similar post","link":""},"img":{"alt_text":"","src":"","width":0,"height":0},"classes":[]},{"id":26279,"url":"https:\/\/sakaba.mghosteur.com\/en\/product\/belo-underarm-whitening-cream\/","url_meta":{"origin":26192,"position":4},"title":"BELO UNDERARM WHITENING CREAM","author":"admin","date":"November 24, 2022","format":false,"excerpt":"","rel":"","context":"Similar post","block_context":{"text":"Similar post","link":""},"img":{"alt_text":"","src":"","width":0,"height":0},"classes":[]},{"id":26553,"url":"https:\/\/sakaba.mghosteur.com\/en\/product\/gluta-c-whitening-system-face-neck-cream\/","url_meta":{"origin":26192,"position":5},"title":"GLUTA C WHITENING SYSTEM FACE &#038; NECK CREAM","author":"admin","date":"November 25, 2022","format":false,"excerpt":"","rel":"","context":"Similar post","block_context":{"text":"Similar post","link":""},"img":{"alt_text":"","src":"","width":0,"height":0},"classes":[]}],"_links":{"self":[{"href":"https:\/\/sakaba.mghosteur.com\/en\/wp-json\/wp\/v2\/product\/26192","targetHints":{"allow":["GET"]}}],"collection":[{"href":"https:\/\/sakaba.mghosteur.com\/en\/wp-json\/wp\/v2\/product"}],"about":[{"href":"https:\/\/sakaba.mghosteur.com\/en\/wp-json\/wp\/v2\/types\/product"}],"replies":[{"embeddable":true,"href":"https:\/\/sakaba.mghosteur.com\/en\/wp-json\/wp\/v2\/comments?post=26192"}],"version-history":[{"count":0,"href":"https:\/\/sakaba.mghosteur.com\/en\/wp-json\/wp\/v2\/product\/26192\/revisions"}],"wp:attachment":[{"href":"https:\/\/sakaba.mghosteur.com\/en\/wp-json\/wp\/v2\/media?parent=26192"}],"wp:term":[{"taxonomy":"product_brand","embeddable":true,"href":"https:\/\/sakaba.mghosteur.com\/en\/wp-json\/wp\/v2\/product_brand?post=26192"},{"taxonomy":"product_cat","embeddable":true,"href":"https:\/\/sakaba.mghosteur.com\/en\/wp-json\/wp\/v2\/product_cat?post=26192"},{"taxonomy":"product_tag","embeddable":true,"href":"https:\/\/sakaba.mghosteur.com\/en\/wp-json\/wp\/v2\/product_tag?post=26192"}],"curies":[{"name":"wp","href":"https:\/\/api.w.org\/{rel}","templated":true}]}}