{"id":26199,"date":"2022-11-24T16:28:19","date_gmt":"2022-11-24T16:28:19","guid":{"rendered":"http:\/\/www.sakababeauty.com\/?post_type=product&#038;p=26199"},"modified":"2022-11-24T16:28:19","modified_gmt":"2022-11-24T16:28:19","slug":"new-york-bright-lovely-lightening-serum-with-vitamin-c","status":"publish","type":"product","link":"https:\/\/sakaba.mghosteur.com\/en\/product\/new-york-bright-lovely-lightening-serum-with-vitamin-c\/","title":{"rendered":"NEW YORK BRIGHT &#038; LOVELY LIGHTENING SERUM WITH VITAMIN C"},"content":{"rendered":"","protected":false},"excerpt":{"rendered":"","protected":false},"featured_media":0,"comment_status":"closed","ping_status":"closed","template":"","meta":[],"product_brand":[],"product_cat":[377],"product_tag":[],"class_list":{"0":"post-26199","1":"product","2":"type-product","3":"status-publish","5":"product_cat-bath-body-works","7":"first","8":"instock","9":"shipping-taxable","10":"product-type-simple"},"jetpack-related-posts":[{"id":26175,"url":"https:\/\/sakaba.mghosteur.com\/en\/product\/new-york-bright-lovely-lightening-lotion-with-vitaminchyaluronic-acid\/","url_meta":{"origin":26199,"position":0},"title":"NEW YORK BRIGHT &#038; LOVELY LIGHTENING LOTION WITH VITAMINC+HYALURONIC ACID","author":"admin","date":"November 24, 2022","format":false,"excerpt":"","rel":"","context":"Similar post","block_context":{"text":"Similar post","link":""},"img":{"alt_text":"","src":"","width":0,"height":0},"classes":[]},{"id":26326,"url":"https:\/\/sakaba.mghosteur.com\/en\/product\/new-york-fair-lovely-exfoliating-soap\/","url_meta":{"origin":26199,"position":1},"title":"NEW YORK FAIR &#038; LOVELY EXFOLIATING SOAP","author":"admin","date":"November 24, 2022","format":false,"excerpt":"","rel":"","context":"Similar post","block_context":{"text":"Similar post","link":""},"img":{"alt_text":"","src":"","width":0,"height":0},"classes":[]},{"id":27702,"url":"https:\/\/sakaba.mghosteur.com\/en\/product\/banana-bright-vitamin-c-serum\/","url_meta":{"origin":26199,"position":2},"title":"BANANA Bright VITAMIN C SERUM","author":"admin","date":"November 29, 2022","format":false,"excerpt":"","rel":"","context":"Similar post","block_context":{"text":"Similar post","link":""},"img":{"alt_text":"","src":"","width":0,"height":0},"classes":[]},{"id":32618,"url":"https:\/\/sakaba.mghosteur.com\/en\/product\/olehenriksen-banana-bright-vitamin-cserum\/","url_meta":{"origin":26199,"position":3},"title":"OLEHENRIKSEN BANANA Bright VITAMIN CSERUM","author":"admin","date":"May 15, 2024","format":false,"excerpt":"Enrichi de trois actifs qui donnent de l'\u00e9clat, le s\u00e9rum Banana Bright Vitamin C d'Ole Henriksen illumine, \u00e9quilibre et prot\u00e8ge visiblement la peau des polluants et des agresseurs ternes. Une concentration de 15 % de vitamine C favorise un teint plus lumineux et plus rebondi. R\u00e9put\u00e9 pour ses bienfaits unifiants,\u2026","rel":"","context":"Similar post","block_context":{"text":"Similar post","link":""},"img":{"alt_text":"","src":"","width":0,"height":0},"classes":[]},{"id":32977,"url":"https:\/\/sakaba.mghosteur.com\/en\/product\/bright-plus-serum-intensif-eclaircissant-anti-tach\/","url_meta":{"origin":26199,"position":4},"title":"BRIGHT PLUS SERUM INTENSIF ECLAIRCISSANT ANTI TACHE","author":"admin","date":"May 17, 2024","format":false,"excerpt":"S\u00e9rum puissant \u00e0 absorption rapide qui illumine visiblement, aide \u00e0 raviver la peau terne et cible les taches brunes caus\u00e9es par la pollution, les rayons UV nocifs et les imperfections. La formule avanc\u00e9e infus\u00e9e d'extraits de superfruits (nouveau myrte rose et graine de cerise ac\u00e9rola, mieux connue pour sa forte\u2026","rel":"","context":"Similar post","block_context":{"text":"Similar post","link":""},"img":{"alt_text":"","src":"","width":0,"height":0},"classes":[]},{"id":26196,"url":"https:\/\/sakaba.mghosteur.com\/en\/product\/lightening-soap-with-vitamin-c-hyaluronic-acid\/","url_meta":{"origin":26199,"position":5},"title":"LIGHTENING SOAP WITH VITAMIN C +HYALURONIC ACID","author":"admin","date":"November 24, 2022","format":false,"excerpt":"","rel":"","context":"Similar post","block_context":{"text":"Similar post","link":""},"img":{"alt_text":"","src":"","width":0,"height":0},"classes":[]}],"_links":{"self":[{"href":"https:\/\/sakaba.mghosteur.com\/en\/wp-json\/wp\/v2\/product\/26199","targetHints":{"allow":["GET"]}}],"collection":[{"href":"https:\/\/sakaba.mghosteur.com\/en\/wp-json\/wp\/v2\/product"}],"about":[{"href":"https:\/\/sakaba.mghosteur.com\/en\/wp-json\/wp\/v2\/types\/product"}],"replies":[{"embeddable":true,"href":"https:\/\/sakaba.mghosteur.com\/en\/wp-json\/wp\/v2\/comments?post=26199"}],"version-history":[{"count":0,"href":"https:\/\/sakaba.mghosteur.com\/en\/wp-json\/wp\/v2\/product\/26199\/revisions"}],"wp:attachment":[{"href":"https:\/\/sakaba.mghosteur.com\/en\/wp-json\/wp\/v2\/media?parent=26199"}],"wp:term":[{"taxonomy":"product_brand","embeddable":true,"href":"https:\/\/sakaba.mghosteur.com\/en\/wp-json\/wp\/v2\/product_brand?post=26199"},{"taxonomy":"product_cat","embeddable":true,"href":"https:\/\/sakaba.mghosteur.com\/en\/wp-json\/wp\/v2\/product_cat?post=26199"},{"taxonomy":"product_tag","embeddable":true,"href":"https:\/\/sakaba.mghosteur.com\/en\/wp-json\/wp\/v2\/product_tag?post=26199"}],"curies":[{"name":"wp","href":"https:\/\/api.w.org\/{rel}","templated":true}]}}