{"id":26203,"date":"2022-11-24T16:39:25","date_gmt":"2022-11-24T16:39:25","guid":{"rendered":"http:\/\/www.sakababeauty.com\/?post_type=product&#038;p=26203"},"modified":"2024-06-06T18:16:01","modified_gmt":"2024-06-06T18:16:01","slug":"azelaic-topical-acid-10","status":"publish","type":"product","link":"https:\/\/sakaba.mghosteur.com\/en\/product\/azelaic-topical-acid-10\/","title":{"rendered":"AZELAIC TOPICAL ACID 10%"},"content":{"rendered":"","protected":false},"excerpt":{"rendered":"","protected":false},"featured_media":0,"comment_status":"closed","ping_status":"closed","template":"","meta":[],"product_brand":[],"product_cat":[326,451],"product_tag":[],"class_list":{"0":"post-26203","1":"product","2":"type-product","3":"status-publish","5":"product_cat-aaj-soin-cibles","6":"product_cat-aab-soin-du-visage","8":"first","9":"instock","10":"shipping-taxable","11":"product-type-simple"},"jetpack-related-posts":[{"id":26892,"url":"https:\/\/sakaba.mghosteur.com\/en\/product\/10-azelaic-acid-booster\/","url_meta":{"origin":26203,"position":0},"title":"10% AZELAIC ACID BOOSTER","author":"admin","date":"November 28, 2022","format":false,"excerpt":"Le Booster 10% Acide Az\u00e9la\u00efque de la marque Paula's Choice est une formule unique qui utilise de l'acide az\u00e9la\u00efque puissant ainsi que d'autres ingr\u00e9dients puissants pour clarifier le teint irr\u00e9gulier, cibler les taches tenaces et apaiser les irritations. Cette formule vous donnera une peau plus lisse, plus radieuse et d'apparence\u2026","rel":"","context":"Similar post","block_context":{"text":"Similar post","link":""},"img":{"alt_text":"","src":"","width":0,"height":0},"classes":[]},{"id":56132,"url":"https:\/\/sakaba.mghosteur.com\/en\/product\/anua-azelaic-acid-10-hyaluron-redness-soothing-serum\/","url_meta":{"origin":26203,"position":1},"title":"Anua Azelaic Acid 10 + Hyaluron Redness Soothing Serum","author":"Sope DIA","date":"January 2, 2026","format":false,"excerpt":"[APAISANT POUR LES ROUGEURS] L'acide az\u00e9la\u00efque \u00e0 10 % apaise les peaux normales. Les extraits de bl\u00e9 et d'orge, ingr\u00e9dients doux et efficaces, hydratent en profondeur et contribuent \u00e0 \u00e9quilibrer la peau pour un teint plus \u00e9clatant. [SOIN DOUX ET EFFICACE POUR LA PEAU] Un m\u00e9lange de trois types d'acide\u2026","rel":"","context":"Similar post","block_context":{"text":"Similar post","link":""},"img":{"alt_text":"","src":"","width":0,"height":0},"classes":[]},{"id":27459,"url":"https:\/\/sakaba.mghosteur.com\/en\/product\/azelaic-acid-suspension-10\/","url_meta":{"origin":26203,"position":2},"title":"AZELAIC ACID SUSPENSION 10%","author":"admin","date":"November 29, 2022","format":false,"excerpt":"La suspension d'acide az\u00e9la\u00efque 10% de The Ordinary est la solution id\u00e9ale pour obtenir un teint \u00e9clairci et une texture de peau am\u00e9lior\u00e9e. Gr\u00e2ce \u00e0 sa formule cr\u00e9meuse contenant une forte concentration d'acide az\u00e9la\u00efque, un antioxydant naturel et efficace pr\u00e9sent dans les grains, cette suspension offre des r\u00e9sultats visibles en\u2026","rel":"","context":"Similar post","block_context":{"text":"Similar post","link":""},"img":{"alt_text":"","src":"","width":0,"height":0},"classes":[]},{"id":26574,"url":"https:\/\/sakaba.mghosteur.com\/en\/product\/azelaic-acid-cream-20w-w-aziderm\/","url_meta":{"origin":26203,"position":3},"title":"AZELAIC ACID CREAM 20%W\/W AZIDERM","author":"admin","date":"November 25, 2022","format":false,"excerpt":"","rel":"","context":"Similar post","block_context":{"text":"Similar post","link":""},"img":{"alt_text":"","src":"","width":0,"height":0},"classes":[]},{"id":34423,"url":"https:\/\/sakaba.mghosteur.com\/en\/product\/peach-slices-redness-relief-azelaic-acid-serum\/","url_meta":{"origin":26203,"position":4},"title":"PEACH SLICES REDNESS RELIEF AZELAIC ACID SERUM","author":"admin","date":"May 28, 2024","format":false,"excerpt":"","rel":"","context":"Similar post","block_context":{"text":"Similar post","link":""},"img":{"alt_text":"","src":"","width":0,"height":0},"classes":[]},{"id":26969,"url":"https:\/\/sakaba.mghosteur.com\/en\/product\/facetheory-lumizela-a10-serum\/","url_meta":{"origin":26203,"position":5},"title":"FACETHEORY Lumizela Azelaic Acid Serum A10","author":"admin","date":"November 28, 2022","format":false,"excerpt":"Le Lumizela Azelaic Acid Serum A10 de la marque Facetheory est un s\u00e9rum v\u00e9g\u00e9tal contenant 10% d'acide az\u00e9la\u00efque, un antioxydant naturellement pr\u00e9sent dans le bl\u00e9, le seigle et l'orge. Les \u00e9tudes cliniques ont montr\u00e9 que les produits \u00e0 base d'acide az\u00e9la\u00efque peuvent r\u00e9duire l'inflammation, minimiser l'apparition de vaisseaux sanguins visibles\u2026","rel":"","context":"Similar post","block_context":{"text":"Similar post","link":""},"img":{"alt_text":"","src":"","width":0,"height":0},"classes":[]}],"_links":{"self":[{"href":"https:\/\/sakaba.mghosteur.com\/en\/wp-json\/wp\/v2\/product\/26203","targetHints":{"allow":["GET"]}}],"collection":[{"href":"https:\/\/sakaba.mghosteur.com\/en\/wp-json\/wp\/v2\/product"}],"about":[{"href":"https:\/\/sakaba.mghosteur.com\/en\/wp-json\/wp\/v2\/types\/product"}],"replies":[{"embeddable":true,"href":"https:\/\/sakaba.mghosteur.com\/en\/wp-json\/wp\/v2\/comments?post=26203"}],"version-history":[{"count":0,"href":"https:\/\/sakaba.mghosteur.com\/en\/wp-json\/wp\/v2\/product\/26203\/revisions"}],"wp:attachment":[{"href":"https:\/\/sakaba.mghosteur.com\/en\/wp-json\/wp\/v2\/media?parent=26203"}],"wp:term":[{"taxonomy":"product_brand","embeddable":true,"href":"https:\/\/sakaba.mghosteur.com\/en\/wp-json\/wp\/v2\/product_brand?post=26203"},{"taxonomy":"product_cat","embeddable":true,"href":"https:\/\/sakaba.mghosteur.com\/en\/wp-json\/wp\/v2\/product_cat?post=26203"},{"taxonomy":"product_tag","embeddable":true,"href":"https:\/\/sakaba.mghosteur.com\/en\/wp-json\/wp\/v2\/product_tag?post=26203"}],"curies":[{"name":"wp","href":"https:\/\/api.w.org\/{rel}","templated":true}]}}