{"id":26259,"date":"2022-11-24T16:53:07","date_gmt":"2022-11-24T16:53:07","guid":{"rendered":"http:\/\/www.sakababeauty.com\/?post_type=product&#038;p=26259"},"modified":"2022-11-24T16:53:08","modified_gmt":"2022-11-24T16:53:08","slug":"lighten-up-active-lightening-cream","status":"publish","type":"product","link":"https:\/\/sakaba.mghosteur.com\/en\/product\/lighten-up-active-lightening-cream\/","title":{"rendered":"LIGHTEN UP ACTIVE LIGHTENING CREAM"},"content":{"rendered":"","protected":false},"excerpt":{"rendered":"","protected":false},"featured_media":0,"comment_status":"closed","ping_status":"closed","template":"","meta":[],"product_brand":[],"product_cat":[447],"product_tag":[],"class_list":{"0":"post-26259","1":"product","2":"type-product","3":"status-publish","5":"product_cat-aac-bain-et-corps","7":"first","8":"instock","9":"shipping-taxable","10":"product-type-simple"},"jetpack-related-posts":[{"id":26261,"url":"https:\/\/sakaba.mghosteur.com\/en\/product\/lighten-up-lightening-serum\/","url_meta":{"origin":26259,"position":0},"title":"LIGHTEN UP LIGHTENING SERUM","author":"admin","date":"November 24, 2022","format":false,"excerpt":"","rel":"","context":"Similar post","block_context":{"text":"Similar post","link":""},"img":{"alt_text":"","src":"","width":0,"height":0},"classes":[]},{"id":26242,"url":"https:\/\/sakaba.mghosteur.com\/en\/product\/lighten-up-anti-aging-lightening-body-lotion\/","url_meta":{"origin":26259,"position":1},"title":"LIGHTEN UP ANTI AGING  LIGHTENING BODY LOTION","author":"admin","date":"November 24, 2022","format":false,"excerpt":"","rel":"","context":"Similar post","block_context":{"text":"Similar post","link":""},"img":{"alt_text":"","src":"","width":0,"height":0},"classes":[]},{"id":26253,"url":"https:\/\/sakaba.mghosteur.com\/en\/product\/lighten-up-plus-lightening-gel-natural-papaya-2\/","url_meta":{"origin":26259,"position":2},"title":"LIGHTEN UP PLUS LIGHTENING GEL NATURAL PAPAYA","author":"admin","date":"November 24, 2022","format":false,"excerpt":"","rel":"","context":"Similar post","block_context":{"text":"Similar post","link":""},"img":{"alt_text":"","src":"","width":0,"height":0},"classes":[]},{"id":26248,"url":"https:\/\/sakaba.mghosteur.com\/en\/product\/lighten-up-plus-lightening-gel-natural-papaya\/","url_meta":{"origin":26259,"position":3},"title":"LIGHTEN UP PLUS LIGHTENING GEL NATURAL PAPAYA","author":"admin","date":"November 24, 2022","format":false,"excerpt":"","rel":"","context":"Similar post","block_context":{"text":"Similar post","link":""},"img":{"alt_text":"","src":"","width":0,"height":0},"classes":[]},{"id":26244,"url":"https:\/\/sakaba.mghosteur.com\/en\/product\/lighten-up-plus-lightening-body-lotion\/","url_meta":{"origin":26259,"position":4},"title":"LIGHTEN UP PLUS LIGHTENING BODY LOTION","author":"admin","date":"November 24, 2022","format":false,"excerpt":"Lighten Up PLUS Lightening Body Lotion est le produit parfait pour ceux qui cherchent \u00e0 uniformiser leur teint et \u00e0 \u00e9claircir leur peau en seulement 7 jours. Cette luxueuse lotion pour le corps hydrate en profondeur la peau tout en la clarifiant et en r\u00e9duisant les taches brunes. Elle contient\u2026","rel":"","context":"Similar post","block_context":{"text":"Similar post","link":""},"img":{"alt_text":"","src":"","width":0,"height":0},"classes":[]},{"id":32337,"url":"https:\/\/sakaba.mghosteur.com\/en\/product\/lighten-up-creme-de-visage\/","url_meta":{"origin":26259,"position":5},"title":"LIGHTEN UP CREME DE VISAGE","author":"admin","date":"May 14, 2024","format":false,"excerpt":"","rel":"","context":"Similar post","block_context":{"text":"Similar post","link":""},"img":{"alt_text":"","src":"","width":0,"height":0},"classes":[]}],"_links":{"self":[{"href":"https:\/\/sakaba.mghosteur.com\/en\/wp-json\/wp\/v2\/product\/26259","targetHints":{"allow":["GET"]}}],"collection":[{"href":"https:\/\/sakaba.mghosteur.com\/en\/wp-json\/wp\/v2\/product"}],"about":[{"href":"https:\/\/sakaba.mghosteur.com\/en\/wp-json\/wp\/v2\/types\/product"}],"replies":[{"embeddable":true,"href":"https:\/\/sakaba.mghosteur.com\/en\/wp-json\/wp\/v2\/comments?post=26259"}],"version-history":[{"count":0,"href":"https:\/\/sakaba.mghosteur.com\/en\/wp-json\/wp\/v2\/product\/26259\/revisions"}],"wp:attachment":[{"href":"https:\/\/sakaba.mghosteur.com\/en\/wp-json\/wp\/v2\/media?parent=26259"}],"wp:term":[{"taxonomy":"product_brand","embeddable":true,"href":"https:\/\/sakaba.mghosteur.com\/en\/wp-json\/wp\/v2\/product_brand?post=26259"},{"taxonomy":"product_cat","embeddable":true,"href":"https:\/\/sakaba.mghosteur.com\/en\/wp-json\/wp\/v2\/product_cat?post=26259"},{"taxonomy":"product_tag","embeddable":true,"href":"https:\/\/sakaba.mghosteur.com\/en\/wp-json\/wp\/v2\/product_tag?post=26259"}],"curies":[{"name":"wp","href":"https:\/\/api.w.org\/{rel}","templated":true}]}}