{"id":26263,"date":"2022-11-24T17:01:31","date_gmt":"2022-11-24T17:01:31","guid":{"rendered":"http:\/\/www.sakababeauty.com\/?post_type=product&#038;p=26263"},"modified":"2022-11-24T17:01:32","modified_gmt":"2022-11-24T17:01:32","slug":"belo-kojic-acid-tranexamic-acid","status":"publish","type":"product","link":"https:\/\/sakaba.mghosteur.com\/en\/product\/belo-kojic-acid-tranexamic-acid\/","title":{"rendered":"BELO KOJIC ACID +TRANEXAMIC ACID"},"content":{"rendered":"","protected":false},"excerpt":{"rendered":"","protected":false},"featured_media":0,"comment_status":"closed","ping_status":"closed","template":"","meta":[],"product_brand":[],"product_cat":[446],"product_tag":[],"class_list":{"0":"post-26263","1":"product","2":"type-product","3":"status-publish","5":"product_cat-nettoyant","7":"first","8":"instock","9":"shipping-taxable","10":"product-type-simple"},"jetpack-related-posts":[{"id":26271,"url":"https:\/\/sakaba.mghosteur.com\/en\/product\/belo-kojic-acid-tranexamic-acid-2\/","url_meta":{"origin":26263,"position":0},"title":"BELO KOJIC ACID +TRANEXAMIC ACID","author":"admin","date":"November 24, 2022","format":false,"excerpt":"","rel":"","context":"Similar post","block_context":{"text":"Similar post","link":""},"img":{"alt_text":"","src":"","width":0,"height":0},"classes":[]},{"id":26277,"url":"https:\/\/sakaba.mghosteur.com\/en\/product\/belo-kojic-acid-tranexamic-acid-copy\/","url_meta":{"origin":26263,"position":1},"title":"BELO KOJIC ACID +TRANEXAMIC ACID (Copy)","author":"admin","date":"November 24, 2022","format":false,"excerpt":"","rel":"","context":"Similar post","block_context":{"text":"Similar post","link":""},"img":{"alt_text":"","src":"","width":0,"height":0},"classes":[]},{"id":26198,"url":"https:\/\/sakaba.mghosteur.com\/en\/product\/tranexamic-topical-acid-5\/","url_meta":{"origin":26263,"position":2},"title":"TRANEXAMIC TOPICAL ACID 5%","author":"admin","date":"November 24, 2022","format":false,"excerpt":"","rel":"","context":"Similar post","block_context":{"text":"Similar post","link":""},"img":{"alt_text":"","src":"","width":0,"height":0},"classes":[]},{"id":26364,"url":"https:\/\/sakaba.mghosteur.com\/en\/product\/naturium-multi-bright-tranexamic-acid-treatment-5\/","url_meta":{"origin":26263,"position":3},"title":"NATURIUM MULTI BRIGHT TRANEXAMIC ACID TREATMENT 5%","author":"admin","date":"November 25, 2022","format":false,"excerpt":"Le s\u00e9rum topique \u00e0 l'acide tranexamique est formul\u00e9 avec un niveau puissant d'acide tranexamique, ainsi que de l'acide kojique, de la niacinamide et de l'extrait de racine de r\u00e9glisse pour aider \u00e0 att\u00e9nuer l'apparence des taches brunes, pour une peau plus lumineuse. Il est cliniquement prouv\u00e9 que notre acide topique\u2026","rel":"","context":"Similar post","block_context":{"text":"Similar post","link":""},"img":{"alt_text":"","src":"","width":0,"height":0},"classes":[]},{"id":34830,"url":"https:\/\/sakaba.mghosteur.com\/en\/product\/akira-tranexamic-acid-cream-5w-w-20g\/","url_meta":{"origin":26263,"position":4},"title":"AKIRA TRANEXAMIC ACID CREAM 5%W W 20G","author":"admin","date":"June 3, 2024","format":false,"excerpt":"","rel":"","context":"Similar post","block_context":{"text":"Similar post","link":""},"img":{"alt_text":"","src":"","width":0,"height":0},"classes":[]},{"id":27398,"url":"https:\/\/sakaba.mghosteur.com\/en\/product\/the-inkey-list-tranexamic-acid-night-treatment\/","url_meta":{"origin":26263,"position":5},"title":"THE INKEY LIST TRANEXAMIC ACID NIGHT TREATMENT","author":"admin","date":"November 29, 2022","format":false,"excerpt":"Le traitement de nuit \u00e0 l'acide tranexamique de la liste Inkey cible l'hyperpigmentation pour un teint plus uniforme et lumineux. R\u00e9duisez les taches brunes et les taches in\u00e9gales pour une peau plus belle.","rel":"","context":"Similar post","block_context":{"text":"Similar post","link":""},"img":{"alt_text":"","src":"","width":0,"height":0},"classes":[]}],"_links":{"self":[{"href":"https:\/\/sakaba.mghosteur.com\/en\/wp-json\/wp\/v2\/product\/26263","targetHints":{"allow":["GET"]}}],"collection":[{"href":"https:\/\/sakaba.mghosteur.com\/en\/wp-json\/wp\/v2\/product"}],"about":[{"href":"https:\/\/sakaba.mghosteur.com\/en\/wp-json\/wp\/v2\/types\/product"}],"replies":[{"embeddable":true,"href":"https:\/\/sakaba.mghosteur.com\/en\/wp-json\/wp\/v2\/comments?post=26263"}],"version-history":[{"count":0,"href":"https:\/\/sakaba.mghosteur.com\/en\/wp-json\/wp\/v2\/product\/26263\/revisions"}],"wp:attachment":[{"href":"https:\/\/sakaba.mghosteur.com\/en\/wp-json\/wp\/v2\/media?parent=26263"}],"wp:term":[{"taxonomy":"product_brand","embeddable":true,"href":"https:\/\/sakaba.mghosteur.com\/en\/wp-json\/wp\/v2\/product_brand?post=26263"},{"taxonomy":"product_cat","embeddable":true,"href":"https:\/\/sakaba.mghosteur.com\/en\/wp-json\/wp\/v2\/product_cat?post=26263"},{"taxonomy":"product_tag","embeddable":true,"href":"https:\/\/sakaba.mghosteur.com\/en\/wp-json\/wp\/v2\/product_tag?post=26263"}],"curies":[{"name":"wp","href":"https:\/\/api.w.org\/{rel}","templated":true}]}}