{"id":26265,"date":"2022-11-24T17:04:53","date_gmt":"2022-11-24T17:04:53","guid":{"rendered":"http:\/\/www.sakababeauty.com\/?post_type=product&#038;p=26265"},"modified":"2022-11-24T17:05:19","modified_gmt":"2022-11-24T17:05:19","slug":"clear-essence-skin-lightening-serum","status":"publish","type":"product","link":"https:\/\/sakaba.mghosteur.com\/en\/product\/clear-essence-skin-lightening-serum\/","title":{"rendered":"CLEAR ESSENCE SKIN LIGHTENING SERUM"},"content":{"rendered":"","protected":false},"excerpt":{"rendered":"","protected":false},"featured_media":0,"comment_status":"closed","ping_status":"closed","template":"","meta":[],"product_brand":[],"product_cat":[355],"product_tag":[],"class_list":{"0":"post-26265","1":"product","2":"type-product","3":"status-publish","5":"product_cat-hydratant-corps","7":"first","8":"instock","9":"shipping-taxable","10":"product-type-simple"},"jetpack-related-posts":[{"id":26269,"url":"https:\/\/sakaba.mghosteur.com\/en\/product\/clear-essence-skin-beautifying-milk-maxi-tone\/","url_meta":{"origin":26265,"position":0},"title":"CLEAR ESSENCE SKIN BEAUTIFYING MILK MAXI TONE","author":"admin","date":"November 24, 2022","format":false,"excerpt":"","rel":"","context":"Similar post","block_context":{"text":"Similar post","link":""},"img":{"alt_text":"","src":"","width":0,"height":0},"classes":[]},{"id":31428,"url":"https:\/\/sakaba.mghosteur.com\/en\/product\/numbuzin-3-skin-softening\/","url_meta":{"origin":26265,"position":1},"title":"NUMBUZIN 3 SKIN SOFTENING","author":"admin","date":"May 10, 2024","format":false,"excerpt":"Le S\u00e9rum Adoucissant Numbuzin No.3 est une solution r\u00e9paratrice innovante, enrichie en galactomyces bifida, qui revitalise et hydrate votre peau en profondeur. Con\u00e7u pour stimuler l'\u00e9lasticit\u00e9 cutan\u00e9e et att\u00e9nuer l'apparence des rides, ce s\u00e9rum vous offre une peau \u00e9clatante et rajeunie. Sa formule l\u00e9g\u00e8re p\u00e9n\u00e8tre rapidement dans la peau, la\u2026","rel":"","context":"Similar post","block_context":{"text":"Similar post","link":""},"img":{"alt_text":"","src":"","width":0,"height":0},"classes":[]},{"id":29602,"url":"https:\/\/sakaba.mghosteur.com\/en\/product\/fenty-skin-watch-ya-tone-niacinamide-dard-spot-ser\/","url_meta":{"origin":26265,"position":2},"title":"FENTY SKIN WATCH YA TONE NIACINAMIDE DARD SPOT SER","author":"admin","date":"April 10, 2023","format":false,"excerpt":"D\u00e9couvrez le s\u00e9rum WATCH YA TONE NIACINAMIDE DARK SPOT de la marque FENTY, un traitement cibl\u00e9 pour une peau uniforme et lumineuse. Les taches sombres ne sont plus un probl\u00e8me avec ce cocktail concentr\u00e9 d'ingr\u00e9dients anti-taches. En seulement une semaine, vous verrez une am\u00e9lioration de l'apparence de votre peau, qui\u2026","rel":"","context":"Similar post","block_context":{"text":"Similar post","link":""},"img":{"alt_text":"","src":"","width":0,"height":0},"classes":[]},{"id":31600,"url":"https:\/\/sakaba.mghosteur.com\/en\/product\/cosrx-original-clear-pad-salix-alba-bark-water-bha\/","url_meta":{"origin":26265,"position":3},"title":"ONE STEP ORIGINAL CLEAR PAD","author":"admin","date":"May 10, 2024","format":false,"excerpt":"Les Tampons Exfoliants Clear Pad One Step Original sont votre alli\u00e9 pour une peau claire et sans imperfections. Chaque bo\u00eete contient 70 tampons, impr\u00e9gn\u00e9s d'une essence douce qui \u00e9limine les impuret\u00e9s et l'exc\u00e8s de s\u00e9bum en un seul geste. Gr\u00e2ce \u00e0 leur texture gaufr\u00e9e, ces tampons p\u00e9n\u00e8trent en profondeur dans\u2026","rel":"","context":"Similar post","block_context":{"text":"Similar post","link":""},"img":{"alt_text":"","src":"","width":0,"height":0},"classes":[]},{"id":26273,"url":"https:\/\/sakaba.mghosteur.com\/en\/product\/clear-essence-blemish-control-formula-for-acne\/","url_meta":{"origin":26265,"position":4},"title":"CLEAR ESSENCE BLEMISH CONTROL FORMULA FOR ACNE","author":"admin","date":"November 24, 2022","format":false,"excerpt":"","rel":"","context":"Similar post","block_context":{"text":"Similar post","link":""},"img":{"alt_text":"","src":"","width":0,"height":0},"classes":[]},{"id":26283,"url":"https:\/\/sakaba.mghosteur.com\/en\/product\/clear-essence-medicated-fade-creme-with-sunscreen\/","url_meta":{"origin":26265,"position":5},"title":"CLEAR ESSENCE MEDICATED FADE CREME WITH SUNSCREEN","author":"admin","date":"November 24, 2022","format":false,"excerpt":"","rel":"","context":"Similar post","block_context":{"text":"Similar post","link":""},"img":{"alt_text":"","src":"","width":0,"height":0},"classes":[]}],"_links":{"self":[{"href":"https:\/\/sakaba.mghosteur.com\/en\/wp-json\/wp\/v2\/product\/26265","targetHints":{"allow":["GET"]}}],"collection":[{"href":"https:\/\/sakaba.mghosteur.com\/en\/wp-json\/wp\/v2\/product"}],"about":[{"href":"https:\/\/sakaba.mghosteur.com\/en\/wp-json\/wp\/v2\/types\/product"}],"replies":[{"embeddable":true,"href":"https:\/\/sakaba.mghosteur.com\/en\/wp-json\/wp\/v2\/comments?post=26265"}],"version-history":[{"count":0,"href":"https:\/\/sakaba.mghosteur.com\/en\/wp-json\/wp\/v2\/product\/26265\/revisions"}],"wp:attachment":[{"href":"https:\/\/sakaba.mghosteur.com\/en\/wp-json\/wp\/v2\/media?parent=26265"}],"wp:term":[{"taxonomy":"product_brand","embeddable":true,"href":"https:\/\/sakaba.mghosteur.com\/en\/wp-json\/wp\/v2\/product_brand?post=26265"},{"taxonomy":"product_cat","embeddable":true,"href":"https:\/\/sakaba.mghosteur.com\/en\/wp-json\/wp\/v2\/product_cat?post=26265"},{"taxonomy":"product_tag","embeddable":true,"href":"https:\/\/sakaba.mghosteur.com\/en\/wp-json\/wp\/v2\/product_tag?post=26265"}],"curies":[{"name":"wp","href":"https:\/\/api.w.org\/{rel}","templated":true}]}}