{"id":26273,"date":"2022-11-24T17:12:19","date_gmt":"2022-11-24T17:12:19","guid":{"rendered":"http:\/\/www.sakababeauty.com\/?post_type=product&#038;p=26273"},"modified":"2022-11-24T17:12:19","modified_gmt":"2022-11-24T17:12:19","slug":"clear-essence-blemish-control-formula-for-acne","status":"publish","type":"product","link":"https:\/\/sakaba.mghosteur.com\/en\/product\/clear-essence-blemish-control-formula-for-acne\/","title":{"rendered":"CLEAR ESSENCE BLEMISH CONTROL FORMULA FOR ACNE"},"content":{"rendered":"","protected":false},"excerpt":{"rendered":"","protected":false},"featured_media":0,"comment_status":"closed","ping_status":"closed","template":"","meta":[],"product_brand":[],"product_cat":[286,447],"product_tag":[],"class_list":{"0":"post-26273","1":"product","2":"type-product","3":"status-publish","5":"product_cat-corps","6":"product_cat-aac-bain-et-corps","8":"first","9":"instock","10":"shipping-taxable","11":"product-type-simple"},"jetpack-related-posts":[{"id":24563,"url":"https:\/\/sakaba.mghosteur.com\/en\/product\/cleanclear-advantage-acne-control\/","url_meta":{"origin":26273,"position":0},"title":"CLEAN&amp;CLEAR ADVANTAGE ACNE CONTROL","author":"admin","date":"November 10, 2022","format":false,"excerpt":"","rel":"","context":"Similar post","block_context":{"text":"Similar post","link":""},"img":{"alt_text":"","src":"","width":0,"height":0},"classes":[]},{"id":25617,"url":"https:\/\/sakaba.mghosteur.com\/en\/product\/african-essence-control-wig-spray-3-in-1-formula\/","url_meta":{"origin":26273,"position":1},"title":"African Essence Control WIG Spray 3 in 1 Formula","author":"admin","date":"November 14, 2022","format":false,"excerpt":"","rel":"","context":"Similar post","block_context":{"text":"Similar post","link":""},"img":{"alt_text":"","src":"","width":0,"height":0},"classes":[]},{"id":27409,"url":"https:\/\/sakaba.mghosteur.com\/en\/product\/noxzema-ultimate-clear-anti-blemish-pads\/","url_meta":{"origin":26273,"position":2},"title":"Noxzema ultimate clear anti blemish pads","author":"admin","date":"November 29, 2022","format":false,"excerpt":"","rel":"","context":"Similar post","block_context":{"text":"Similar post","link":""},"img":{"alt_text":"","src":"","width":0,"height":0},"classes":[]},{"id":31934,"url":"https:\/\/sakaba.mghosteur.com\/en\/product\/cerave-acne-control-cleanser-473ml\/","url_meta":{"origin":26273,"position":3},"title":"CERAVE ACNE CONTROL CLEANSER 473ML","author":"admin","date":"May 13, 2024","format":false,"excerpt":"Le nettoyant visage anti-acn\u00e9 de CeraVe est formul\u00e9 avec 2 % d'acide salicylique pour \u00e9liminer l'acn\u00e9 et r\u00e9duire les points noirs. L'argile purifiante aide \u00e0 am\u00e9liorer l'apparence des pores gr\u00e2ce \u00e0 une technologie d'absorption d'huile. Dans une texture gel-mousse rafra\u00eechissante, ce traitement contre l'acn\u00e9 nettoie la peau et cible les\u2026","rel":"","context":"Similar post","block_context":{"text":"Similar post","link":""},"img":{"alt_text":"","src":"","width":0,"height":0},"classes":[]},{"id":23934,"url":"https:\/\/sakaba.mghosteur.com\/en\/product\/cerave-acne-control-gel-2-salicylic-acid\/","url_meta":{"origin":26273,"position":4},"title":"CERAVE : ACNE CONTROL GEL 2% SALICYLIC ACID","author":"admin","date":"November 9, 2022","format":false,"excerpt":"Le gel anti-acn\u00e9 hydratant CeraVe Acne Control Gel est la solution compl\u00e8te pour traiter l'acn\u00e9 et pr\u00e9venir les \u00e9ruptions cutan\u00e9es futures. Avec sa formule l\u00e9g\u00e8re et non ass\u00e9chante, il est parfait pour une utilisation quotidienne et convient \u00e0 tous les types de peau, m\u00eame les plus sensibles. Enrichi en acides\u2026","rel":"","context":"Similar post","block_context":{"text":"Similar post","link":""},"img":{"alt_text":"","src":"","width":0,"height":0},"classes":[]},{"id":27620,"url":"https:\/\/sakaba.mghosteur.com\/en\/product\/ginseng-essence-water\/","url_meta":{"origin":26273,"position":5},"title":"GINSENG ESSENCE WATER","author":"admin","date":"November 29, 2022","format":false,"excerpt":"D\u00e9couvrez l'eau d'essence de ginseng de la marque Beauty of Joseon, un produit \u00e0 base de plantes naturelles qui a \u00e9t\u00e9 utilis\u00e9 pendant des si\u00e8cles pour am\u00e9liorer la sant\u00e9 et la beaut\u00e9 de la peau cor\u00e9enne. Cette essence contient 80% d'eau de ginseng pour offrir une hydratation et une nutrition\u2026","rel":"","context":"Similar post","block_context":{"text":"Similar post","link":""},"img":{"alt_text":"","src":"","width":0,"height":0},"classes":[]}],"_links":{"self":[{"href":"https:\/\/sakaba.mghosteur.com\/en\/wp-json\/wp\/v2\/product\/26273","targetHints":{"allow":["GET"]}}],"collection":[{"href":"https:\/\/sakaba.mghosteur.com\/en\/wp-json\/wp\/v2\/product"}],"about":[{"href":"https:\/\/sakaba.mghosteur.com\/en\/wp-json\/wp\/v2\/types\/product"}],"replies":[{"embeddable":true,"href":"https:\/\/sakaba.mghosteur.com\/en\/wp-json\/wp\/v2\/comments?post=26273"}],"version-history":[{"count":0,"href":"https:\/\/sakaba.mghosteur.com\/en\/wp-json\/wp\/v2\/product\/26273\/revisions"}],"wp:attachment":[{"href":"https:\/\/sakaba.mghosteur.com\/en\/wp-json\/wp\/v2\/media?parent=26273"}],"wp:term":[{"taxonomy":"product_brand","embeddable":true,"href":"https:\/\/sakaba.mghosteur.com\/en\/wp-json\/wp\/v2\/product_brand?post=26273"},{"taxonomy":"product_cat","embeddable":true,"href":"https:\/\/sakaba.mghosteur.com\/en\/wp-json\/wp\/v2\/product_cat?post=26273"},{"taxonomy":"product_tag","embeddable":true,"href":"https:\/\/sakaba.mghosteur.com\/en\/wp-json\/wp\/v2\/product_tag?post=26273"}],"curies":[{"name":"wp","href":"https:\/\/api.w.org\/{rel}","templated":true}]}}