{"id":26275,"date":"2022-11-24T17:14:37","date_gmt":"2022-11-24T17:14:37","guid":{"rendered":"http:\/\/www.sakababeauty.com\/?post_type=product&#038;p=26275"},"modified":"2022-11-24T17:14:37","modified_gmt":"2022-11-24T17:14:37","slug":"skin-beautifying-milk-maxi-tone","status":"publish","type":"product","link":"https:\/\/sakaba.mghosteur.com\/en\/product\/skin-beautifying-milk-maxi-tone\/","title":{"rendered":"SKIN BEAUTIFYING MILK MAXI TONE"},"content":{"rendered":"","protected":false},"excerpt":{"rendered":"","protected":false},"featured_media":0,"comment_status":"closed","ping_status":"closed","template":"","meta":[],"product_brand":[],"product_cat":[286,355],"product_tag":[],"class_list":{"0":"post-26275","1":"product","2":"type-product","3":"status-publish","5":"product_cat-corps","6":"product_cat-hydratant-corps","8":"first","9":"instock","10":"shipping-taxable","11":"product-type-simple"},"jetpack-related-posts":[{"id":26269,"url":"https:\/\/sakaba.mghosteur.com\/en\/product\/clear-essence-skin-beautifying-milk-maxi-tone\/","url_meta":{"origin":26275,"position":0},"title":"CLEAR ESSENCE SKIN BEAUTIFYING MILK MAXI TONE","author":"admin","date":"November 24, 2022","format":false,"excerpt":"","rel":"","context":"Similar post","block_context":{"text":"Similar post","link":""},"img":{"alt_text":"","src":"","width":0,"height":0},"classes":[]},{"id":31466,"url":"https:\/\/sakaba.mghosteur.com\/en\/product\/tirtit-milk-skin-toner-refreshing-skin-150ml\/","url_meta":{"origin":26275,"position":1},"title":"TIRTIR MILK SKIN TONER REFRESHING SKIN 150ml","author":"admin","date":"May 10, 2024","format":false,"excerpt":"Offrez \u00e0 votre peau une hydratation intense, combattez efficacement la s\u00e9cheresse et la fatigue, tout en procurant une sensation apaisante in\u00e9gal\u00e9e pour obtenir ce teint convoit\u00e9 de peau de verre. [SOUTIEN DE LA BARRI\u00c8RE CUTAN\u00c9E] Renforcez la barri\u00e8re protectrice de votre peau pour att\u00e9nuer la s\u00e9cheresse et b\u00e9n\u00e9ficier aux peaux\u2026","rel":"","context":"Similar post","block_context":{"text":"Similar post","link":""},"img":{"alt_text":"","src":"","width":0,"height":0},"classes":[]},{"id":26530,"url":"https:\/\/sakaba.mghosteur.com\/en\/product\/fade-milk-tone-correcting-body-lotion\/","url_meta":{"origin":26275,"position":2},"title":"FADE MILK TONE CORRECTING BODY LOTION","author":"admin","date":"November 25, 2022","format":false,"excerpt":"D\u00e9couvrez le Lait Anti-taches Palmer's Skin Success pour retrouver un teint lumineux et \u00e9clatant. Ce produit cible efficacement les taches brunes, les taches de vieillesse et le teint irr\u00e9gulier pour une peau parfaitement \u00e9quilibr\u00e9e et unifi\u00e9e. En plus d'am\u00e9liorer la souplesse et l'\u00e9lasticit\u00e9 de la peau, ce lait minimise l'apparence\u2026","rel":"","context":"Similar post","block_context":{"text":"Similar post","link":""},"img":{"alt_text":"","src":"","width":0,"height":0},"classes":[]},{"id":26766,"url":"https:\/\/sakaba.mghosteur.com\/en\/product\/olay-regenerist-tone-serum-max-b3-vitamin-c\/","url_meta":{"origin":26275,"position":3},"title":"OLAY Regenerist Tone Serum Max B3+ Vitamin C","author":"admin","date":"November 28, 2022","format":false,"excerpt":"","rel":"","context":"Similar post","block_context":{"text":"Similar post","link":""},"img":{"alt_text":"","src":"","width":0,"height":0},"classes":[]},{"id":27630,"url":"https:\/\/sakaba.mghosteur.com\/en\/product\/aloe-bha-skin-toner\/","url_meta":{"origin":26275,"position":4},"title":"ALOE BHA SKIN TONER","author":"admin","date":"November 29, 2022","format":false,"excerpt":"","rel":"","context":"Similar post","block_context":{"text":"Similar post","link":""},"img":{"alt_text":"","src":"","width":0,"height":0},"classes":[]},{"id":27182,"url":"https:\/\/sakaba.mghosteur.com\/en\/product\/laneige-cream-skin-toner-moisturizer\/","url_meta":{"origin":26275,"position":5},"title":"LANEIGE CREAM SKIN TONER &amp; MOISTURIZER","author":"admin","date":"November 29, 2022","format":false,"excerpt":"","rel":"","context":"Similar post","block_context":{"text":"Similar post","link":""},"img":{"alt_text":"","src":"","width":0,"height":0},"classes":[]}],"_links":{"self":[{"href":"https:\/\/sakaba.mghosteur.com\/en\/wp-json\/wp\/v2\/product\/26275","targetHints":{"allow":["GET"]}}],"collection":[{"href":"https:\/\/sakaba.mghosteur.com\/en\/wp-json\/wp\/v2\/product"}],"about":[{"href":"https:\/\/sakaba.mghosteur.com\/en\/wp-json\/wp\/v2\/types\/product"}],"replies":[{"embeddable":true,"href":"https:\/\/sakaba.mghosteur.com\/en\/wp-json\/wp\/v2\/comments?post=26275"}],"version-history":[{"count":0,"href":"https:\/\/sakaba.mghosteur.com\/en\/wp-json\/wp\/v2\/product\/26275\/revisions"}],"wp:attachment":[{"href":"https:\/\/sakaba.mghosteur.com\/en\/wp-json\/wp\/v2\/media?parent=26275"}],"wp:term":[{"taxonomy":"product_brand","embeddable":true,"href":"https:\/\/sakaba.mghosteur.com\/en\/wp-json\/wp\/v2\/product_brand?post=26275"},{"taxonomy":"product_cat","embeddable":true,"href":"https:\/\/sakaba.mghosteur.com\/en\/wp-json\/wp\/v2\/product_cat?post=26275"},{"taxonomy":"product_tag","embeddable":true,"href":"https:\/\/sakaba.mghosteur.com\/en\/wp-json\/wp\/v2\/product_tag?post=26275"}],"curies":[{"name":"wp","href":"https:\/\/api.w.org\/{rel}","templated":true}]}}