{"id":26281,"date":"2022-11-24T17:21:14","date_gmt":"2022-11-24T17:21:14","guid":{"rendered":"http:\/\/www.sakababeauty.com\/?post_type=product&#038;p=26281"},"modified":"2022-11-24T17:21:14","modified_gmt":"2022-11-24T17:21:14","slug":"some-by-me-multi-vita-cleansing-bar-v10-pure-vitamin-c","status":"publish","type":"product","link":"https:\/\/sakaba.mghosteur.com\/en\/product\/some-by-me-multi-vita-cleansing-bar-v10-pure-vitamin-c\/","title":{"rendered":"SOME BY ME MULTI VITA CLEANSING BAR V10 PURE VITAMIN C"},"content":{"rendered":"","protected":false},"excerpt":{"rendered":"","protected":false},"featured_media":0,"comment_status":"closed","ping_status":"closed","template":"","meta":[],"product_brand":[],"product_cat":[377],"product_tag":[],"class_list":{"0":"post-26281","1":"product","2":"type-product","3":"status-publish","5":"product_cat-bath-body-works","7":"first","8":"instock","9":"shipping-taxable","10":"product-type-simple"},"jetpack-related-posts":[{"id":31381,"url":"https:\/\/sakaba.mghosteur.com\/en\/product\/beauty-of-joseon-light-on-serum-centella-vita-c\/","url_meta":{"origin":26281,"position":0},"title":"BEAUTY OF JOSEON LIGHT ON SERUM CENTELLA VITA C","author":"admin","date":"May 10, 2024","format":false,"excerpt":"D\u00e9couvrez le s\u00e9rum Lumi\u00e8re Activ\u00e9e : Centella + Vita C. Ce s\u00e9rum \u00e9claircissant associe l'extrait de Centella Asiatica et la vitamine C pour offrir une exp\u00e9rience de soin de la peau in\u00e9gal\u00e9e. Ce produit innovant r\u00e9sout les probl\u00e8mes courants associ\u00e9s aux s\u00e9rums \u00e0 base de vitamine C pure. Fini le\u2026","rel":"","context":"Similar post","block_context":{"text":"Similar post","link":""},"img":{"alt_text":"","src":"","width":0,"height":0},"classes":[]},{"id":24397,"url":"https:\/\/sakaba.mghosteur.com\/en\/product\/palmers-skin-therapy-cleansing-oil-face\/","url_meta":{"origin":26281,"position":1},"title":"PALMERS SKIN THERAPY CLEANSING OIL FACE","author":"admin","date":"November 10, 2022","format":false,"excerpt":"Introducing Skin Therapy Huile Nettoyante Visage by Palmer's - une huile nettoyante douce pour le visage qui nettoie en profondeur votre peau sans la d\u00e9caper. Cette huile est con\u00e7ue pour enlever efficacement le maquillage, le maquillage des yeux et les impuret\u00e9s, tout en \u00e9tant non-com\u00e9dog\u00e8ne et n'obstrue pas les pores.\u2026","rel":"","context":"Similar post","block_context":{"text":"Similar post","link":""},"img":{"alt_text":"","src":"","width":0,"height":0},"classes":[]},{"id":29659,"url":"https:\/\/sakaba.mghosteur.com\/en\/product\/palmers-cocoa-butter-formula-cream-soap-bar\/","url_meta":{"origin":26281,"position":2},"title":"Palmers Cocoa Butter Formula Cream Soap Bar","author":"admin","date":"April 12, 2023","format":false,"excerpt":"D\u00e9couvrez le savon cr\u00e8me Palmer's, un produit exceptionnel pour prendre soin de votre peau en profondeur. Ce savon en barre hydratant est parfait pour une utilisation quotidienne sur tout le corps et le visage. Sa formule au beurre de cacao riche et moussante nettoie efficacement la peau sans la d\u00e9caper,\u2026","rel":"","context":"Similar post","block_context":{"text":"Similar post","link":""},"img":{"alt_text":"","src":"","width":0,"height":0},"classes":[]},{"id":26472,"url":"https:\/\/sakaba.mghosteur.com\/en\/product\/miracles-cleansing-bar\/","url_meta":{"origin":26281,"position":3},"title":"MIRACLES CLEANSING BAR","author":"admin","date":"November 25, 2022","format":false,"excerpt":"","rel":"","context":"Similar post","block_context":{"text":"Similar post","link":""},"img":{"alt_text":"","src":"","width":0,"height":0},"classes":[]},{"id":24463,"url":"https:\/\/sakaba.mghosteur.com\/en\/product\/ambi-complexion-cleansing-bar\/","url_meta":{"origin":26281,"position":4},"title":"AMBI COMPLEXION CLEANSING BAR","author":"admin","date":"November 10, 2022","format":false,"excerpt":"","rel":"","context":"Similar post","block_context":{"text":"Similar post","link":""},"img":{"alt_text":"","src":"","width":0,"height":0},"classes":[]},{"id":26267,"url":"https:\/\/sakaba.mghosteur.com\/en\/product\/medicated-cleansing-bar-soap\/","url_meta":{"origin":26281,"position":5},"title":"MEDICATED CLEANSING BAR SOAP","author":"admin","date":"November 24, 2022","format":false,"excerpt":"","rel":"","context":"Similar post","block_context":{"text":"Similar post","link":""},"img":{"alt_text":"","src":"","width":0,"height":0},"classes":[]}],"_links":{"self":[{"href":"https:\/\/sakaba.mghosteur.com\/en\/wp-json\/wp\/v2\/product\/26281","targetHints":{"allow":["GET"]}}],"collection":[{"href":"https:\/\/sakaba.mghosteur.com\/en\/wp-json\/wp\/v2\/product"}],"about":[{"href":"https:\/\/sakaba.mghosteur.com\/en\/wp-json\/wp\/v2\/types\/product"}],"replies":[{"embeddable":true,"href":"https:\/\/sakaba.mghosteur.com\/en\/wp-json\/wp\/v2\/comments?post=26281"}],"version-history":[{"count":0,"href":"https:\/\/sakaba.mghosteur.com\/en\/wp-json\/wp\/v2\/product\/26281\/revisions"}],"wp:attachment":[{"href":"https:\/\/sakaba.mghosteur.com\/en\/wp-json\/wp\/v2\/media?parent=26281"}],"wp:term":[{"taxonomy":"product_brand","embeddable":true,"href":"https:\/\/sakaba.mghosteur.com\/en\/wp-json\/wp\/v2\/product_brand?post=26281"},{"taxonomy":"product_cat","embeddable":true,"href":"https:\/\/sakaba.mghosteur.com\/en\/wp-json\/wp\/v2\/product_cat?post=26281"},{"taxonomy":"product_tag","embeddable":true,"href":"https:\/\/sakaba.mghosteur.com\/en\/wp-json\/wp\/v2\/product_tag?post=26281"}],"curies":[{"name":"wp","href":"https:\/\/api.w.org\/{rel}","templated":true}]}}