{"id":26283,"date":"2022-11-24T17:22:19","date_gmt":"2022-11-24T17:22:19","guid":{"rendered":"http:\/\/www.sakababeauty.com\/?post_type=product&#038;p=26283"},"modified":"2022-11-24T17:22:19","modified_gmt":"2022-11-24T17:22:19","slug":"clear-essence-medicated-fade-creme-with-sunscreen","status":"publish","type":"product","link":"https:\/\/sakaba.mghosteur.com\/en\/product\/clear-essence-medicated-fade-creme-with-sunscreen\/","title":{"rendered":"CLEAR ESSENCE MEDICATED FADE CREME WITH SUNSCREEN"},"content":{"rendered":"","protected":false},"excerpt":{"rendered":"","protected":false},"featured_media":0,"comment_status":"closed","ping_status":"closed","template":"","meta":[],"product_brand":[],"product_cat":[377],"product_tag":[],"class_list":{"0":"post-26283","1":"product","2":"type-product","3":"status-publish","5":"product_cat-bath-body-works","7":"first","8":"instock","9":"shipping-taxable","10":"product-type-simple"},"jetpack-related-posts":[{"id":29100,"url":"https:\/\/sakaba.mghosteur.com\/en\/product\/cerave-skin-renewing-day-with-sunscreen-broad-spectrum-spf-30\/","url_meta":{"origin":26283,"position":0},"title":"CERAVE SKIN RENEWING DAY WITH SUNSCREEN BROAD SPECTRUM SPF 30","author":"admin","date":"March 14, 2023","format":false,"excerpt":"La Cr\u00e8me de Jour R\u00e9g\u00e9n\u00e9rante pour la Peau CeraVe est une cr\u00e8me hydratante anti-\u00e2ge contenant du r\u00e9tinol encapsul\u00e9 qui r\u00e9duit l'apparence des rides et des ridules sans causer d'irritation. Cette cr\u00e8me de jour SPF 30 \u00e0 large spectre offre une protection contre les rayons UVA et UVB, pr\u00e9venant ainsi les\u2026","rel":"","context":"Similar post","block_context":{"text":"Similar post","link":""},"img":{"alt_text":"","src":"","width":0,"height":0},"classes":[]},{"id":31942,"url":"https:\/\/sakaba.mghosteur.com\/en\/product\/cerave-skin-renewing-day-with-sunscreen-broad-spectrum-spf-30-2\/","url_meta":{"origin":26283,"position":1},"title":"CERAVE SKIN RENEWING DAY WITH SUNSCREEN BROAD SPECTRUM SPF  30","author":"admin","date":"May 13, 2024","format":false,"excerpt":"Cr\u00e8me de jour r\u00e9g\u00e9n\u00e9ratrice CeraVe est une cr\u00e8me hydratante non com\u00e9dog\u00e8ne encapsul\u00e9e dans du r\u00e9tinol qui combat les rides et les ridules sans provoquer d'irritation. Elle offre \u00e9galement une protection SPF. La protection UVA et UVB est \u00e9galement assur\u00e9e par le large spectre SPF 30.","rel":"","context":"Similar post","block_context":{"text":"Similar post","link":""},"img":{"alt_text":"","src":"","width":0,"height":0},"classes":[]},{"id":26820,"url":"https:\/\/sakaba.mghosteur.com\/en\/product\/kojic-san-anti-aging-cream-with-sunscreen\/","url_meta":{"origin":26283,"position":2},"title":"KOJIC SAN ANTI AGING CREAM WITH SUNSCREEN","author":"admin","date":"November 28, 2022","format":false,"excerpt":"D\u00e9couvrez la Cr\u00e8me Hydratante pour le Visage Kojie San Dream White de 30g, un produit de beaut\u00e9 de qualit\u00e9 qui contient des ingr\u00e9dients naturels pour r\u00e9duire l'apparence des signes de vieillissement tels que les rides et les ridules. Cette formulation riche offre des r\u00e9sultats optimaux et utilise une action de\u2026","rel":"","context":"Similar post","block_context":{"text":"Similar post","link":""},"img":{"alt_text":"","src":"","width":0,"height":0},"classes":[]},{"id":30416,"url":"https:\/\/sakaba.mghosteur.com\/en\/product\/rapid-clear-2-in-1-fight-and-fade-toner\/","url_meta":{"origin":26283,"position":3},"title":"RAPID CLEAR 2 IN 1 FIGHT AND FADE TONER","author":"admin","date":"May 10, 2023","format":false,"excerpt":"Le Rapid Clear 2-en-1 Fight & Fade Toner de la marque Neutrogena est un toner innovant con\u00e7u pour lutter efficacement contre l'acn\u00e9 et les marques post-acn\u00e9iques. Gr\u00e2ce \u00e0 sa formule unique \u00e0 base d'acide salicylique et glycolique, ce toner agit rapidement pour r\u00e9duire les \u00e9ruptions cutan\u00e9es en quelques heures seulement.\u2026","rel":"","context":"Similar post","block_context":{"text":"Similar post","link":""},"img":{"alt_text":"","src":"","width":0,"height":0},"classes":[]},{"id":26265,"url":"https:\/\/sakaba.mghosteur.com\/en\/product\/clear-essence-skin-lightening-serum\/","url_meta":{"origin":26283,"position":4},"title":"CLEAR ESSENCE SKIN LIGHTENING SERUM","author":"admin","date":"November 24, 2022","format":false,"excerpt":"","rel":"","context":"Similar post","block_context":{"text":"Similar post","link":""},"img":{"alt_text":"","src":"","width":0,"height":0},"classes":[]},{"id":26273,"url":"https:\/\/sakaba.mghosteur.com\/en\/product\/clear-essence-blemish-control-formula-for-acne\/","url_meta":{"origin":26283,"position":5},"title":"CLEAR ESSENCE BLEMISH CONTROL FORMULA FOR ACNE","author":"admin","date":"November 24, 2022","format":false,"excerpt":"","rel":"","context":"Similar post","block_context":{"text":"Similar post","link":""},"img":{"alt_text":"","src":"","width":0,"height":0},"classes":[]}],"_links":{"self":[{"href":"https:\/\/sakaba.mghosteur.com\/en\/wp-json\/wp\/v2\/product\/26283","targetHints":{"allow":["GET"]}}],"collection":[{"href":"https:\/\/sakaba.mghosteur.com\/en\/wp-json\/wp\/v2\/product"}],"about":[{"href":"https:\/\/sakaba.mghosteur.com\/en\/wp-json\/wp\/v2\/types\/product"}],"replies":[{"embeddable":true,"href":"https:\/\/sakaba.mghosteur.com\/en\/wp-json\/wp\/v2\/comments?post=26283"}],"version-history":[{"count":0,"href":"https:\/\/sakaba.mghosteur.com\/en\/wp-json\/wp\/v2\/product\/26283\/revisions"}],"wp:attachment":[{"href":"https:\/\/sakaba.mghosteur.com\/en\/wp-json\/wp\/v2\/media?parent=26283"}],"wp:term":[{"taxonomy":"product_brand","embeddable":true,"href":"https:\/\/sakaba.mghosteur.com\/en\/wp-json\/wp\/v2\/product_brand?post=26283"},{"taxonomy":"product_cat","embeddable":true,"href":"https:\/\/sakaba.mghosteur.com\/en\/wp-json\/wp\/v2\/product_cat?post=26283"},{"taxonomy":"product_tag","embeddable":true,"href":"https:\/\/sakaba.mghosteur.com\/en\/wp-json\/wp\/v2\/product_tag?post=26283"}],"curies":[{"name":"wp","href":"https:\/\/api.w.org\/{rel}","templated":true}]}}