{"id":26291,"date":"2022-11-24T17:29:28","date_gmt":"2022-11-24T17:29:28","guid":{"rendered":"http:\/\/www.sakababeauty.com\/?post_type=product&#038;p=26291"},"modified":"2022-11-24T17:29:28","modified_gmt":"2022-11-24T17:29:28","slug":"tea-tree-original-soap","status":"publish","type":"product","link":"https:\/\/sakaba.mghosteur.com\/en\/product\/tea-tree-original-soap\/","title":{"rendered":"TEA TREE ORIGINAL SOAP"},"content":{"rendered":"","protected":false},"excerpt":{"rendered":"","protected":false},"featured_media":0,"comment_status":"closed","ping_status":"closed","template":"","meta":[],"product_brand":[],"product_cat":[447,446],"product_tag":[],"class_list":{"0":"post-26291","1":"product","2":"type-product","3":"status-publish","5":"product_cat-aac-bain-et-corps","6":"product_cat-nettoyant","8":"first","9":"instock","10":"shipping-taxable","11":"product-type-simple"},"jetpack-related-posts":[{"id":30082,"url":"https:\/\/sakaba.mghosteur.com\/en\/product\/pure-castile-liquid-soap-tea-tree\/","url_meta":{"origin":26291,"position":0},"title":"PURE-CASTILE LIQUID SOAP Tea Tree","author":"admin","date":"May 3, 2023","format":false,"excerpt":"D\u00e9couvrez le savon liquide Tea Tree Pure-Castille de Dr. Bronner, un produit biod\u00e9gradable, polyvalent et efficace pour nettoyer presque tout ! Ce savon concentr\u00e9 contient de l'huile d'arbre \u00e0 th\u00e9 pure, connue pour ses propri\u00e9t\u00e9s b\u00e9n\u00e9fiques pour les peaux \u00e0 tendance acn\u00e9ique et les pellicules. Fabriqu\u00e9 avec des ingr\u00e9dients biologiques\u2026","rel":"","context":"Similar post","block_context":{"text":"Similar post","link":""},"img":{"alt_text":"","src":"","width":0,"height":0},"classes":[]},{"id":30115,"url":"https:\/\/sakaba.mghosteur.com\/en\/product\/dr-bronners-pure-castile-bar-soap-tea-tree\/","url_meta":{"origin":26291,"position":1},"title":"Dr. Bronners PURE-CASTILE BAR SOAP Tea Tree","author":"admin","date":"May 3, 2023","format":false,"excerpt":"Bois\u00e9 et m\u00e9dicinal, notre pain de savon Pure Castille \u00e0 l'arbre \u00e0 th\u00e9 contient de l'huile d'arbre \u00e0 th\u00e9 pure, id\u00e9ale pour les peaux \u00e0 tendance acn\u00e9ique et les pellicules\u00a0!\u00a0Le savon en barre Pure-Castile de Dr. Bronner's est fabriqu\u00e9 avec des ingr\u00e9dients certifi\u00e9s issus du commerce \u00e9quitable et de l'huile\u2026","rel":"","context":"Similar post","block_context":{"text":"Similar post","link":""},"img":{"alt_text":"","src":"","width":0,"height":0},"classes":[]},{"id":30091,"url":"https:\/\/sakaba.mghosteur.com\/en\/product\/pure-castile-liquid-soap-green-tea\/","url_meta":{"origin":26291,"position":2},"title":"Dr. Bronners PURE-CASTILE LIQUID SOAP Green Tea","author":"admin","date":"May 3, 2023","format":false,"excerpt":"D\u00e9couvrez le savon liquide Pure-Castile Green Tea de la marque Dr. Bronner ! Frais et vivifiant, ce savon est d\u00e9licatement parfum\u00e9 pour faire ressortir l'ar\u00f4me propre du savon de Castille. Concentr\u00e9, biod\u00e9gradable, polyvalent et efficace, il est fabriqu\u00e9 avec des ingr\u00e9dients biologiques et certifi\u00e9s \u00e9quitables. L'huile de graines de chanvre\u2026","rel":"","context":"Similar post","block_context":{"text":"Similar post","link":""},"img":{"alt_text":"","src":"","width":0,"height":0},"classes":[]},{"id":26289,"url":"https:\/\/sakaba.mghosteur.com\/en\/product\/glutathione-original-soap\/","url_meta":{"origin":26291,"position":3},"title":"GLUTATHIONE ORIGINAL SOAP","author":"admin","date":"November 24, 2022","format":false,"excerpt":"","rel":"","context":"Similar post","block_context":{"text":"Similar post","link":""},"img":{"alt_text":"","src":"","width":0,"height":0},"classes":[]},{"id":26324,"url":"https:\/\/sakaba.mghosteur.com\/en\/product\/glutathione-original-soap-2\/","url_meta":{"origin":26291,"position":4},"title":"GLUTATHIONE ORIGINAL SOAP","author":"admin","date":"November 24, 2022","format":false,"excerpt":"","rel":"","context":"Similar post","block_context":{"text":"Similar post","link":""},"img":{"alt_text":"","src":"","width":0,"height":0},"classes":[]},{"id":27296,"url":"https:\/\/sakaba.mghosteur.com\/en\/product\/tea-tree-squeaky-clean-scrub\/","url_meta":{"origin":26291,"position":5},"title":"TEA TREE SQUEAKY CLEAN SCRUB","author":"admin","date":"November 29, 2022","format":false,"excerpt":"","rel":"","context":"Similar post","block_context":{"text":"Similar post","link":""},"img":{"alt_text":"","src":"","width":0,"height":0},"classes":[]}],"_links":{"self":[{"href":"https:\/\/sakaba.mghosteur.com\/en\/wp-json\/wp\/v2\/product\/26291","targetHints":{"allow":["GET"]}}],"collection":[{"href":"https:\/\/sakaba.mghosteur.com\/en\/wp-json\/wp\/v2\/product"}],"about":[{"href":"https:\/\/sakaba.mghosteur.com\/en\/wp-json\/wp\/v2\/types\/product"}],"replies":[{"embeddable":true,"href":"https:\/\/sakaba.mghosteur.com\/en\/wp-json\/wp\/v2\/comments?post=26291"}],"version-history":[{"count":0,"href":"https:\/\/sakaba.mghosteur.com\/en\/wp-json\/wp\/v2\/product\/26291\/revisions"}],"wp:attachment":[{"href":"https:\/\/sakaba.mghosteur.com\/en\/wp-json\/wp\/v2\/media?parent=26291"}],"wp:term":[{"taxonomy":"product_brand","embeddable":true,"href":"https:\/\/sakaba.mghosteur.com\/en\/wp-json\/wp\/v2\/product_brand?post=26291"},{"taxonomy":"product_cat","embeddable":true,"href":"https:\/\/sakaba.mghosteur.com\/en\/wp-json\/wp\/v2\/product_cat?post=26291"},{"taxonomy":"product_tag","embeddable":true,"href":"https:\/\/sakaba.mghosteur.com\/en\/wp-json\/wp\/v2\/product_tag?post=26291"}],"curies":[{"name":"wp","href":"https:\/\/api.w.org\/{rel}","templated":true}]}}