{"id":26293,"date":"2022-11-24T17:30:56","date_gmt":"2022-11-24T17:30:56","guid":{"rendered":"http:\/\/www.sakababeauty.com\/?post_type=product&#038;p=26293"},"modified":"2022-11-24T17:30:56","modified_gmt":"2022-11-24T17:30:56","slug":"extra-strength-glutathione-with-rosehip-kojic-acid","status":"publish","type":"product","link":"https:\/\/sakaba.mghosteur.com\/en\/product\/extra-strength-glutathione-with-rosehip-kojic-acid\/","title":{"rendered":"EXTRA STRENGTH GLUTATHIONE WITH ROSEHIP KOJIC ACID"},"content":{"rendered":"","protected":false},"excerpt":{"rendered":"","protected":false},"featured_media":0,"comment_status":"closed","ping_status":"closed","template":"","meta":[],"product_brand":[],"product_cat":[358],"product_tag":[],"class_list":{"0":"post-26293","1":"product","2":"type-product","3":"status-publish","5":"product_cat-bain-douche","7":"first","8":"instock","9":"shipping-taxable","10":"product-type-simple"},"jetpack-related-posts":[{"id":26328,"url":"https:\/\/sakaba.mghosteur.com\/en\/product\/gluta-blend-whith-rosehip-and-kojic-acid\/","url_meta":{"origin":26293,"position":0},"title":"GLUTA BLEND WHITH ROSEHIP AND KOJIC ACID","author":"admin","date":"November 24, 2022","format":false,"excerpt":"","rel":"","context":"Similar post","block_context":{"text":"Similar post","link":""},"img":{"alt_text":"","src":"","width":0,"height":0},"classes":[]},{"id":26537,"url":"https:\/\/sakaba.mghosteur.com\/en\/product\/gluta-c-glutathione-and-vitamin-c-with-kojic-plus-3\/","url_meta":{"origin":26293,"position":1},"title":"GLUTA-C GLUTATHIONE AND VITAMIN C WITH KOJIC PLUS+","author":"admin","date":"November 25, 2022","format":false,"excerpt":"Gluta-C Kojic Plus+ est un syst\u00e8me de blanchiment qui offre une action blanchissante 4X plus intense gr\u00e2ce au glutathion, \u00e0 la vitamine C, \u00e0 l'acide kojique et au diglycinate d'az\u00e9loayle. Il contient \u00e9galement 3X plus d'antioxydants pour une peau plus saine, plus lisse et plus douce. Gluta-C Kojic Plus+ peut\u2026","rel":"","context":"Similar post","block_context":{"text":"Similar post","link":""},"img":{"alt_text":"","src":"","width":0,"height":0},"classes":[]},{"id":26182,"url":"https:\/\/sakaba.mghosteur.com\/en\/product\/gluta-c-glutathione-and-vitamin-c-with-kojic-plus\/","url_meta":{"origin":26293,"position":2},"title":"GLUTA-C GLUTATHIONE AND VITAMIN C WITH KOJIC PLUS+","author":"admin","date":"November 24, 2022","format":false,"excerpt":"","rel":"","context":"Similar post","block_context":{"text":"Similar post","link":""},"img":{"alt_text":"","src":"","width":0,"height":0},"classes":[]},{"id":26487,"url":"https:\/\/sakaba.mghosteur.com\/en\/product\/gluta-c-glutathione-and-vitamin-c-with-kojic-plus-2\/","url_meta":{"origin":26293,"position":3},"title":"ACNE CONTROL FACIAL WASH 4SKIN WHITENING","author":"admin","date":"November 25, 2022","format":false,"excerpt":"","rel":"","context":"Similar post","block_context":{"text":"Similar post","link":""},"img":{"alt_text":"","src":"","width":0,"height":0},"classes":[]},{"id":26322,"url":"https:\/\/sakaba.mghosteur.com\/en\/product\/triple-white-soap-with-kojic-placenta-glutathione\/","url_meta":{"origin":26293,"position":4},"title":"TRIPLE WHITE SOAP WITH KOJIC PLACENTA GLUTATHIONE","author":"admin","date":"November 24, 2022","format":false,"excerpt":"Ce savon triplement \u00e9claircissant convient aux peaux moins sensibles. Il est plus fort que le savon au glutathion ordinaire mais donne un r\u00e9sultat similaire. Si vous constatez une desquamation, celle-ci ne devrait pas durer plus d'une semaine. Ce savon est cr\u00e9\u00e9 par une m\u00e9thode de traitement \u00e0 froid pour garantir\u2026","rel":"","context":"Similar post","block_context":{"text":"Similar post","link":""},"img":{"alt_text":"","src":"","width":0,"height":0},"classes":[]},{"id":34408,"url":"https:\/\/sakaba.mghosteur.com\/en\/product\/oral-glutathione-placenta-maximum-strength\/","url_meta":{"origin":26293,"position":5},"title":"ORAL GLUTATHIONE &amp; PLACENTA MAXIMUM STRENGTH","author":"admin","date":"May 28, 2024","format":false,"excerpt":"","rel":"","context":"Similar post","block_context":{"text":"Similar post","link":""},"img":{"alt_text":"","src":"","width":0,"height":0},"classes":[]}],"_links":{"self":[{"href":"https:\/\/sakaba.mghosteur.com\/en\/wp-json\/wp\/v2\/product\/26293","targetHints":{"allow":["GET"]}}],"collection":[{"href":"https:\/\/sakaba.mghosteur.com\/en\/wp-json\/wp\/v2\/product"}],"about":[{"href":"https:\/\/sakaba.mghosteur.com\/en\/wp-json\/wp\/v2\/types\/product"}],"replies":[{"embeddable":true,"href":"https:\/\/sakaba.mghosteur.com\/en\/wp-json\/wp\/v2\/comments?post=26293"}],"version-history":[{"count":0,"href":"https:\/\/sakaba.mghosteur.com\/en\/wp-json\/wp\/v2\/product\/26293\/revisions"}],"wp:attachment":[{"href":"https:\/\/sakaba.mghosteur.com\/en\/wp-json\/wp\/v2\/media?parent=26293"}],"wp:term":[{"taxonomy":"product_brand","embeddable":true,"href":"https:\/\/sakaba.mghosteur.com\/en\/wp-json\/wp\/v2\/product_brand?post=26293"},{"taxonomy":"product_cat","embeddable":true,"href":"https:\/\/sakaba.mghosteur.com\/en\/wp-json\/wp\/v2\/product_cat?post=26293"},{"taxonomy":"product_tag","embeddable":true,"href":"https:\/\/sakaba.mghosteur.com\/en\/wp-json\/wp\/v2\/product_tag?post=26293"}],"curies":[{"name":"wp","href":"https:\/\/api.w.org\/{rel}","templated":true}]}}