{"id":26295,"date":"2022-11-24T17:32:11","date_gmt":"2022-11-24T17:32:11","guid":{"rendered":"http:\/\/www.sakababeauty.com\/?post_type=product&#038;p=26295"},"modified":"2024-08-28T03:11:16","modified_gmt":"2024-08-28T03:11:16","slug":"papaya-kojic-soap","status":"publish","type":"product","link":"https:\/\/sakaba.mghosteur.com\/en\/product\/papaya-kojic-soap\/","title":{"rendered":"PAPAYA KOJIC SOAP"},"content":{"rendered":"<p>Le savon \u00e9claircissant Koji White \u00e0 l&#8217;acide kojique et \u00e0 la papaye est un pain nettoyant qui contient de l&#8217;acide kojique et de la papaye. L&#8217;enzyme de la papaye \u00e9limine les peaux mortes, tandis que l&#8217;acide kojique illumine le teint. Il contient \u00e9galement de l&#8217;acide hyaluronique pour garder la peau hydrat\u00e9e.<\/p>","protected":false},"excerpt":{"rendered":"<p>Le savon \u00e9claircissant Koji White \u00e0 l&#8217;acide kojique et \u00e0 la papaye est un pain nettoyant qui contient de l&#8217;acide kojique et de la papaye. L&#8217;enzyme de la papaye \u00e9limine les peaux mortes, tandis que l&#8217;acide kojique illumine le teint. Il contient \u00e9galement de l&#8217;acide hyaluronique pour garder la peau hydrat\u00e9e.<\/p>","protected":false},"featured_media":0,"comment_status":"closed","ping_status":"closed","template":"","meta":[],"product_brand":[],"product_cat":[293,358,447,324,291,451],"product_tag":[],"class_list":{"0":"post-26295","1":"product","2":"type-product","3":"status-publish","5":"product_cat-anti-taches","6":"product_cat-bain-douche","7":"product_cat-aac-bain-et-corps","8":"product_cat-demaquillant-nettoyant","9":"product_cat-eclaircissant","10":"product_cat-aab-soin-du-visage","12":"first","13":"instock","14":"shipping-taxable","15":"product-type-simple"},"jetpack-related-posts":[{"id":29837,"url":"https:\/\/sakaba.mghosteur.com\/en\/product\/kojie-san-skin-lightening-kojic-acid-soap-65g\/","url_meta":{"origin":26295,"position":0},"title":"Kojie San Skin Lightening Kojic Acid Soap &#8211; 65g","author":"admin","date":"April 26, 2023","format":false,"excerpt":"Le Savon \u00e9claircissant \u00e0 l'acide kojique de Kojie San - 65g est un produit unique qui m\u00e9lange des ingr\u00e9dients blanchissants efficaces avec de l'huile de noix de coco nourrissante et un parfum d'orange frais. Il est con\u00e7u pour r\u00e9duire rapidement et en toute s\u00e9curit\u00e9 l'apparence des taches brunes, de la\u2026","rel":"","context":"Similar post","block_context":{"text":"Similar post","link":""},"img":{"alt_text":"","src":"","width":0,"height":0},"classes":[]},{"id":29827,"url":"https:\/\/sakaba.mghosteur.com\/en\/product\/kojie-san-skin-lightening-kojic-acid-soap-2-bars-65g-super-savings\/","url_meta":{"origin":26295,"position":1},"title":"Kojie San Skin Lightening Kojic Acid Soap 2 Bars &#8211; 65g-SUPER SAVINGS","author":"admin","date":"April 26, 2023","format":false,"excerpt":"Le savon \u00e9claircissant pour la peau Kojie San est une solution efficace pour r\u00e9duire l'apparence des taches brunes, de la d\u00e9coloration et d'autres imperfections cutan\u00e9es. Sa formulation unique m\u00e9lange des ingr\u00e9dients blanchissants \u00e0 base d'acide kojique avec de l'huile de noix de coco nourrissante et un parfum d'orange frais pour\u2026","rel":"","context":"Similar post","block_context":{"text":"Similar post","link":""},"img":{"alt_text":"","src":"","width":0,"height":0},"classes":[]},{"id":31444,"url":"https:\/\/sakaba.mghosteur.com\/en\/product\/kojie-san-skin-lightening-kojic-acid-soap-3-bars-65g-x-3\/","url_meta":{"origin":26295,"position":2},"title":"Kojie San Skin Lightening Kojic Acid Soap 3 Bars 65g x 3","author":"admin","date":"May 10, 2024","format":false,"excerpt":"D\u00e9couvrez le savon \u00e9claircissant pour la peau Kojie San - 65 g, une formule originale \u00e0 base d'acide kojique qui allie des ingr\u00e9dients blanchissants efficaces \u00e0 de l'huile de noix de coco nourrissante et un parfum d'orange frais. L'acide kojique, d\u00e9couvert lors de la transformation du riz pour la fabrication\u2026","rel":"","context":"Similar post","block_context":{"text":"Similar post","link":""},"img":{"alt_text":"","src":"","width":0,"height":0},"classes":[]},{"id":26780,"url":"https:\/\/sakaba.mghosteur.com\/en\/product\/kojic-san-skinlightening-soap-135g\/","url_meta":{"origin":26295,"position":3},"title":"Kojie San Skin Lightening Kojic Acid Soap &#8211; 135G","author":"admin","date":"November 28, 2022","format":false,"excerpt":"D\u00e9couvrez le Savon Eclaircissant Kojie San, un produit de beaut\u00e9 de qualit\u00e9 de 135g qui contient de l'acide kojique comme ingr\u00e9dient actif principal. Cet ingr\u00e9dient naturel de haute qualit\u00e9 aide \u00e0 pr\u00e9venir la production de m\u00e9lanine, rendant ainsi votre peau plus claire et plus l\u00e9g\u00e8re. Le savon Kojie San est\u2026","rel":"","context":"Similar post","block_context":{"text":"Similar post","link":""},"img":{"alt_text":"","src":"","width":0,"height":0},"classes":[]},{"id":29871,"url":"https:\/\/sakaba.mghosteur.com\/en\/product\/kojie-san-skin-lightening-kojic-acid-soap-3-bars-100g\/","url_meta":{"origin":26295,"position":4},"title":"Kojie San Skin Lightening Kojic Acid Soap 3 Bars &#8211; 100g","author":"admin","date":"April 26, 2023","format":false,"excerpt":"D\u00e9couvrez les avantages du Savon Eclaircissant Kojic Acid de Kojie San, avec une formule unique m\u00e9langeant des ingr\u00e9dients \u00e9claircissants efficaces \u00e0 l'huile de noix de coco nourrissante et un parfum frais d'orange. La marque Kojie San a d\u00e9couvert l'acide kojique en traitant du riz pour produire du vin japonais. Les\u2026","rel":"","context":"Similar post","block_context":{"text":"Similar post","link":""},"img":{"alt_text":"","src":"","width":0,"height":0},"classes":[]},{"id":26364,"url":"https:\/\/sakaba.mghosteur.com\/en\/product\/naturium-multi-bright-tranexamic-acid-treatment-5\/","url_meta":{"origin":26295,"position":5},"title":"NATURIUM MULTI BRIGHT TRANEXAMIC ACID TREATMENT 5%","author":"admin","date":"November 25, 2022","format":false,"excerpt":"Le s\u00e9rum topique \u00e0 l'acide tranexamique est formul\u00e9 avec un niveau puissant d'acide tranexamique, ainsi que de l'acide kojique, de la niacinamide et de l'extrait de racine de r\u00e9glisse pour aider \u00e0 att\u00e9nuer l'apparence des taches brunes, pour une peau plus lumineuse. Il est cliniquement prouv\u00e9 que notre acide topique\u2026","rel":"","context":"Similar post","block_context":{"text":"Similar post","link":""},"img":{"alt_text":"","src":"","width":0,"height":0},"classes":[]}],"_links":{"self":[{"href":"https:\/\/sakaba.mghosteur.com\/en\/wp-json\/wp\/v2\/product\/26295","targetHints":{"allow":["GET"]}}],"collection":[{"href":"https:\/\/sakaba.mghosteur.com\/en\/wp-json\/wp\/v2\/product"}],"about":[{"href":"https:\/\/sakaba.mghosteur.com\/en\/wp-json\/wp\/v2\/types\/product"}],"replies":[{"embeddable":true,"href":"https:\/\/sakaba.mghosteur.com\/en\/wp-json\/wp\/v2\/comments?post=26295"}],"version-history":[{"count":0,"href":"https:\/\/sakaba.mghosteur.com\/en\/wp-json\/wp\/v2\/product\/26295\/revisions"}],"wp:attachment":[{"href":"https:\/\/sakaba.mghosteur.com\/en\/wp-json\/wp\/v2\/media?parent=26295"}],"wp:term":[{"taxonomy":"product_brand","embeddable":true,"href":"https:\/\/sakaba.mghosteur.com\/en\/wp-json\/wp\/v2\/product_brand?post=26295"},{"taxonomy":"product_cat","embeddable":true,"href":"https:\/\/sakaba.mghosteur.com\/en\/wp-json\/wp\/v2\/product_cat?post=26295"},{"taxonomy":"product_tag","embeddable":true,"href":"https:\/\/sakaba.mghosteur.com\/en\/wp-json\/wp\/v2\/product_tag?post=26295"}],"curies":[{"name":"wp","href":"https:\/\/api.w.org\/{rel}","templated":true}]}}