{"id":26322,"date":"2022-11-24T17:43:34","date_gmt":"2022-11-24T17:43:34","guid":{"rendered":"http:\/\/www.sakababeauty.com\/?post_type=product&#038;p=26322"},"modified":"2024-08-28T03:13:09","modified_gmt":"2024-08-28T03:13:09","slug":"triple-white-soap-with-kojic-placenta-glutathione","status":"publish","type":"product","link":"https:\/\/sakaba.mghosteur.com\/en\/product\/triple-white-soap-with-kojic-placenta-glutathione\/","title":{"rendered":"TRIPLE WHITE SOAP WITH KOJIC PLACENTA GLUTATHIONE"},"content":{"rendered":"<p>Ce savon triplement \u00e9claircissant convient aux peaux moins sensibles. Il est plus fort que le savon au glutathion ordinaire mais donne un r\u00e9sultat similaire. Si vous constatez une desquamation, celle-ci ne devrait pas durer plus d&#8217;une semaine. Ce savon est cr\u00e9\u00e9 par une m\u00e9thode de traitement \u00e0 froid pour garantir la conservation des nutriments pr\u00e9cieux. D\u00e9licatement parfum\u00e9, id\u00e9al pour la plupart des types de peau. Efficace et s\u00fbr. Obtenez une peau impeccable, sans imperfections, plus blanche, plus lisse et plus jeune en un rien de temps et ressentez la diff\u00e9rence sur votre peau d\u00e8s la premi\u00e8re utilisation<\/p>","protected":false},"excerpt":{"rendered":"<p>Ce savon triplement \u00e9claircissant convient aux peaux moins sensibles. Il est plus fort que le savon au glutathion ordinaire mais donne un r\u00e9sultat similaire. Si vous constatez une desquamation, celle-ci ne devrait pas durer plus d&#8217;une semaine. Ce savon est cr\u00e9\u00e9 par une m\u00e9thode de traitement \u00e0 froid pour garantir la conservation des nutriments pr\u00e9cieux.<span class=\"read-more-faq\"><a href=\"https:\/\/sakaba.mghosteur.com\/en\/product\/triple-white-soap-with-kojic-placenta-glutathione\/\">Read More<\/a><\/span><\/p>","protected":false},"featured_media":0,"comment_status":"closed","ping_status":"closed","template":"","meta":[],"product_brand":[],"product_cat":[293,358,447,324,291,451],"product_tag":[],"class_list":{"0":"post-26322","1":"product","2":"type-product","3":"status-publish","5":"product_cat-anti-taches","6":"product_cat-bain-douche","7":"product_cat-aac-bain-et-corps","8":"product_cat-demaquillant-nettoyant","9":"product_cat-eclaircissant","10":"product_cat-aab-soin-du-visage","12":"first","13":"instock","14":"shipping-taxable","15":"product-type-simple"},"jetpack-related-posts":[{"id":26780,"url":"https:\/\/sakaba.mghosteur.com\/en\/product\/kojic-san-skinlightening-soap-135g\/","url_meta":{"origin":26322,"position":0},"title":"Kojie San Skin Lightening Kojic Acid Soap &#8211; 135G","author":"admin","date":"November 28, 2022","format":false,"excerpt":"D\u00e9couvrez le Savon Eclaircissant Kojie San, un produit de beaut\u00e9 de qualit\u00e9 de 135g qui contient de l'acide kojique comme ingr\u00e9dient actif principal. Cet ingr\u00e9dient naturel de haute qualit\u00e9 aide \u00e0 pr\u00e9venir la production de m\u00e9lanine, rendant ainsi votre peau plus claire et plus l\u00e9g\u00e8re. Le savon Kojie San est\u2026","rel":"","context":"Similar post","block_context":{"text":"Similar post","link":""},"img":{"alt_text":"","src":"","width":0,"height":0},"classes":[]},{"id":23822,"url":"https:\/\/sakaba.mghosteur.com\/en\/product\/satin-skinz-glutathione-plus-astaxanthin-plus\/","url_meta":{"origin":26322,"position":1},"title":"SATIN SKINZ GLUTATHIONE PLUS ASTAXANTHIN PLUS","author":"admin","date":"November 8, 2022","format":false,"excerpt":"Satin Skinz Glutathione Plus & Astaxanthin Plus est un produit de beaut\u00e9 innovant qui offre une multitude d'avantages pour votre peau. Ce produit de la marque Satin Skinz est compos\u00e9 d'un m\u00e9lange d'ingr\u00e9dients soigneusement s\u00e9lectionn\u00e9s pour vous aider \u00e0 obtenir une peau plus jeune et plus lumineuse. Le glutathion est\u2026","rel":"","context":"Similar post","block_context":{"text":"Similar post","link":""},"img":{"alt_text":"","src":"","width":0,"height":0},"classes":[]},{"id":29844,"url":"https:\/\/sakaba.mghosteur.com\/en\/product\/kojie-san-dream-white-soap-2-bars-65g\/","url_meta":{"origin":26322,"position":2},"title":"Kojie San Dream White Soap 2 Bars &#8211; 65g","author":"admin","date":"April 26, 2023","format":false,"excerpt":"D\u00e9couvrez le savon Kojie San Dream White Soap - 65g, un produit de beaut\u00e9 qui \u00e9claircit la peau tout en r\u00e9duisant l'apparence des signes de vieillissement. Ce savon contient du collag\u00e8ne et de l'\u00e9lastine, des substances pr\u00e9sentes dans la peau qui contribuent \u00e0 une apparence plus jeune. Il remplace les\u2026","rel":"","context":"Similar post","block_context":{"text":"Similar post","link":""},"img":{"alt_text":"","src":"","width":0,"height":0},"classes":[]},{"id":26537,"url":"https:\/\/sakaba.mghosteur.com\/en\/product\/gluta-c-glutathione-and-vitamin-c-with-kojic-plus-3\/","url_meta":{"origin":26322,"position":3},"title":"GLUTA-C GLUTATHIONE AND VITAMIN C WITH KOJIC PLUS+","author":"admin","date":"November 25, 2022","format":false,"excerpt":"Gluta-C Kojic Plus+ est un syst\u00e8me de blanchiment qui offre une action blanchissante 4X plus intense gr\u00e2ce au glutathion, \u00e0 la vitamine C, \u00e0 l'acide kojique et au diglycinate d'az\u00e9loayle. Il contient \u00e9galement 3X plus d'antioxydants pour une peau plus saine, plus lisse et plus douce. Gluta-C Kojic Plus+ peut\u2026","rel":"","context":"Similar post","block_context":{"text":"Similar post","link":""},"img":{"alt_text":"","src":"","width":0,"height":0},"classes":[]},{"id":29871,"url":"https:\/\/sakaba.mghosteur.com\/en\/product\/kojie-san-skin-lightening-kojic-acid-soap-3-bars-100g\/","url_meta":{"origin":26322,"position":4},"title":"Kojie San Skin Lightening Kojic Acid Soap 3 Bars &#8211; 100g","author":"admin","date":"April 26, 2023","format":false,"excerpt":"D\u00e9couvrez les avantages du Savon Eclaircissant Kojic Acid de Kojie San, avec une formule unique m\u00e9langeant des ingr\u00e9dients \u00e9claircissants efficaces \u00e0 l'huile de noix de coco nourrissante et un parfum frais d'orange. La marque Kojie San a d\u00e9couvert l'acide kojique en traitant du riz pour produire du vin japonais. Les\u2026","rel":"","context":"Similar post","block_context":{"text":"Similar post","link":""},"img":{"alt_text":"","src":"","width":0,"height":0},"classes":[]},{"id":26794,"url":"https:\/\/sakaba.mghosteur.com\/en\/product\/kojic-san-skin-lightening-soap-3-pieces\/","url_meta":{"origin":26322,"position":5},"title":"Kojie San Skin Lightening Kojic Acid Soap 3 Bars","author":"admin","date":"November 28, 2022","format":false,"excerpt":"D\u00e9couvrez le Kojie San Skin Lightening Kojic Acid Soap 3 Bars, un savon \u00e9claircissant de qualit\u00e9 de 65g qui allie des ingr\u00e9dients \u00e9claircissants efficaces avec de l'huile de noix de coco nourrissante et un parfum d'orange frais. La formulation du Kojic acid a \u00e9t\u00e9 d\u00e9couverte lors du traitement du riz\u2026","rel":"","context":"Similar post","block_context":{"text":"Similar post","link":""},"img":{"alt_text":"","src":"","width":0,"height":0},"classes":[]}],"_links":{"self":[{"href":"https:\/\/sakaba.mghosteur.com\/en\/wp-json\/wp\/v2\/product\/26322","targetHints":{"allow":["GET"]}}],"collection":[{"href":"https:\/\/sakaba.mghosteur.com\/en\/wp-json\/wp\/v2\/product"}],"about":[{"href":"https:\/\/sakaba.mghosteur.com\/en\/wp-json\/wp\/v2\/types\/product"}],"replies":[{"embeddable":true,"href":"https:\/\/sakaba.mghosteur.com\/en\/wp-json\/wp\/v2\/comments?post=26322"}],"version-history":[{"count":0,"href":"https:\/\/sakaba.mghosteur.com\/en\/wp-json\/wp\/v2\/product\/26322\/revisions"}],"wp:attachment":[{"href":"https:\/\/sakaba.mghosteur.com\/en\/wp-json\/wp\/v2\/media?parent=26322"}],"wp:term":[{"taxonomy":"product_brand","embeddable":true,"href":"https:\/\/sakaba.mghosteur.com\/en\/wp-json\/wp\/v2\/product_brand?post=26322"},{"taxonomy":"product_cat","embeddable":true,"href":"https:\/\/sakaba.mghosteur.com\/en\/wp-json\/wp\/v2\/product_cat?post=26322"},{"taxonomy":"product_tag","embeddable":true,"href":"https:\/\/sakaba.mghosteur.com\/en\/wp-json\/wp\/v2\/product_tag?post=26322"}],"curies":[{"name":"wp","href":"https:\/\/api.w.org\/{rel}","templated":true}]}}