{"id":26328,"date":"2022-11-24T17:50:56","date_gmt":"2022-11-24T17:50:56","guid":{"rendered":"http:\/\/www.sakababeauty.com\/?post_type=product&#038;p=26328"},"modified":"2022-11-24T17:50:56","modified_gmt":"2022-11-24T17:50:56","slug":"gluta-blend-whith-rosehip-and-kojic-acid","status":"publish","type":"product","link":"https:\/\/sakaba.mghosteur.com\/en\/product\/gluta-blend-whith-rosehip-and-kojic-acid\/","title":{"rendered":"GLUTA BLEND WHITH ROSEHIP AND KOJIC ACID"},"content":{"rendered":"","protected":false},"excerpt":{"rendered":"","protected":false},"featured_media":0,"comment_status":"closed","ping_status":"closed","template":"","meta":[],"product_brand":[],"product_cat":[358],"product_tag":[],"class_list":{"0":"post-26328","1":"product","2":"type-product","3":"status-publish","5":"product_cat-bain-douche","7":"first","8":"instock","9":"shipping-taxable","10":"product-type-simple"},"jetpack-related-posts":[{"id":26293,"url":"https:\/\/sakaba.mghosteur.com\/en\/product\/extra-strength-glutathione-with-rosehip-kojic-acid\/","url_meta":{"origin":26328,"position":0},"title":"EXTRA STRENGTH GLUTATHIONE WITH ROSEHIP KOJIC ACID","author":"admin","date":"November 24, 2022","format":false,"excerpt":"","rel":"","context":"Similar post","block_context":{"text":"Similar post","link":""},"img":{"alt_text":"","src":"","width":0,"height":0},"classes":[]},{"id":26537,"url":"https:\/\/sakaba.mghosteur.com\/en\/product\/gluta-c-glutathione-and-vitamin-c-with-kojic-plus-3\/","url_meta":{"origin":26328,"position":1},"title":"GLUTA-C GLUTATHIONE AND VITAMIN C WITH KOJIC PLUS+","author":"admin","date":"November 25, 2022","format":false,"excerpt":"Gluta-C Kojic Plus+ est un syst\u00e8me de blanchiment qui offre une action blanchissante 4X plus intense gr\u00e2ce au glutathion, \u00e0 la vitamine C, \u00e0 l'acide kojique et au diglycinate d'az\u00e9loayle. Il contient \u00e9galement 3X plus d'antioxydants pour une peau plus saine, plus lisse et plus douce. Gluta-C Kojic Plus+ peut\u2026","rel":"","context":"Similar post","block_context":{"text":"Similar post","link":""},"img":{"alt_text":"","src":"","width":0,"height":0},"classes":[]},{"id":26182,"url":"https:\/\/sakaba.mghosteur.com\/en\/product\/gluta-c-glutathione-and-vitamin-c-with-kojic-plus\/","url_meta":{"origin":26328,"position":2},"title":"GLUTA-C GLUTATHIONE AND VITAMIN C WITH KOJIC PLUS+","author":"admin","date":"November 24, 2022","format":false,"excerpt":"","rel":"","context":"Similar post","block_context":{"text":"Similar post","link":""},"img":{"alt_text":"","src":"","width":0,"height":0},"classes":[]},{"id":26487,"url":"https:\/\/sakaba.mghosteur.com\/en\/product\/gluta-c-glutathione-and-vitamin-c-with-kojic-plus-2\/","url_meta":{"origin":26328,"position":3},"title":"ACNE CONTROL FACIAL WASH 4SKIN WHITENING","author":"admin","date":"November 25, 2022","format":false,"excerpt":"","rel":"","context":"Similar post","block_context":{"text":"Similar post","link":""},"img":{"alt_text":"","src":"","width":0,"height":0},"classes":[]},{"id":34414,"url":"https:\/\/sakaba.mghosteur.com\/en\/product\/papaya-kojic-blend-advance-white-soap\/","url_meta":{"origin":26328,"position":4},"title":"PAPAYA KOJIC BLEND ADVANCE WHITE SOAP","author":"admin","date":"May 28, 2024","format":false,"excerpt":"","rel":"","context":"Similar post","block_context":{"text":"Similar post","link":""},"img":{"alt_text":"","src":"","width":0,"height":0},"classes":[]},{"id":26263,"url":"https:\/\/sakaba.mghosteur.com\/en\/product\/belo-kojic-acid-tranexamic-acid\/","url_meta":{"origin":26328,"position":5},"title":"BELO KOJIC ACID +TRANEXAMIC ACID","author":"admin","date":"November 24, 2022","format":false,"excerpt":"","rel":"","context":"Similar post","block_context":{"text":"Similar post","link":""},"img":{"alt_text":"","src":"","width":0,"height":0},"classes":[]}],"_links":{"self":[{"href":"https:\/\/sakaba.mghosteur.com\/en\/wp-json\/wp\/v2\/product\/26328","targetHints":{"allow":["GET"]}}],"collection":[{"href":"https:\/\/sakaba.mghosteur.com\/en\/wp-json\/wp\/v2\/product"}],"about":[{"href":"https:\/\/sakaba.mghosteur.com\/en\/wp-json\/wp\/v2\/types\/product"}],"replies":[{"embeddable":true,"href":"https:\/\/sakaba.mghosteur.com\/en\/wp-json\/wp\/v2\/comments?post=26328"}],"version-history":[{"count":0,"href":"https:\/\/sakaba.mghosteur.com\/en\/wp-json\/wp\/v2\/product\/26328\/revisions"}],"wp:attachment":[{"href":"https:\/\/sakaba.mghosteur.com\/en\/wp-json\/wp\/v2\/media?parent=26328"}],"wp:term":[{"taxonomy":"product_brand","embeddable":true,"href":"https:\/\/sakaba.mghosteur.com\/en\/wp-json\/wp\/v2\/product_brand?post=26328"},{"taxonomy":"product_cat","embeddable":true,"href":"https:\/\/sakaba.mghosteur.com\/en\/wp-json\/wp\/v2\/product_cat?post=26328"},{"taxonomy":"product_tag","embeddable":true,"href":"https:\/\/sakaba.mghosteur.com\/en\/wp-json\/wp\/v2\/product_tag?post=26328"}],"curies":[{"name":"wp","href":"https:\/\/api.w.org\/{rel}","templated":true}]}}