{"id":26342,"date":"2022-11-25T10:32:56","date_gmt":"2022-11-25T10:32:56","guid":{"rendered":"http:\/\/www.sakababeauty.com\/?post_type=product&#038;p=26342"},"modified":"2023-04-04T12:01:55","modified_gmt":"2023-04-04T12:01:55","slug":"paulas-choice-pore-reducing-toner-with-niacinamid","status":"publish","type":"product","link":"https:\/\/sakaba.mghosteur.com\/en\/product\/paulas-choice-pore-reducing-toner-with-niacinamid\/","title":{"rendered":"PAULA&#8217;S CHOICE PORE REDUCING TONER with niacinamid"},"content":{"rendered":"<p>Le Tonique r\u00e9ducteur de pores de la marque Paula&#8217;s Choice est un tonique facial quotidien qui peut aider \u00e0 \u00e9quilibrer la peau grasse tout en r\u00e9duisant l&#8217;apparence des pores dilat\u00e9s. Cette formule fluide l\u00e9g\u00e8re est facile \u00e0 utiliser et peut \u00eatre appliqu\u00e9e deux fois par jour apr\u00e8s avoir nettoy\u00e9 la peau. En plus de minimiser l&#8217;apparence des pores, ce tonique peut \u00e9galement rafra\u00eechir et nourrir la peau en lui apportant une hydratation l\u00e9g\u00e8re.<\/p>","protected":false},"excerpt":{"rendered":"<p>Le Tonique r\u00e9ducteur de pores de la marque Paula&#8217;s Choice est un tonique facial quotidien qui peut aider \u00e0 \u00e9quilibrer la peau grasse tout en r\u00e9duisant l&#8217;apparence des pores dilat\u00e9s. Cette formule fluide l\u00e9g\u00e8re est facile \u00e0 utiliser et peut \u00eatre appliqu\u00e9e deux fois par jour apr\u00e8s avoir nettoy\u00e9 la peau. En plus de minimiser<span class=\"read-more-faq\"><a href=\"https:\/\/sakaba.mghosteur.com\/en\/product\/paulas-choice-pore-reducing-toner-with-niacinamid\/\">Read More<\/a><\/span><\/p>","protected":false},"featured_media":0,"comment_status":"closed","ping_status":"closed","template":"","meta":[],"product_brand":[],"product_cat":[377],"product_tag":[],"class_list":{"0":"post-26342","1":"product","2":"type-product","3":"status-publish","5":"product_cat-bath-body-works","7":"first","8":"instock","9":"shipping-taxable","10":"product-type-simple"},"jetpack-related-posts":[{"id":26868,"url":"https:\/\/sakaba.mghosteur.com\/en\/product\/paula-choice-2-bha-liquid-exfoliant\/","url_meta":{"origin":26342,"position":0},"title":"PAULA CHOICE 2% BHA LIQUID EXFOLIANT","author":"admin","date":"November 28, 2022","format":false,"excerpt":"Le produit num\u00e9ro 1 de la marque Paula's Choice, cet exfoliant liquide 2% BHA est un favori culte qui nettoie en profondeur les pores, lisse les rides et unifie le teint de la peau. Sa formule douce sans rin\u00e7age \u00e0 base d'acide salicylique \u00e9prouv\u00e9 en clinique permet de d\u00e9sobstruer rapidement\u2026","rel":"","context":"Similar post","block_context":{"text":"Similar post","link":""},"img":{"alt_text":"","src":"","width":0,"height":0},"classes":[]},{"id":26889,"url":"https:\/\/sakaba.mghosteur.com\/en\/product\/paulas-choice-antioxidant-pore-purifier\/","url_meta":{"origin":26342,"position":1},"title":"PAULA&#8217;S CHOICE ANTIOXIDANT PORE PURIFIER","author":"admin","date":"November 28, 2022","format":false,"excerpt":"Le Defense Antioxidant Pore Purifier de Paula's Choice est un traitement illuminant pour tous types de peaux. Ce produit est con\u00e7u pour aider \u00e0 r\u00e9duire les signes de l'\u00e2ge, am\u00e9liorer l'apparence des pores dilat\u00e9s et redonner de l'\u00e9clat \u00e0 la peau terne. Il est \u00e9galement formul\u00e9 pour prot\u00e9ger la peau\u2026","rel":"","context":"Similar post","block_context":{"text":"Similar post","link":""},"img":{"alt_text":"","src":"","width":0,"height":0},"classes":[]},{"id":26370,"url":"https:\/\/sakaba.mghosteur.com\/en\/product\/paulas-choice-invisible-finish-moisture-gel\/","url_meta":{"origin":26342,"position":2},"title":"PAULA&#8217;S CHOICE INVISIBLE FINISH MOISTURE GEL","author":"admin","date":"November 25, 2022","format":false,"excerpt":"Le gel hydratant finition invisible de la marque Paula's Choice est un produit essentiel pour hydrater votre peau et minimiser l'apparence des pores. Sa formule l\u00e9g\u00e8re en gel rafra\u00eechit et hydrate votre peau tout en fournissant des antioxydants pour aider \u00e0 se prot\u00e9ger contre les agressions environnementales. Utilisez-le comme derni\u00e8re\u2026","rel":"","context":"Similar post","block_context":{"text":"Similar post","link":""},"img":{"alt_text":"","src":"","width":0,"height":0},"classes":[]},{"id":26358,"url":"https:\/\/sakaba.mghosteur.com\/en\/product\/paulas-choice-anti-redness-exfoliating-solution\/","url_meta":{"origin":26342,"position":3},"title":"PAULA&#8217;S CHOICE ANTI REDNESS EXFOLIATING SOLUTION","author":"admin","date":"November 25, 2022","format":false,"excerpt":"La Solution exfoliante anti-rougeurs de force r\u00e9guli\u00e8re avec 2% d'acide salicylique de la marque Paula's Choice est un produit de soin de la peau id\u00e9al pour les personnes souffrant d'acn\u00e9 l\u00e9g\u00e8re \u00e0 mod\u00e9r\u00e9e. Cette solution douce et sans rin\u00e7age contient de l'acide salicylique qui aide \u00e0 \u00e9liminer les \u00e9ruptions cutan\u00e9es,\u2026","rel":"","context":"Similar post","block_context":{"text":"Similar post","link":""},"img":{"alt_text":"","src":"","width":0,"height":0},"classes":[]},{"id":26862,"url":"https:\/\/sakaba.mghosteur.com\/en\/product\/paula-choice-10-niacinamide-booster\/","url_meta":{"origin":26342,"position":4},"title":"PAULA  CHOICE 10% NIACINAMIDE BOOSTER","author":"admin","date":"November 28, 2022","format":false,"excerpt":"Le 10% Niacinamide Booster de Paula's Choice est un s\u00e9rum concentr\u00e9 qui am\u00e9liore la texture de la peau, affine la taille des pores et r\u00e9duit les ridules. Ce produit contient 10% de niacinamide (vitamine B3) qui favorise une apparence plus lumineuse et plus jeune de la peau. La formule est\u2026","rel":"","context":"Similar post","block_context":{"text":"Similar post","link":""},"img":{"alt_text":"","src":"","width":0,"height":0},"classes":[]},{"id":26344,"url":"https:\/\/sakaba.mghosteur.com\/en\/product\/paulas-choice-enriched-calming-toner-with-vitamin-eprimrose\/","url_meta":{"origin":26342,"position":5},"title":"PAULA&#8217;S CHOICE ENRICHED CALMING TONER WITH VITAMIN E+PRIMROSE","author":"admin","date":"November 25, 2022","format":false,"excerpt":"Le Tonique Calmant Enrichi de la marque Paula's Choice est un toner hydratant qui apaise la peau s\u00e8che et squameuse, tout en revitalisant et en restaurant l'humidit\u00e9 perdue. Cette formule lact\u00e9e et hydratante nourrit et r\u00e9conforte les peaux s\u00e8ches, gr\u00e2ce aux huiles v\u00e9g\u00e9tales riches en antioxydants qui apaisent et prot\u00e8gent\u2026","rel":"","context":"Similar post","block_context":{"text":"Similar post","link":""},"img":{"alt_text":"","src":"","width":0,"height":0},"classes":[]}],"_links":{"self":[{"href":"https:\/\/sakaba.mghosteur.com\/en\/wp-json\/wp\/v2\/product\/26342","targetHints":{"allow":["GET"]}}],"collection":[{"href":"https:\/\/sakaba.mghosteur.com\/en\/wp-json\/wp\/v2\/product"}],"about":[{"href":"https:\/\/sakaba.mghosteur.com\/en\/wp-json\/wp\/v2\/types\/product"}],"replies":[{"embeddable":true,"href":"https:\/\/sakaba.mghosteur.com\/en\/wp-json\/wp\/v2\/comments?post=26342"}],"version-history":[{"count":0,"href":"https:\/\/sakaba.mghosteur.com\/en\/wp-json\/wp\/v2\/product\/26342\/revisions"}],"wp:attachment":[{"href":"https:\/\/sakaba.mghosteur.com\/en\/wp-json\/wp\/v2\/media?parent=26342"}],"wp:term":[{"taxonomy":"product_brand","embeddable":true,"href":"https:\/\/sakaba.mghosteur.com\/en\/wp-json\/wp\/v2\/product_brand?post=26342"},{"taxonomy":"product_cat","embeddable":true,"href":"https:\/\/sakaba.mghosteur.com\/en\/wp-json\/wp\/v2\/product_cat?post=26342"},{"taxonomy":"product_tag","embeddable":true,"href":"https:\/\/sakaba.mghosteur.com\/en\/wp-json\/wp\/v2\/product_tag?post=26342"}],"curies":[{"name":"wp","href":"https:\/\/api.w.org\/{rel}","templated":true}]}}