{"id":26344,"date":"2022-11-25T10:43:23","date_gmt":"2022-11-25T10:43:23","guid":{"rendered":"http:\/\/www.sakababeauty.com\/?post_type=product&#038;p=26344"},"modified":"2023-03-25T12:52:40","modified_gmt":"2023-03-25T12:52:40","slug":"paulas-choice-enriched-calming-toner-with-vitamin-eprimrose","status":"publish","type":"product","link":"https:\/\/sakaba.mghosteur.com\/en\/product\/paulas-choice-enriched-calming-toner-with-vitamin-eprimrose\/","title":{"rendered":"PAULA&#8217;S CHOICE ENRICHED CALMING TONER WITH VITAMIN E+PRIMROSE"},"content":{"rendered":"<p>Le Tonique Calmant Enrichi de la marque Paula&#8217;s Choice est un toner hydratant qui apaise la peau s\u00e8che et squameuse, tout en revitalisant et en restaurant l&#8217;humidit\u00e9 perdue. Cette formule lact\u00e9e et hydratante nourrit et r\u00e9conforte les peaux s\u00e8ches, gr\u00e2ce aux huiles v\u00e9g\u00e9tales riches en antioxydants qui apaisent et prot\u00e8gent la peau. Ce toner est facile \u00e0 utiliser : il suffit de l&#8217;appliquer deux fois par jour apr\u00e8s avoir nettoy\u00e9 la peau. Avec ce toner, votre peau sera douce, lisse et lumineuse.<\/p>","protected":false},"excerpt":{"rendered":"<p>Le Tonique Calmant Enrichi de la marque Paula&#8217;s Choice est un toner hydratant qui apaise la peau s\u00e8che et squameuse, tout en revitalisant et en restaurant l&#8217;humidit\u00e9 perdue. Cette formule lact\u00e9e et hydratante nourrit et r\u00e9conforte les peaux s\u00e8ches, gr\u00e2ce aux huiles v\u00e9g\u00e9tales riches en antioxydants qui apaisent et prot\u00e8gent la peau. Ce toner est<span class=\"read-more-faq\"><a href=\"https:\/\/sakaba.mghosteur.com\/en\/product\/paulas-choice-enriched-calming-toner-with-vitamin-eprimrose\/\">Read More<\/a><\/span><\/p>","protected":false},"featured_media":0,"comment_status":"closed","ping_status":"closed","template":"","meta":[],"product_brand":[],"product_cat":[377],"product_tag":[],"class_list":{"0":"post-26344","1":"product","2":"type-product","3":"status-publish","5":"product_cat-bath-body-works","7":"first","8":"instock","9":"shipping-taxable","10":"product-type-simple"},"jetpack-related-posts":[{"id":26342,"url":"https:\/\/sakaba.mghosteur.com\/en\/product\/paulas-choice-pore-reducing-toner-with-niacinamid\/","url_meta":{"origin":26344,"position":0},"title":"PAULA&#8217;S CHOICE PORE REDUCING TONER with niacinamid","author":"admin","date":"November 25, 2022","format":false,"excerpt":"Le Tonique r\u00e9ducteur de pores de la marque Paula's Choice est un tonique facial quotidien qui peut aider \u00e0 \u00e9quilibrer la peau grasse tout en r\u00e9duisant l'apparence des pores dilat\u00e9s. Cette formule fluide l\u00e9g\u00e8re est facile \u00e0 utiliser et peut \u00eatre appliqu\u00e9e deux fois par jour apr\u00e8s avoir nettoy\u00e9 la\u2026","rel":"","context":"Similar post","block_context":{"text":"Similar post","link":""},"img":{"alt_text":"","src":"","width":0,"height":0},"classes":[]},{"id":26370,"url":"https:\/\/sakaba.mghosteur.com\/en\/product\/paulas-choice-invisible-finish-moisture-gel\/","url_meta":{"origin":26344,"position":1},"title":"PAULA&#8217;S CHOICE INVISIBLE FINISH MOISTURE GEL","author":"admin","date":"November 25, 2022","format":false,"excerpt":"Le gel hydratant finition invisible de la marque Paula's Choice est un produit essentiel pour hydrater votre peau et minimiser l'apparence des pores. Sa formule l\u00e9g\u00e8re en gel rafra\u00eechit et hydrate votre peau tout en fournissant des antioxydants pour aider \u00e0 se prot\u00e9ger contre les agressions environnementales. Utilisez-le comme derni\u00e8re\u2026","rel":"","context":"Similar post","block_context":{"text":"Similar post","link":""},"img":{"alt_text":"","src":"","width":0,"height":0},"classes":[]},{"id":29413,"url":"https:\/\/sakaba.mghosteur.com\/en\/product\/paula-choice-water-infusing-moisturizer\/","url_meta":{"origin":26344,"position":2},"title":"PAULA CHOICE WATER-INFUSING MOISTURIZER","author":"admin","date":"April 4, 2023","format":false,"excerpt":"D\u00e9couvrez l'hydratant aux \u00e9lectrolytes infusant d'eau de la marque Paula's Choice, un produit qui permet de r\u00e9hydrater votre peau en profondeur pour un r\u00e9sultat durable et un aspect ros\u00e9 et repulp\u00e9 instantan\u00e9. Gr\u00e2ce \u00e0 sa formule rafra\u00eechissante et l\u00e9g\u00e8re, cet hydratant recharge votre peau en \u00e9lectrolytes essentiels tels que le\u2026","rel":"","context":"Similar post","block_context":{"text":"Similar post","link":""},"img":{"alt_text":"","src":"","width":0,"height":0},"classes":[]},{"id":31417,"url":"https:\/\/sakaba.mghosteur.com\/en\/product\/paulas-choice-the-unscrub\/","url_meta":{"origin":26344,"position":3},"title":"Paula&#8217;s Choice The UnScrub","author":"admin","date":"May 10, 2024","format":false,"excerpt":"Le UnScrub Ce gommage visage unique en son genre \u00e9limine en douceur le maquillage, la cr\u00e8me solaire et les impuret\u00e9s tout en renouvelant la peau avec des perles de jojoba rondes et biod\u00e9gradables. Nettoie en profondeur sans perturber la barri\u00e8re cutan\u00e9e Les perles naturelles et dissolvables nettoient d\u00e9licatement la peau\u2026","rel":"","context":"Similar post","block_context":{"text":"Similar post","link":""},"img":{"alt_text":"","src":"","width":0,"height":0},"classes":[]},{"id":31523,"url":"https:\/\/sakaba.mghosteur.com\/en\/product\/vaseline-daily-brightening-even-tone-lotion-200ml\/","url_meta":{"origin":26344,"position":4},"title":"VASELINE DAILY BRIGHTENING EVEN TONE LOTION 200ML","author":"admin","date":"May 10, 2024","format":false,"excerpt":"VASELINE DAILY BRIGHTENING LOTION D\u00e9tails La lotion Vaseline Healthy Bright est reconnue comme l'une des meilleures lotions \u00e9claircissantes pour la peau, aidant \u00e0 soigner* la peau s\u00e8che et endommag\u00e9e tout en restaurant naturellement son \u00e9clat en seulement 2 semaines. Avantages Obtenez une peau radieuse en seulement 2 semaines. Une lotion\u2026","rel":"","context":"Similar post","block_context":{"text":"Similar post","link":""},"img":{"alt_text":"","src":"","width":0,"height":0},"classes":[]},{"id":26351,"url":"https:\/\/sakaba.mghosteur.com\/en\/product\/paula-choice-clear-60ml-2\/","url_meta":{"origin":26344,"position":5},"title":"PAULA CHOICE CLEAR Oil-Free Moisturizer","author":"admin","date":"November 25, 2022","format":false,"excerpt":"Le Oil-Free Moisturizer de la marque Paula's Choice est un hydratant l\u00e9ger et sans huile sp\u00e9cialement formul\u00e9 pour les peaux sujettes aux imperfections. Ce produit fournit une hydratation apaisante qui n'obstrue pas les pores et ne provoque pas d'\u00e9ruptions cutan\u00e9es. La niacinamide contenue dans la formule aide \u00e0 minimiser les\u2026","rel":"","context":"Similar post","block_context":{"text":"Similar post","link":""},"img":{"alt_text":"","src":"","width":0,"height":0},"classes":[]}],"_links":{"self":[{"href":"https:\/\/sakaba.mghosteur.com\/en\/wp-json\/wp\/v2\/product\/26344","targetHints":{"allow":["GET"]}}],"collection":[{"href":"https:\/\/sakaba.mghosteur.com\/en\/wp-json\/wp\/v2\/product"}],"about":[{"href":"https:\/\/sakaba.mghosteur.com\/en\/wp-json\/wp\/v2\/types\/product"}],"replies":[{"embeddable":true,"href":"https:\/\/sakaba.mghosteur.com\/en\/wp-json\/wp\/v2\/comments?post=26344"}],"version-history":[{"count":0,"href":"https:\/\/sakaba.mghosteur.com\/en\/wp-json\/wp\/v2\/product\/26344\/revisions"}],"wp:attachment":[{"href":"https:\/\/sakaba.mghosteur.com\/en\/wp-json\/wp\/v2\/media?parent=26344"}],"wp:term":[{"taxonomy":"product_brand","embeddable":true,"href":"https:\/\/sakaba.mghosteur.com\/en\/wp-json\/wp\/v2\/product_brand?post=26344"},{"taxonomy":"product_cat","embeddable":true,"href":"https:\/\/sakaba.mghosteur.com\/en\/wp-json\/wp\/v2\/product_cat?post=26344"},{"taxonomy":"product_tag","embeddable":true,"href":"https:\/\/sakaba.mghosteur.com\/en\/wp-json\/wp\/v2\/product_tag?post=26344"}],"curies":[{"name":"wp","href":"https:\/\/api.w.org\/{rel}","templated":true}]}}